{"id":963,"date":"2016-12-15T20:55:33","date_gmt":"2016-12-15T19:55:33","guid":{"rendered":"http:\/\/arbresvenerables.arborethic.com\/blog\/?page_id=963"},"modified":"2018-07-29T09:52:00","modified_gmt":"2018-07-29T08:52:00","slug":"contactez-moi","status":"publish","type":"page","link":"https:\/\/arbresvenerables.arborethic.com\/blog\/index.php\/contactez-moi\/","title":{"rendered":"Contactez-moi"},"content":{"rendered":"<p>J&rsquo;aimerais mieux vous conna\u00eetre, et peut \u00eatre avez-vous des arbres \u00e0 m&rsquo;indiquer&#8230;<\/p>\n<p>Alors n&rsquo;h\u00e9sitez pas \u00e0 remplir ce formulaire ci dessous, merci \u00e0 vous ! A tr\u00e8s bient\u00f4t.<\/p>\n<p>Sinon voici o\u00f9 me trouver :<\/p>\n<p><strong>J\u00e9r\u00f4me Hutin &#8211; 4 rue de la Libert\u00e9 &#8211; 24120 &#8211; en haut et \u00e0 droite de la place du Commandeur Bouquier ( avec arcades gothiques !) &#8211; Terrasson &#8211; T\u00e9l : 06 19 77 28 08<\/strong><\/p>\n<div class=\"frm_forms  with_frm_style frm_style_style-formidable\" id=\"frm_form_3_container\" >\n<form enctype=\"multipart\/form-data\" method=\"post\" class=\"frm-show-form \" id=\"form_contact2\" >\n<div class=\"frm_form_fields \">\n<fieldset>\n<legend class=\"frm_hidden\">Contactez J\u00e9r\u00f4me Hutin<\/legend>\r\n\r\n<div class=\"frm_fields_container\">\n<input type=\"hidden\" name=\"frm_action\" value=\"create\" \/>\n<input type=\"hidden\" name=\"form_id\" value=\"3\" \/>\n<input type=\"hidden\" name=\"frm_hide_fields_3\" id=\"frm_hide_fields_3\" value=\"\" \/>\n<input type=\"hidden\" name=\"form_key\" value=\"contact2\" \/>\n<input type=\"hidden\" name=\"item_meta[0]\" value=\"\" \/>\n<input type=\"hidden\" id=\"frm_submit_entry_3\" name=\"frm_submit_entry_3\" value=\"2a8b47db2c\" \/><input type=\"hidden\" name=\"_wp_http_referer\" value=\"\/blog\/index.php\/wp-json\/wp\/v2\/pages\/963\" \/><div id=\"frm_field_8_container\" class=\"frm_form_field form-field  frm_required_field frm_top_container frm_full\">\r\n    <label for=\"field_qh4icy2\" class=\"frm_primary_label\">Pr\u00e9nom &amp; Nom\r\n        <span class=\"frm_required\">*<\/span>\r\n    <\/label>\r\n    <input type=\"text\" id=\"field_qh4icy2\" name=\"item_meta[8]\" value=\"\"  data-reqmsg=\"Ce champ ne peut pas \u00eatre vide\" aria-required=\"true\" data-invmsg=\"Pr\u00e9nom &amp; Nom est non valide\" aria-invalid=\"false\"   aria-describedby=\"frm_desc_field_qh4icy2\"\/>\r\n    <div id=\"frm_desc_field_qh4icy2\" class=\"frm_description\">First and family name<\/div>\r\n    \r\n<\/div>\n<div id=\"frm_field_10_container\" class=\"frm_form_field form-field  frm_required_field frm_top_container frm_full\">\r\n    <label for=\"field_29yf4d2\" class=\"frm_primary_label\">Email\r\n        <span class=\"frm_required\">*<\/span>\r\n    <\/label>\r\n    <input type=\"email\" id=\"field_29yf4d2\" name=\"item_meta[10]\" value=\"\"  data-reqmsg=\"Ce champ ne peut pas \u00eatre vide\" aria-required=\"true\" data-invmsg=\"Please enter a valid email address\" aria-invalid=\"false\"  \/>\r\n    \r\n    \r\n<\/div>\n<div id=\"frm_field_11_container\" class=\"frm_form_field form-field  frm_top_container frm_full\">\r\n    <label for=\"field_itt5me2\" class=\"frm_primary_label\">Votre site internet\r\n        <span class=\"frm_required\"><\/span>\r\n    <\/label>\r\n    <input type=\"url\" id=\"field_itt5me2\" name=\"item_meta[11]\" value=\"\"  data-invmsg=\"Please enter a valid website\" aria-invalid=\"false\"  \/>\r\n    \r\n    \r\n<\/div>\n<div id=\"frm_field_12_container\" class=\"frm_form_field form-field  frm_required_field frm_top_container frm_full\">\r\n    <label for=\"field_e6lis62\" class=\"frm_primary_label\">Objet de votre courrier\r\n        <span class=\"frm_required\">*<\/span>\r\n    <\/label>\r\n    <input type=\"text\" id=\"field_e6lis62\" name=\"item_meta[12]\" value=\"\"  data-reqmsg=\"Ce champ ne peut pas \u00eatre vide\" aria-required=\"true\" data-invmsg=\"Objet de votre courrier est non valide\" aria-invalid=\"false\"  \/>\r\n    \r\n    \r\n<\/div>\n<div id=\"frm_field_13_container\" class=\"frm_form_field form-field  frm_required_field frm_top_container frm_full\">\r\n    <label for=\"field_9jv0r12\" class=\"frm_primary_label\">Message\r\n        <span class=\"frm_required\">*<\/span>\r\n    <\/label>\r\n    <textarea name=\"item_meta[13]\" id=\"field_9jv0r12\" rows=\"5\"  data-reqmsg=\"Ce champ ne peut pas \u00eatre vide\" aria-required=\"true\" data-invmsg=\"Message est non valide\" aria-invalid=\"false\"  ><\/textarea>\r\n    \r\n    \r\n<\/div>\n\t<input type=\"hidden\" name=\"item_key\" value=\"\" \/>\n\t\t\t<div id=\"frm_field_14_container\">\n\t\t\t<label for=\"field_a0ri7\" >\n\t\t\t\tSi vous \u00eates un humain, ne remplissez pas ce champ.\t\t\t<\/label>\n\t\t\t<input  id=\"field_a0ri7\" type=\"text\" class=\"frm_form_field form-field frm_verify\" name=\"item_meta[14]\" value=\"\"  \/>\n\t\t<\/div>\n\t\t<input name=\"frm_state\" type=\"hidden\" value=\"sxCrjmFJdP2iDKKuphPk4ycaf3QUl1242rPqb07Ierc=\" \/><div class=\"frm_submit\">\r\n\r\n<input type=\"submit\" value=\"Envoyer\"  \/>\r\n<img class=\"frm_ajax_loading\" src=\"https:\/\/arbresvenerables.arborethic.com\/blog\/wp-content\/plugins\/formidable\/images\/ajax_loader.gif\" alt=\"Envoi\"\/>\r\n\r\n<\/div><\/div>\n<\/fieldset>\n<\/div>\n<script type=\"text\/javascript\">var input = document.createElement('input');\n    input.setAttribute('type', 'hidden');\n    input.setAttribute('name', 'ct_checkjs_frm');\n    input.setAttribute('value', '326887925');\n    for (i = 0; i < document.forms.length; i++) {\n        if (typeof document.forms[i].id == 'string'){\n\t\t\tif(document.forms[i].id.search('form_contact2') != -1) {\n            document.forms[i].appendChild(input);\n\t\t\t}\n        }\n    }<\/script>\n\n<p style=\"display: none !important;\" class=\"akismet-fields-container\" data-prefix=\"ak_\"><label>&#916;<textarea name=\"ak_hp_textarea\" cols=\"45\" rows=\"8\" maxlength=\"100\"><\/textarea><\/label><input type=\"hidden\" id=\"ak_js_1\" name=\"ak_js\" value=\"137\"\/><script>document.getElementById( \"ak_js_1\" ).setAttribute( \"value\", ( new Date() ).getTime() );<\/script><\/p><\/form>\n<\/div>\n\r\n\t\t\t<script>\r\n\t\t\tif ( typeof huOptions !== 'undefined' ) {\r\n\t\t\t\tvar huFormData = {\"source\":\"formidableforms\",\"id\":\"3\",\"title\":\"Contactez J\\u00e9r\\u00f4me Hutin\",\"fields\":{\"subject\":[],\"preferences\":[]}};\r\n\t\t\t\tvar huFormNode = document.querySelector( '#frm_form_3_container form' );\r\n\r\n\t\t\t\thuFormData['node'] = huFormNode;\r\n\t\t\t\thuOptions['forms'].push( huFormData );\r\n\t\t\t}\r\n\t\t\t<\/script>\n","protected":false},"excerpt":{"rendered":"<p>J&rsquo;aimerais mieux vous conna\u00eetre, et peut \u00eatre avez-vous des arbres \u00e0 m&rsquo;indiquer&#8230; Alors n&rsquo;h\u00e9sitez pas \u00e0 remplir ce formulaire ci dessous, merci \u00e0 vous ! A tr\u00e8s bient\u00f4t. Sinon voici o\u00f9 me trouver : J\u00e9r\u00f4me Hutin &#8211; 4 rue de la Libert\u00e9 &#8211; 24120&#8230;<\/p>\n","protected":false},"author":1,"featured_media":0,"parent":0,"menu_order":0,"comment_status":"closed","ping_status":"closed","template":"","meta":{"_mi_skip_tracking":false,"_monsterinsights_sitenote_active":false,"_monsterinsights_sitenote_note":"","_monsterinsights_sitenote_category":0},"_links":{"self":[{"href":"https:\/\/arbresvenerables.arborethic.com\/blog\/index.php\/wp-json\/wp\/v2\/pages\/963"}],"collection":[{"href":"https:\/\/arbresvenerables.arborethic.com\/blog\/index.php\/wp-json\/wp\/v2\/pages"}],"about":[{"href":"https:\/\/arbresvenerables.arborethic.com\/blog\/index.php\/wp-json\/wp\/v2\/types\/page"}],"author":[{"embeddable":true,"href":"https:\/\/arbresvenerables.arborethic.com\/blog\/index.php\/wp-json\/wp\/v2\/users\/1"}],"replies":[{"embeddable":true,"href":"https:\/\/arbresvenerables.arborethic.com\/blog\/index.php\/wp-json\/wp\/v2\/comments?post=963"}],"version-history":[{"count":14,"href":"https:\/\/arbresvenerables.arborethic.com\/blog\/index.php\/wp-json\/wp\/v2\/pages\/963\/revisions"}],"predecessor-version":[{"id":3270,"href":"https:\/\/arbresvenerables.arborethic.com\/blog\/index.php\/wp-json\/wp\/v2\/pages\/963\/revisions\/3270"}],"wp:attachment":[{"href":"https:\/\/arbresvenerables.arborethic.com\/blog\/index.php\/wp-json\/wp\/v2\/media?parent=963"}],"curies":[{"name":"wp","href":"https:\/\/api.w.org\/{rel}","templated":true}]}}