{"id":96,"date":"2016-12-13T13:26:13","date_gmt":"2016-12-13T12:26:13","guid":{"rendered":"http:\/\/arbresvenerables.arborethic.com\/blog\/?page_id=96"},"modified":"2018-05-16T18:32:21","modified_gmt":"2018-05-16T17:32:21","slug":"projections-geantes","status":"publish","type":"page","link":"https:\/\/arbresvenerables.arborethic.com\/blog\/index.php\/projections-geantes\/","title":{"rendered":"Projections g\u00e9antes"},"content":{"rendered":"<h2>Pour de grands \u00e9v\u00e8nements, de grandes images d&rsquo;arbres sur VOS b\u00e2timents les plus c\u00e9l\u00e8bres ! (ch\u00e2teaux, \u00e9glises, abbayes&#8230;)<\/h2>\n<h2><a href=\"http:\/\/arbresvenerables.arborethic.com\/blog\/wp-content\/uploads\/2016\/12\/brantome_montage.jpg\"><img decoding=\"async\" loading=\"lazy\" class=\"aligncenter size-full wp-image-99\" src=\"http:\/\/arbresvenerables.arborethic.com\/blog\/wp-content\/uploads\/2016\/12\/brantome_montage.jpg\" alt=\"\" width=\"960\" height=\"637\" srcset=\"https:\/\/arbresvenerables.arborethic.com\/blog\/wp-content\/uploads\/2016\/12\/brantome_montage.jpg 960w, https:\/\/arbresvenerables.arborethic.com\/blog\/wp-content\/uploads\/2016\/12\/brantome_montage-300x199.jpg 300w, https:\/\/arbresvenerables.arborethic.com\/blog\/wp-content\/uploads\/2016\/12\/brantome_montage-768x510.jpg 768w\" sizes=\"(max-width: 960px) 100vw, 960px\" \/><\/a><\/h2>\n<h2 style=\"text-align: center;\"><strong><span style=\"text-decoration: underline;\">Projections g\u00e9antes<\/span> <\/strong><\/h2>\n<p>&nbsp;<\/p>\n<h2 style=\"text-align: center;\"><strong>Projection g\u00e9ante \u00ab\u00a0Arbres &amp; Nature\u00a0\u00bb sur l&rsquo;Eglise Saint Pierre \u00e0 Gourdon (Lot)<\/strong><\/h2>\n<p>Apr\u00e8s 15 jours d&rsquo;exposition des artisans d&rsquo;art \u00e0 <strong>Bois Passion 2018 \u00e0 Gourdon du 27 avril au 13 mai 2018<\/strong>, le final fut <span style=\"text-decoration: underline;\"><strong>une splendide projection g\u00e9ante des arbres v\u00e9n\u00e9rables<\/strong><\/span>. La <strong>conception sc\u00e9nique fut de Bernard Maciel \u00ab\u00a0<a href=\"http:\/\/www.lescouleursdelanuit.com\/\" target=\"_blank\" rel=\"noopener\">Les Couleurs de la Nuit<\/a>\u00ab\u00a0<\/strong> et les <strong>photos des arbres du monde, du P\u00e9rigord et du Lot sont de J\u00e9r\u00f4me Hutin.<\/strong><\/p>\n<p>Un moment exceptionnel ces samedi 12 et dimanche 13 mai 2018 sur le parvis de l&rsquo;\u00e9glise Saint Pierre.<\/p>\n<p>En premi\u00e8re partie <strong>Jean-Claude Huc<\/strong> raconta les<strong> Contes Bois\u00e9s.<\/strong><\/p>\n<p><strong>Voici deux vid\u00e9os en ligne<\/strong> que vous pouvez visualiser et partager !<\/p>\n<p>Arbor&rsquo;Ethiquement,<\/p>\n<p><strong>J\u00e9r\u00f4me Hutin<\/strong><\/p>\n<p>&nbsp;<\/p>\n<p><iframe loading=\"lazy\" title=\"Bois Passion Jean claude Huc HUT 2044\" width=\"760\" height=\"428\" src=\"https:\/\/www.youtube.com\/embed\/AeTi3NlNOlM?feature=oembed\" frameborder=\"0\" allow=\"accelerometer; autoplay; clipboard-write; encrypted-media; gyroscope; picture-in-picture; web-share\" allowfullscreen><\/iframe><\/p>\n<p><iframe loading=\"lazy\" title=\"Projection geante &quot; Arbres &amp; Nature&quot; sur l&#039;\u00e9glise Saint Pierre de Gourdon 12 &amp; 13 mai 2018\" width=\"760\" height=\"428\" src=\"https:\/\/www.youtube.com\/embed\/8yOGk6TIfAo?feature=oembed\" frameborder=\"0\" allow=\"accelerometer; autoplay; clipboard-write; encrypted-media; gyroscope; picture-in-picture; web-share\" allowfullscreen><\/iframe><\/p>\n<p>&nbsp;<\/p>\n<p>&nbsp;<\/p>\n<p>&nbsp;<\/p>\n<p><strong>TERRASSON EN LUMIERE<\/strong> 13 Ao\u00fbt <strong>2104<\/strong><\/p>\n<p><strong>J\u00e9r\u00f4me fut \u00e0 l\u2019initiative de la toute premi\u00e8re projection g\u00e9ante sur l\u2019\u00e9glise de Terrasson. Une Projection grandiose sur l\u2019\u00e9glise Saint Sour.<\/strong><\/p>\n<p>Photographies originales de J\u00e9r\u00f4me Hutin<\/p>\n<div id='gallery-1' class='gallery galleryid-96 gallery-columns-3 gallery-size-large'><figure class='gallery-item'>\n\t\t\t<div class='gallery-icon portrait'>\n\t\t\t\t<a href='https:\/\/arbresvenerables.arborethic.com\/blog\/index.php\/projections-geantes\/attachment\/1\/'><img width=\"638\" height=\"960\" src=\"https:\/\/arbresvenerables.arborethic.com\/blog\/wp-content\/uploads\/2016\/12\/1.jpg\" class=\"attachment-large size-large\" alt=\"\" decoding=\"async\" loading=\"lazy\" srcset=\"https:\/\/arbresvenerables.arborethic.com\/blog\/wp-content\/uploads\/2016\/12\/1.jpg 638w, https:\/\/arbresvenerables.arborethic.com\/blog\/wp-content\/uploads\/2016\/12\/1-199x300.jpg 199w\" sizes=\"(max-width: 638px) 100vw, 638px\" \/><\/a>\n\t\t\t<\/div><\/figure><figure class='gallery-item'>\n\t\t\t<div class='gallery-icon portrait'>\n\t\t\t\t<a href='https:\/\/arbresvenerables.arborethic.com\/blog\/index.php\/projections-geantes\/attachment\/2\/'><img width=\"638\" height=\"960\" src=\"https:\/\/arbresvenerables.arborethic.com\/blog\/wp-content\/uploads\/2016\/12\/2.jpg\" class=\"attachment-large size-large\" alt=\"\" decoding=\"async\" loading=\"lazy\" srcset=\"https:\/\/arbresvenerables.arborethic.com\/blog\/wp-content\/uploads\/2016\/12\/2.jpg 638w, https:\/\/arbresvenerables.arborethic.com\/blog\/wp-content\/uploads\/2016\/12\/2-199x300.jpg 199w\" sizes=\"(max-width: 638px) 100vw, 638px\" \/><\/a>\n\t\t\t<\/div><\/figure><figure class='gallery-item'>\n\t\t\t<div class='gallery-icon portrait'>\n\t\t\t\t<a href='https:\/\/arbresvenerables.arborethic.com\/blog\/index.php\/projections-geantes\/attachment\/3\/'><img width=\"638\" height=\"960\" src=\"https:\/\/arbresvenerables.arborethic.com\/blog\/wp-content\/uploads\/2016\/12\/3.jpg\" class=\"attachment-large size-large\" alt=\"\" decoding=\"async\" loading=\"lazy\" srcset=\"https:\/\/arbresvenerables.arborethic.com\/blog\/wp-content\/uploads\/2016\/12\/3.jpg 638w, https:\/\/arbresvenerables.arborethic.com\/blog\/wp-content\/uploads\/2016\/12\/3-199x300.jpg 199w\" sizes=\"(max-width: 638px) 100vw, 638px\" \/><\/a>\n\t\t\t<\/div><\/figure><figure class='gallery-item'>\n\t\t\t<div class='gallery-icon portrait'>\n\t\t\t\t<a href='https:\/\/arbresvenerables.arborethic.com\/blog\/index.php\/projections-geantes\/attachment\/4\/'><img width=\"638\" height=\"960\" src=\"https:\/\/arbresvenerables.arborethic.com\/blog\/wp-content\/uploads\/2016\/12\/4.jpg\" class=\"attachment-large size-large\" alt=\"\" decoding=\"async\" loading=\"lazy\" srcset=\"https:\/\/arbresvenerables.arborethic.com\/blog\/wp-content\/uploads\/2016\/12\/4.jpg 638w, https:\/\/arbresvenerables.arborethic.com\/blog\/wp-content\/uploads\/2016\/12\/4-199x300.jpg 199w\" sizes=\"(max-width: 638px) 100vw, 638px\" \/><\/a>\n\t\t\t<\/div><\/figure><figure class='gallery-item'>\n\t\t\t<div class='gallery-icon portrait'>\n\t\t\t\t<a href='https:\/\/arbresvenerables.arborethic.com\/blog\/index.php\/projections-geantes\/attachment\/5\/'><img width=\"638\" height=\"960\" src=\"https:\/\/arbresvenerables.arborethic.com\/blog\/wp-content\/uploads\/2016\/12\/5.jpg\" class=\"attachment-large size-large\" alt=\"\" decoding=\"async\" loading=\"lazy\" srcset=\"https:\/\/arbresvenerables.arborethic.com\/blog\/wp-content\/uploads\/2016\/12\/5.jpg 638w, https:\/\/arbresvenerables.arborethic.com\/blog\/wp-content\/uploads\/2016\/12\/5-199x300.jpg 199w\" sizes=\"(max-width: 638px) 100vw, 638px\" \/><\/a>\n\t\t\t<\/div><\/figure><figure class='gallery-item'>\n\t\t\t<div class='gallery-icon portrait'>\n\t\t\t\t<a href='https:\/\/arbresvenerables.arborethic.com\/blog\/index.php\/projections-geantes\/attachment\/6\/'><img width=\"638\" height=\"960\" src=\"https:\/\/arbresvenerables.arborethic.com\/blog\/wp-content\/uploads\/2016\/12\/6.jpg\" class=\"attachment-large size-large\" alt=\"\" decoding=\"async\" loading=\"lazy\" srcset=\"https:\/\/arbresvenerables.arborethic.com\/blog\/wp-content\/uploads\/2016\/12\/6.jpg 638w, https:\/\/arbresvenerables.arborethic.com\/blog\/wp-content\/uploads\/2016\/12\/6-199x300.jpg 199w\" sizes=\"(max-width: 638px) 100vw, 638px\" \/><\/a>\n\t\t\t<\/div><\/figure><figure class='gallery-item'>\n\t\t\t<div class='gallery-icon portrait'>\n\t\t\t\t<a href='https:\/\/arbresvenerables.arborethic.com\/blog\/index.php\/projections-geantes\/attachment\/7\/'><img width=\"638\" height=\"960\" src=\"https:\/\/arbresvenerables.arborethic.com\/blog\/wp-content\/uploads\/2016\/12\/7.jpg\" class=\"attachment-large size-large\" alt=\"\" decoding=\"async\" loading=\"lazy\" srcset=\"https:\/\/arbresvenerables.arborethic.com\/blog\/wp-content\/uploads\/2016\/12\/7.jpg 638w, https:\/\/arbresvenerables.arborethic.com\/blog\/wp-content\/uploads\/2016\/12\/7-199x300.jpg 199w\" sizes=\"(max-width: 638px) 100vw, 638px\" \/><\/a>\n\t\t\t<\/div><\/figure><figure class='gallery-item'>\n\t\t\t<div class='gallery-icon portrait'>\n\t\t\t\t<a href='https:\/\/arbresvenerables.arborethic.com\/blog\/index.php\/projections-geantes\/attachment\/9\/'><img width=\"638\" height=\"960\" src=\"https:\/\/arbresvenerables.arborethic.com\/blog\/wp-content\/uploads\/2016\/12\/9.jpg\" class=\"attachment-large size-large\" alt=\"\" decoding=\"async\" loading=\"lazy\" srcset=\"https:\/\/arbresvenerables.arborethic.com\/blog\/wp-content\/uploads\/2016\/12\/9.jpg 638w, https:\/\/arbresvenerables.arborethic.com\/blog\/wp-content\/uploads\/2016\/12\/9-199x300.jpg 199w\" sizes=\"(max-width: 638px) 100vw, 638px\" \/><\/a>\n\t\t\t<\/div><\/figure><figure class='gallery-item'>\n\t\t\t<div class='gallery-icon portrait'>\n\t\t\t\t<a href='https:\/\/arbresvenerables.arborethic.com\/blog\/index.php\/projections-geantes\/attachment\/12\/'><img width=\"638\" height=\"960\" src=\"https:\/\/arbresvenerables.arborethic.com\/blog\/wp-content\/uploads\/2016\/12\/12.jpg\" class=\"attachment-large size-large\" alt=\"\" decoding=\"async\" loading=\"lazy\" srcset=\"https:\/\/arbresvenerables.arborethic.com\/blog\/wp-content\/uploads\/2016\/12\/12.jpg 638w, https:\/\/arbresvenerables.arborethic.com\/blog\/wp-content\/uploads\/2016\/12\/12-199x300.jpg 199w\" sizes=\"(max-width: 638px) 100vw, 638px\" \/><\/a>\n\t\t\t<\/div><\/figure><figure class='gallery-item'>\n\t\t\t<div class='gallery-icon landscape'>\n\t\t\t\t<a href='https:\/\/arbresvenerables.arborethic.com\/blog\/index.php\/projections-geantes\/attachment\/13\/'><img width=\"760\" height=\"505\" src=\"https:\/\/arbresvenerables.arborethic.com\/blog\/wp-content\/uploads\/2016\/12\/13.jpg\" class=\"attachment-large size-large\" alt=\"\" decoding=\"async\" loading=\"lazy\" srcset=\"https:\/\/arbresvenerables.arborethic.com\/blog\/wp-content\/uploads\/2016\/12\/13.jpg 960w, https:\/\/arbresvenerables.arborethic.com\/blog\/wp-content\/uploads\/2016\/12\/13-300x199.jpg 300w, https:\/\/arbresvenerables.arborethic.com\/blog\/wp-content\/uploads\/2016\/12\/13-768x510.jpg 768w\" sizes=\"(max-width: 760px) 100vw, 760px\" \/><\/a>\n\t\t\t<\/div><\/figure><figure class='gallery-item'>\n\t\t\t<div class='gallery-icon landscape'>\n\t\t\t\t<a href='https:\/\/arbresvenerables.arborethic.com\/blog\/index.php\/projections-geantes\/attachment\/16\/'><img width=\"760\" height=\"505\" src=\"https:\/\/arbresvenerables.arborethic.com\/blog\/wp-content\/uploads\/2016\/12\/16.jpg\" class=\"attachment-large size-large\" alt=\"\" decoding=\"async\" loading=\"lazy\" srcset=\"https:\/\/arbresvenerables.arborethic.com\/blog\/wp-content\/uploads\/2016\/12\/16.jpg 960w, https:\/\/arbresvenerables.arborethic.com\/blog\/wp-content\/uploads\/2016\/12\/16-300x199.jpg 300w, https:\/\/arbresvenerables.arborethic.com\/blog\/wp-content\/uploads\/2016\/12\/16-768x510.jpg 768w\" sizes=\"(max-width: 760px) 100vw, 760px\" \/><\/a>\n\t\t\t<\/div><\/figure><figure class='gallery-item'>\n\t\t\t<div class='gallery-icon landscape'>\n\t\t\t\t<a href='https:\/\/arbresvenerables.arborethic.com\/blog\/index.php\/projections-geantes\/attachment\/18\/'><img width=\"760\" height=\"505\" src=\"https:\/\/arbresvenerables.arborethic.com\/blog\/wp-content\/uploads\/2016\/12\/18.jpg\" class=\"attachment-large size-large\" alt=\"\" decoding=\"async\" loading=\"lazy\" srcset=\"https:\/\/arbresvenerables.arborethic.com\/blog\/wp-content\/uploads\/2016\/12\/18.jpg 960w, https:\/\/arbresvenerables.arborethic.com\/blog\/wp-content\/uploads\/2016\/12\/18-300x199.jpg 300w, https:\/\/arbresvenerables.arborethic.com\/blog\/wp-content\/uploads\/2016\/12\/18-768x510.jpg 768w\" sizes=\"(max-width: 760px) 100vw, 760px\" \/><\/a>\n\t\t\t<\/div><\/figure><figure class='gallery-item'>\n\t\t\t<div class='gallery-icon landscape'>\n\t\t\t\t<a href='https:\/\/arbresvenerables.arborethic.com\/blog\/index.php\/projections-geantes\/attachment\/19\/'><img width=\"760\" height=\"505\" src=\"https:\/\/arbresvenerables.arborethic.com\/blog\/wp-content\/uploads\/2016\/12\/19.jpg\" class=\"attachment-large size-large\" alt=\"\" decoding=\"async\" loading=\"lazy\" srcset=\"https:\/\/arbresvenerables.arborethic.com\/blog\/wp-content\/uploads\/2016\/12\/19.jpg 960w, https:\/\/arbresvenerables.arborethic.com\/blog\/wp-content\/uploads\/2016\/12\/19-300x199.jpg 300w, https:\/\/arbresvenerables.arborethic.com\/blog\/wp-content\/uploads\/2016\/12\/19-768x510.jpg 768w\" sizes=\"(max-width: 760px) 100vw, 760px\" \/><\/a>\n\t\t\t<\/div><\/figure>\n\t\t<\/div>\n\n<p>Le 13 Ao\u00fbt 2014, J\u00e9r\u00f4me Hutin a projet\u00e9 ses photographies d\u2019arbres v\u00e9n\u00e9rables sur la grandiose \u00e9glise Saint Sour de Terrasson-Lavilledieu. C\u2019\u00e9tait un \u00e9v\u00e9nement unique exceptionnel, grandiose ! Cette projection fut financ\u00e9e par la municipalit\u00e9 et r\u00e9alis\u00e9e par Ad-Lib Cr\u00e9ations. J\u00e9r\u00f4me Hutin en a r\u00e9alis\u00e9 un livre que vous pouvez lui commander en direct et aussi sur sa boutique Arbor\u2019Ethic.<\/p>\n<p><strong>Cliquez pour visualiser le livre.<\/strong><a target=\"_new\"> <img decoding=\"async\" src=\"http:\/\/www.blurb.fr\/images\/uploads2\/catalog\/002\/503\/215\/6059533-f08b873b5bf38f1b54deb5c17b178d2f.jpg\" alt=\"\" \/> <\/a><\/p>\n<p><a href=\"http:\/\/www.blurb.fr\/b\/5627049-terrasson-en-lumi-re-projection-monumentale-sur-l\" target=\"_blank\" rel=\"noopener\">Terrasson en lumi\u00e8re Projection monumentale sur l\u2019Eglise Saint SourbyPhotographies originales de J\u00e9r\u00f4me Hutin<\/a> | <a href=\"http:\/\/www.blurb.fr\/landing_pages\/bookshow\" target=\"_blank\" rel=\"noopener\">Cr\u00e9ez votre propre livre<\/a>\u00a0D\u2019autres projections ont \u00e9t\u00e9 r\u00e9alis\u00e9e en 2015 et 2016 avec du vid\u00e9o mapping mais <strong>sans J\u00e9r\u00f4me Hutin<\/strong>.\u00a0 J\u00e9r\u00f4me reste fier d\u2019avoir ouvert la porte de Pandor \u00e0 la municipalit\u00e9 !<\/p>\n<p><a href=\"http:\/\/arborethic.com\/Jeromehutin\/wp-content\/uploads\/2016\/08\/eglise_terrasson_videomapping.jpg\"><img decoding=\"async\" loading=\"lazy\" class=\"size-large wp-image-293\" src=\"http:\/\/arborethic.com\/Jeromehutin\/wp-content\/uploads\/2016\/08\/eglise_terrasson_videomapping-1024x761.jpg\" sizes=\"(max-width: 700px) 100vw, 700px\" srcset=\"http:\/\/arborethic.com\/Jeromehutin\/wp-content\/uploads\/2016\/08\/eglise_terrasson_videomapping-1024x761.jpg 1024w, http:\/\/arborethic.com\/Jeromehutin\/wp-content\/uploads\/2016\/08\/eglise_terrasson_videomapping-300x223.jpg 300w, http:\/\/arborethic.com\/Jeromehutin\/wp-content\/uploads\/2016\/08\/eglise_terrasson_videomapping-768x571.jpg 768w\" alt=\"chene a Azerat , au dessus de l'eglise. Il domine toute la vallee ! et mesure 4,60 metres de tour. J'ai realise cette photographie en pose longue et en utilisant une torche pour ecrire &quot;Namaste&quot;. Ce qui signifie &quot;Merci&quot;.\" width=\"700\" height=\"520\" \/><\/a><\/p>\n<p><strong>Petite projection conf\u00e9rence sur le th\u00e8me des Arbres V\u00e9n\u00e9rables<\/strong><strong>.<\/strong><\/p>\n<p>J\u00e9r\u00f4me Hutin propose une petite projection pour les \u00e9coles, les coll\u00e8ges, lyc\u00e9es ainsi que pour le public en g\u00e9n\u00e9ral.<\/p>\n<ul>\n<li><strong>350 euro HT\/ Projection &amp; prise en charge des d\u00e9placements de l\u2019auteur (d\u00e9placement + h\u00f4tel + restaurant)<\/strong><\/li>\n<li>Dur\u00e9e en 1h et 2h avec discussion d\u00e9bat possible, avec d\u2019autres intervenants.<\/li>\n<li>Tout public, \u00e9coles, coll\u00e8ges, lyc\u00e9es, universit\u00e9s.<\/li>\n<li>Th\u00e8me \u00ab\u00a0les Arbres V\u00e9n\u00e9rables\u00a0\u00bb, mais aussi \u00ab\u00a0quel est la place de l\u2019arbre en milieu urbain ou \u00e0 la campagne\u00a0?\u00a0\u00bb<\/li>\n<\/ul>\n<p><strong>Projection g\u00e9ante en ext\u00e9rieur et conf\u00e9rence sur le th\u00e8me des Arbres V\u00e9n\u00e9rables et de la for\u00eat.<\/strong><strong>\u00a0<\/strong><\/p>\n<p>J\u00e9r\u00f4me Hutin, sur demande exclusive, peut vous proposer une ou plusieurs projections g\u00e9antes sur des b\u00e2timents de votre ville. <strong>Demander un devis<\/strong> \u00e0 <a href=\"mailto:arbres-venerables@orange.fr\">arbres-venerables@orange.fr<\/a><\/p>\n<p>&nbsp;<\/p>\n<p><img decoding=\"async\" loading=\"lazy\" class=\"aligncenter size-large wp-image-2166\" src=\"http:\/\/arbresvenerables.arborethic.com\/blog\/wp-content\/uploads\/2016\/12\/HUT0007_baobab_morondava_madagascar_jerome_hutin-1024x680.jpg\" alt=\"\" width=\"560\" height=\"372\" srcset=\"https:\/\/arbresvenerables.arborethic.com\/blog\/wp-content\/uploads\/2016\/12\/HUT0007_baobab_morondava_madagascar_jerome_hutin-1024x680.jpg 1024w, https:\/\/arbresvenerables.arborethic.com\/blog\/wp-content\/uploads\/2016\/12\/HUT0007_baobab_morondava_madagascar_jerome_hutin-300x199.jpg 300w, https:\/\/arbresvenerables.arborethic.com\/blog\/wp-content\/uploads\/2016\/12\/HUT0007_baobab_morondava_madagascar_jerome_hutin-768x510.jpg 768w, https:\/\/arbresvenerables.arborethic.com\/blog\/wp-content\/uploads\/2016\/12\/HUT0007_baobab_morondava_madagascar_jerome_hutin.jpg 1204w\" sizes=\"(max-width: 560px) 100vw, 560px\" \/><\/p>\n<p><img decoding=\"async\" loading=\"lazy\" class=\"aligncenter size-large wp-image-2167\" src=\"http:\/\/arbresvenerables.arborethic.com\/blog\/wp-content\/uploads\/2016\/12\/HUT0084_noyer_meinier_suisse_Jerome_Hutin.jpg\" alt=\"\" width=\"560\" height=\"843\" srcset=\"https:\/\/arbresvenerables.arborethic.com\/blog\/wp-content\/uploads\/2016\/12\/HUT0084_noyer_meinier_suisse_Jerome_Hutin.jpg 600w, https:\/\/arbresvenerables.arborethic.com\/blog\/wp-content\/uploads\/2016\/12\/HUT0084_noyer_meinier_suisse_Jerome_Hutin-199x300.jpg 199w\" sizes=\"(max-width: 560px) 100vw, 560px\" \/><\/p>\n<p><img decoding=\"async\" loading=\"lazy\" class=\"aligncenter size-large wp-image-2168\" src=\"http:\/\/arbresvenerables.arborethic.com\/blog\/wp-content\/uploads\/2016\/12\/HUT0143_projectiongeante_arbreslumieres_Jerome_Hutin-1024x680.jpg\" alt=\"\" width=\"560\" height=\"372\" srcset=\"https:\/\/arbresvenerables.arborethic.com\/blog\/wp-content\/uploads\/2016\/12\/HUT0143_projectiongeante_arbreslumieres_Jerome_Hutin-1024x680.jpg 1024w, https:\/\/arbresvenerables.arborethic.com\/blog\/wp-content\/uploads\/2016\/12\/HUT0143_projectiongeante_arbreslumieres_Jerome_Hutin-300x199.jpg 300w, https:\/\/arbresvenerables.arborethic.com\/blog\/wp-content\/uploads\/2016\/12\/HUT0143_projectiongeante_arbreslumieres_Jerome_Hutin-768x510.jpg 768w, https:\/\/arbresvenerables.arborethic.com\/blog\/wp-content\/uploads\/2016\/12\/HUT0143_projectiongeante_arbreslumieres_Jerome_Hutin.jpg 1204w\" sizes=\"(max-width: 560px) 100vw, 560px\" \/><\/p>\n<p><img decoding=\"async\" loading=\"lazy\" class=\"aligncenter size-large wp-image-2169\" src=\"http:\/\/arbresvenerables.arborethic.com\/blog\/wp-content\/uploads\/2016\/12\/HUT0147_projectiongeante_arbreslumieres_Jerome_Hutin-1024x680.jpg\" alt=\"\" width=\"560\" height=\"372\" srcset=\"https:\/\/arbresvenerables.arborethic.com\/blog\/wp-content\/uploads\/2016\/12\/HUT0147_projectiongeante_arbreslumieres_Jerome_Hutin-1024x680.jpg 1024w, https:\/\/arbresvenerables.arborethic.com\/blog\/wp-content\/uploads\/2016\/12\/HUT0147_projectiongeante_arbreslumieres_Jerome_Hutin-300x199.jpg 300w, https:\/\/arbresvenerables.arborethic.com\/blog\/wp-content\/uploads\/2016\/12\/HUT0147_projectiongeante_arbreslumieres_Jerome_Hutin-768x510.jpg 768w, https:\/\/arbresvenerables.arborethic.com\/blog\/wp-content\/uploads\/2016\/12\/HUT0147_projectiongeante_arbreslumieres_Jerome_Hutin.jpg 1204w\" sizes=\"(max-width: 560px) 100vw, 560px\" \/><\/p>\n<p><img decoding=\"async\" loading=\"lazy\" class=\"aligncenter size-large wp-image-2170\" src=\"http:\/\/arbresvenerables.arborethic.com\/blog\/wp-content\/uploads\/2016\/12\/Arbres__Lumieres_2010_Geneve_Suisse_web-1024x290.jpg\" alt=\"\" width=\"560\" height=\"159\" srcset=\"https:\/\/arbresvenerables.arborethic.com\/blog\/wp-content\/uploads\/2016\/12\/Arbres__Lumieres_2010_Geneve_Suisse_web-1024x290.jpg 1024w, https:\/\/arbresvenerables.arborethic.com\/blog\/wp-content\/uploads\/2016\/12\/Arbres__Lumieres_2010_Geneve_Suisse_web-300x85.jpg 300w, https:\/\/arbresvenerables.arborethic.com\/blog\/wp-content\/uploads\/2016\/12\/Arbres__Lumieres_2010_Geneve_Suisse_web-768x218.jpg 768w\" sizes=\"(max-width: 560px) 100vw, 560px\" \/><\/p>\n<p>Tout le mois de d\u00e9cembre 2010, J\u00e9r\u00f4me Hutin a particip\u00e9 au <strong>festival \u00ab\u00a0Arbres &amp; Lumi\u00e8res\u00a0\u00bb de Gen\u00e8ve<\/strong>. Ces photos ont \u00e9t\u00e9 projet\u00e9es en grand sur la fa\u00e7ade de la banque Clariden Leu, proche du pont du Mont Blanc, en bordure du Lac L\u00e9man.<\/p>\n<p><strong>PROJECTIONS D\u00e9bats conf\u00e9rences\u00a0:<\/strong><\/p>\n<p>Avec d\u2019\u00e9minentes personnalit\u00e9s du monde de la botanique tel que Francis Hall\u00e9, mais aussi Jean Fran\u00e7ois Breton (ancien jardinier en chef du jardin du S\u00e9nat \u00e0 Paris), Nous pourrions r\u00e9aliser des projections d\u00e9bats sur le th\u00e8me de l\u2019arbre et de sa place dans le milieu urbain. Ces d\u00e9bats pourraient \u00eatre li\u00e9s aux la chartes du Paysage et celles de l\u2019Arbre de votre ville.Si vos services veulent s\u2019occuper de la logistique et de l\u2019organisation d\u2019une telle projection, J\u00e9r\u00f4me Hutin vous mettra en relation avec des \u00e9quipes comp\u00e9tentes dans le domaine de la sc\u00e9nographie.<\/p>\n<p><strong>Droits de repr\u00e9sentation pour la projection sc\u00e9nographique\u00a0:<\/strong><\/p>\n<p><strong>7.000 euros TTC<\/strong>.<\/p>\n<p>+ la prestation \u00e0 d\u00e9finir pour l&rsquo;\u00e9quipe technique.<\/p>\n<p>J\u00e9r\u00f4me Hutin fournira les photos et fichiers n\u00e9cessaires pour une telle projection, et aura un droit de regard lors de la cr\u00e9ation de la projection.<\/p>\n<p>ET POURQUOI PAS A LA DEFENSE !!<\/p>\n<p>Contactez J\u00e9r\u00f4me : <strong>arbres-venerables@orange.fr<\/strong><\/p>\n","protected":false},"excerpt":{"rendered":"<p>Pour de grands \u00e9v\u00e8nements, de grandes images d&rsquo;arbres sur VOS b\u00e2timents les plus c\u00e9l\u00e8bres ! (ch\u00e2teaux, \u00e9glises, abbayes&#8230;) Projections g\u00e9antes &nbsp; Projection g\u00e9ante \u00ab\u00a0Arbres &amp; Nature\u00a0\u00bb sur l&rsquo;Eglise Saint Pierre \u00e0 Gourdon (Lot) Apr\u00e8s 15 jours d&rsquo;exposition des artisans d&rsquo;art \u00e0 Bois Passion 2018&#8230;<\/p>\n","protected":false},"author":1,"featured_media":2769,"parent":0,"menu_order":0,"comment_status":"closed","ping_status":"closed","template":"","meta":{"_mi_skip_tracking":false,"_monsterinsights_sitenote_active":false,"_monsterinsights_sitenote_note":"","_monsterinsights_sitenote_category":0},"_links":{"self":[{"href":"https:\/\/arbresvenerables.arborethic.com\/blog\/index.php\/wp-json\/wp\/v2\/pages\/96"}],"collection":[{"href":"https:\/\/arbresvenerables.arborethic.com\/blog\/index.php\/wp-json\/wp\/v2\/pages"}],"about":[{"href":"https:\/\/arbresvenerables.arborethic.com\/blog\/index.php\/wp-json\/wp\/v2\/types\/page"}],"author":[{"embeddable":true,"href":"https:\/\/arbresvenerables.arborethic.com\/blog\/index.php\/wp-json\/wp\/v2\/users\/1"}],"replies":[{"embeddable":true,"href":"https:\/\/arbresvenerables.arborethic.com\/blog\/index.php\/wp-json\/wp\/v2\/comments?post=96"}],"version-history":[{"count":4,"href":"https:\/\/arbresvenerables.arborethic.com\/blog\/index.php\/wp-json\/wp\/v2\/pages\/96\/revisions"}],"predecessor-version":[{"id":2770,"href":"https:\/\/arbresvenerables.arborethic.com\/blog\/index.php\/wp-json\/wp\/v2\/pages\/96\/revisions\/2770"}],"wp:featuredmedia":[{"embeddable":true,"href":"https:\/\/arbresvenerables.arborethic.com\/blog\/index.php\/wp-json\/wp\/v2\/media\/2769"}],"wp:attachment":[{"href":"https:\/\/arbresvenerables.arborethic.com\/blog\/index.php\/wp-json\/wp\/v2\/media?parent=96"}],"curies":[{"name":"wp","href":"https:\/\/api.w.org\/{rel}","templated":true}]}}