{"id":89,"date":"2016-12-13T01:01:26","date_gmt":"2016-12-13T00:01:26","guid":{"rendered":"http:\/\/arbresvenerables.arborethic.com\/blog\/?page_id=89"},"modified":"2023-01-31T00:37:33","modified_gmt":"2023-01-30T23:37:33","slug":"qui-est-jerome-hutin","status":"publish","type":"page","link":"https:\/\/arbresvenerables.arborethic.com\/blog\/index.php\/qui-est-jerome-hutin\/","title":{"rendered":"Qui est J\u00e9r\u00f4me Hutin ?"},"content":{"rendered":"<p><a href=\"http:\/\/vezere.org\/wp-content\/uploads\/2023\/01\/PA238391.jpg\"><img decoding=\"async\" loading=\"lazy\" class=\"wp-image-11546 alignright\" src=\"http:\/\/vezere.org\/wp-content\/uploads\/2023\/01\/PA238391.jpg\" alt=\"\" width=\"272\" height=\"376\" \/><\/a><\/p>\n<p>J\u00e9r\u00f4me Hutin , j&rsquo;avais 5 ou 6 ans !! le plus bel enfant du monde !!!!!<\/p>\n<p><strong>J\u00e9r\u00f4me Hutin<\/strong> est photographe depuis 1986. N\u00e9 dans les Vosges le 17 septembre 1967, de parents artisans d\u2019art, il vit en P\u00e9rigord depuis 1979.<\/p>\n<p>En 1971, toute la famille est partie vivre dans le <strong>ch\u00e2teau de Salomon pr\u00e8s de Fumel, Lot et Garonne<\/strong>, dans lequel vivent des grands c\u00e8dres, marronniers, tilleuls centenaires.<\/p>\n<p><em>Le 2 d\u00e9cembre 2017, avec le maire d&rsquo;Epinal (Vosges), nous avons d\u00e9cern\u00e9 une plaque comm\u00e9morative pour les 50 ans d&rsquo;un Saint Nicolas en c\u00e9ramique r\u00e9alis\u00e9 par mes parents Jean et Genevi\u00e8ve Hutin. Une oeuvre d&rsquo;art unique au monde.<\/em><\/p>\n<p><img decoding=\"async\" loading=\"lazy\" class=\"wp-image-2179 alignright\" src=\"http:\/\/arbresvenerables.arborethic.com\/blog\/wp-content\/uploads\/2016\/12\/18052014-IMG_2013-1024x683.jpg\" sizes=\"(max-width: 305px) 100vw, 305px\" srcset=\"http:\/\/arbresvenerables.arborethic.com\/blog\/wp-content\/uploads\/2016\/12\/18052014-IMG_2013-1024x683.jpg 1024w, http:\/\/arbresvenerables.arborethic.com\/blog\/wp-content\/uploads\/2016\/12\/18052014-IMG_2013-300x200.jpg 300w, http:\/\/arbresvenerables.arborethic.com\/blog\/wp-content\/uploads\/2016\/12\/18052014-IMG_2013-768x512.jpg 768w\" alt=\"\" width=\"305\" height=\"204\" \/><\/p>\n<p><a href=\"http:\/\/vezere.org\/wp-content\/uploads\/2023\/01\/P_20210615_192224.jpg\"><img decoding=\"async\" loading=\"lazy\" class=\"aligncenter wp-image-11523\" src=\"http:\/\/vezere.org\/wp-content\/uploads\/2023\/01\/P_20210615_192224-768x1024.jpg\" alt=\"\" width=\"293\" height=\"391\" \/><\/a><\/p>\n<p><a href=\"http:\/\/vezere.org\/wp-content\/uploads\/2023\/01\/Monde_Arbres_venerables_80x100bis.jpg\"><img decoding=\"async\" loading=\"lazy\" class=\"aligncenter size-large wp-image-11547\" src=\"http:\/\/vezere.org\/wp-content\/uploads\/2023\/01\/Monde_Arbres_venerables_80x100bis-1024x860.jpg\" alt=\"\" width=\"960\" height=\"806\" \/><\/a><\/p>\n<p><strong>De 1996 \u00e0 2002<\/strong>, avec le soutien de <strong>Total<\/strong> et de <strong>Pierre Peugeot<\/strong>, ainsi que d&rsquo;autres entreprises internationales et de m\u00e9c\u00e8nes, je suis partis autour du monde pour pr\u00e9parer mon premier livre \u00ab\u00a0<strong>Les Arbres V\u00e9n\u00e9rables de la Plan\u00e8te<\/strong>\u00ab\u00a0.<\/p>\n<p><img decoding=\"async\" loading=\"lazy\" class=\"size-full wp-image-87 alignright\" src=\"http:\/\/vezere.org\/wp-content\/uploads\/2018\/01\/WEB_Couverture_livre_-_Les_Arbres_Venerables_-_2003.jpg\" alt=\"\" width=\"111\" height=\"150\" \/><\/p>\n<p><strong>Le 23 janvier 2000<\/strong>, je lance l<a href=\"http:\/\/arbresvenerables.arborethic.com\/blog\/index.php\/appel-des-arbres-venerables\/\" target=\"_blank\" rel=\"noopener\">\u2019<\/a><strong>appel international pour le classement des arbres v\u00e9n\u00e9rables au patrimoine mondial <\/strong><\/p>\n<p>(voir sur http:\/\/arbresvenerables.fr)<\/p>\n<p><strong>En mars 2003,<\/strong> mon voyage de 5 ans autour du monde dans une cinquantaine de pays, aboutit \u00e0 mon premier livre \u00ab <strong>Les arbres v\u00e9n\u00e9rables de la plan\u00e8te <\/strong>\u00bb, \u00e9dit\u00e9\u00a0 chez\u00a0 JC Latt\u00e8s.<\/p>\n<p class=\"Style1\" align=\"justify\">De 2006 \u00e0 2011, l\u2019exposition g\u00e9ante a \u00e9t\u00e9 install\u00e9e dans diff\u00e9rentes villes de France et aussi en Suisse.<\/p>\n<p class=\"Style1\" align=\"justify\">L\u2019exposition actuelle \u00ab arbres v\u00e9n\u00e9rables \u00bb a \u00e9t\u00e9 montr\u00e9e au <strong>festival de l\u2019Arbre de R\u00e9aumont (Is\u00e8re)<\/strong>, au <strong>festival du film de jardins de Gaillac (Tarn)<\/strong>, \u00e0 la <strong>f\u00eate des plantes de Lezoux (Puy de D\u00f4me)<\/strong>, au <strong>festival animalier de Montier en Der (Haute Marne)<\/strong>, \u00e0 l\u2019<strong>Arboretum d\u2019Eaubonne, en Suisse<\/strong>, \u00e0 <strong>Hy\u00e8res-les-Palmiers (Var)<\/strong>, \u00e0 <strong>Levallois Perret (Hauts de Seine)<\/strong>, en 2009 <strong>en Corse, \u00e0 la f\u00eate de l\u2019arbre de Reims,<\/strong> en 2010 \u00e0 <strong>D\u00e9cines<\/strong> (69) lors de l\u2019op\u00e9ration de plantation \u00ab aux arbres citoyens \u00bb, \u00e0 <strong>Louviers<\/strong> (Eure), au <strong>Festival International de G\u00e9ographie de Saint Di\u00e9 (Vosges)<\/strong>, et en octobre 2011 dans la ville du <strong>Cellier<\/strong>, pr\u00e8s de Nantes (44).<\/p>\n<p class=\"Style1\" align=\"justify\">En 2008, afin de mettre en place une \u00e9thique soci\u00e9tale et environnementale, et de pouvoir r\u00e9ussir dans sa vie professionnelle, J\u00e9r\u00f4me Hutin avait d\u00e9cid\u00e9 de cr\u00e9er sa marque ! <a href=\"http:\/\/arborethic.com\" target=\"http:\/\/arborethic.com\"><span class=\"Style175\"><strong>Arbor\u2019Ethic<\/strong><\/span><\/a>, qui est une boutique en ligne de ses photographies d\u2019art.<\/p>\n<p><a href=\"http:\/\/arborethic.com\" target=\"_blank\" rel=\"noopener\"><img decoding=\"async\" loading=\"lazy\" class=\"aligncenter wp-image-11548\" src=\"http:\/\/vezere.org\/wp-content\/uploads\/2023\/01\/logo_arborethic_2017recadre.gif\" alt=\"\" width=\"301\" height=\"211\" \/><\/a><\/p>\n<p>Le lien : <a href=\"http:\/\/arborethic.com\" target=\"http:\/\/arborethic.com\">http:\/\/arborethic.com<\/a><\/p>\n<p>Acqu\u00e9rir une photographie d\u2019art :<\/p>\n<ul>\n<li>C\u2019est <strong>SOUTENIR<\/strong> les artistes photographes qui veulent en vivre.<\/li>\n<li>C\u2019est <strong>PARTICIPER<\/strong> \u00e0 un acte social.<\/li>\n<li>C\u2019est <strong>REALISER<\/strong> du m\u00e9c\u00e9nat culturel.<\/li>\n<li>C\u2019est <strong>ADMIRER<\/strong> une oeuvre originale chez soi ou au bureau.<\/li>\n<li>C\u2019est se faire <strong>PLAISIR<\/strong> ou faire plaisir \u00e0 sa famille, ami(e)s, client(e)s.<\/li>\n<\/ul>\n<p><img decoding=\"async\" loading=\"lazy\" class=\"wp-image-88 alignleft\" src=\"http:\/\/vezere.org\/wp-content\/uploads\/2018\/01\/P6233061.jpg\" alt=\"\" width=\"204\" height=\"153\" \/><\/p>\n<p>Le 23 juin 2007, a lieu la <strong>premi\u00e8re projection g\u00e9ante <\/strong>\u00ab Arbres v\u00e9n\u00e9rables de la plan\u00e8te\u00bb sur l\u2019\u00e9difice prestigieux de l\u2019<strong>H\u00f4tel Royal d\u2019Evian*****<\/strong> lors d\u2019un \u00ab atelier jardins \u00bb.<\/p>\n<p>Ma m\u00e8re d\u00e9c\u00e8de ce m\u00eame jour&#8230;<\/p>\n<p>En d\u00e9cembre 2010, chaque soir \u00e0 l\u2019occasion du festival \u00ab <strong>Arbres &amp; Lumi\u00e8res \u00bb de la ville de Gen\u00e8ve,<\/strong> a lieu cette m\u00eame projection g\u00e9ante \u00ab Arbres v\u00e9n\u00e9rables de la plan\u00e8te \u00bb\u00a0 soutenu par la banque Clariden Leu.<\/p>\n<p><img decoding=\"async\" loading=\"lazy\" class=\"aligncenter size-large wp-image-2168\" src=\"http:\/\/arbresvenerables.arborethic.com\/blog\/wp-content\/uploads\/2016\/12\/HUT0143_projectiongeante_arbreslumieres_Jerome_Hutin-1024x680.jpg\" sizes=\"(max-width: 560px) 100vw, 560px\" srcset=\"http:\/\/arbresvenerables.arborethic.com\/blog\/wp-content\/uploads\/2016\/12\/HUT0143_projectiongeante_arbreslumieres_Jerome_Hutin-1024x680.jpg 1024w, http:\/\/arbresvenerables.arborethic.com\/blog\/wp-content\/uploads\/2016\/12\/HUT0143_projectiongeante_arbreslumieres_Jerome_Hutin-300x199.jpg 300w, http:\/\/arbresvenerables.arborethic.com\/blog\/wp-content\/uploads\/2016\/12\/HUT0143_projectiongeante_arbreslumieres_Jerome_Hutin-768x510.jpg 768w, http:\/\/arbresvenerables.arborethic.com\/blog\/wp-content\/uploads\/2016\/12\/HUT0143_projectiongeante_arbreslumieres_Jerome_Hutin.jpg 1204w\" alt=\"\" width=\"560\" height=\"372\" \/><\/p>\n<p><a href=\"http:\/\/vezere.org\/wp-content\/uploads\/2023\/01\/HUT0147_projectiongeante_arbreslumieres_Jerome_Hutin-768x510.jpg\"><img decoding=\"async\" loading=\"lazy\" class=\"aligncenter size-full wp-image-11526\" src=\"http:\/\/vezere.org\/wp-content\/uploads\/2023\/01\/HUT0147_projectiongeante_arbreslumieres_Jerome_Hutin-768x510.jpg\" alt=\"\" width=\"768\" height=\"510\" \/><\/a><\/p>\n<p>Et\u00e9 2013, une petite exposition itin\u00e9rante et p\u00e9dagogique des \u00abArbres v\u00e9n\u00e9rables de la plan\u00e8te\u00bb est financ\u00e9e par la ville de <strong>Terrasson<\/strong>.<\/p>\n<p>En ao\u00fbt 2014, J\u00e9r\u00f4me Hutin est \u00e0 l\u2019origine de la premi\u00e8re projection g\u00e9ante sur l\u2019\u00e9glise de <strong>Terrasson<\/strong>&#8211;<strong>Lavilledieu, en Dordogne,<\/strong> des photos d\u2019arbres de 32 m\u00e8tres de haut.<\/p>\n<p><a href=\"http:\/\/vezere.org\/wp-content\/uploads\/2023\/01\/HUT_0054.jpg\"><img decoding=\"async\" loading=\"lazy\" class=\"aligncenter size-full wp-image-11525\" src=\"http:\/\/vezere.org\/wp-content\/uploads\/2023\/01\/HUT_0054.jpg\" alt=\"\" width=\"800\" height=\"531\" \/><\/a><\/p>\n<p><a href=\"http:\/\/vezere.org\/wp-content\/uploads\/2023\/01\/6059533-f08b873b5bf38f1b54deb5c17b178d2f.jpg\"><img decoding=\"async\" loading=\"lazy\" class=\"aligncenter size-full wp-image-11527\" src=\"http:\/\/vezere.org\/wp-content\/uploads\/2023\/01\/6059533-f08b873b5bf38f1b54deb5c17b178d2f.jpg\" alt=\"\" width=\"492\" height=\"600\" \/><\/a><\/p>\n<p>En 2015, Un <strong>AVC <\/strong>en Ard\u00e8che ne l\u2019a pas aid\u00e9 ayant eu quelques troubles visuels, mais cela est rentr\u00e9 dans l\u2019ordre.<\/p>\n<figure id=\"attachment_11545\" aria-describedby=\"caption-attachment-11545\" style=\"width: 300px\" class=\"wp-caption aligncenter\"><a href=\"http:\/\/vezere.org\/wp-content\/uploads\/2023\/01\/C0026bis.jpg\"><img decoding=\"async\" loading=\"lazy\" class=\"size-full wp-image-11545\" src=\"http:\/\/vezere.org\/wp-content\/uploads\/2023\/01\/C0026bis.jpg\" alt=\"\" width=\"300\" height=\"434\" \/><\/a><figcaption id=\"caption-attachment-11545\" class=\"wp-caption-text\">Elle n&rsquo;est pas jolie ma gueule???<\/figcaption><\/figure>\n<p><a href=\"http:\/\/vezere.org\/wp-content\/uploads\/2023\/01\/M0012_arbre_de_vie.jpg\"><img decoding=\"async\" loading=\"lazy\" class=\"aligncenter wp-image-11543\" src=\"http:\/\/vezere.org\/wp-content\/uploads\/2023\/01\/M0012_arbre_de_vie.jpg\" alt=\"\" width=\"409\" height=\"679\" \/><\/a><\/p>\n<div id=\"attachment_1073\" class=\"wp-caption alignright\">\n<p class=\"wp-caption-text\"><strong>\u00a0<\/strong><\/p>\n<\/div>\n<p>C\u2019est aussi cette ann\u00e9e que J\u00e9r\u00f4me Hutin rencontrait pour une 3\u00e8me fois <strong>Pierre Rabhi<\/strong> qui accepta de r\u00e9aliser la pr\u00e9face de son nouveau livre \u00ab\u00a0<strong>Arbres tr\u00e9sors vivants du P\u00e9rigord<\/strong>\u00ab\u00a0, publi\u00e9 aux Editions \u00ab\u00a0<a href=\"http:\/\/leslivresdelilot.fr\/accueil\/19-arbres-tresors-vivants-du-perigord-9791092474114.html\" target=\"_blank\" rel=\"noopener\">Les Livres de l\u2019Ilot<\/a>\u00a0\u00bb en d\u00e9cembre 2015.<\/p>\n<p><a href=\"http:\/\/vezere.org\/wp-content\/uploads\/2023\/01\/Pierre_Michele_Rabhi_et_Jerome_Hutin_HUT_0477_photo-de-Jerome-Hutin_web.jpg\"><img decoding=\"async\" loading=\"lazy\" class=\"aligncenter wp-image-11544\" src=\"http:\/\/vezere.org\/wp-content\/uploads\/2023\/01\/Pierre_Michele_Rabhi_et_Jerome_Hutin_HUT_0477_photo-de-Jerome-Hutin_web-1024x670.jpg\" alt=\"\" width=\"474\" height=\"310\" \/><\/a><\/p>\n<p><img decoding=\"async\" loading=\"lazy\" class=\"size-medium wp-image-44 aligncenter\" src=\"http:\/\/arbresvenerables.arborethic.com\/blog\/wp-content\/uploads\/2016\/02\/Couv-Arbres_Noir_Final_recto.web_-300x246.jpg\" sizes=\"(max-width: 422px) 100vw, 422px\" srcset=\"http:\/\/arbresvenerables.arborethic.com\/blog\/wp-content\/uploads\/2016\/02\/Couv-Arbres_Noir_Final_recto.web_-300x246.jpg 300w, http:\/\/arbresvenerables.arborethic.com\/blog\/wp-content\/uploads\/2016\/02\/Couv-Arbres_Noir_Final_recto.web_-768x629.jpg 768w, http:\/\/arbresvenerables.arborethic.com\/blog\/wp-content\/uploads\/2016\/02\/Couv-Arbres_Noir_Final_recto.web_-1024x839.jpg 1024w, http:\/\/arbresvenerables.arborethic.com\/blog\/wp-content\/uploads\/2016\/02\/Couv-Arbres_Noir_Final_recto.web_.jpg 1172w\" alt=\"Couv-Arbres_Noir_Final_recto.web\" width=\"422\" height=\"346\" \/><\/p>\n<p>En 2018 pour Bois Passion \u00e0 Gourdon (Lot) est organis\u00e9 exposition et projection g\u00e9ante. Voir la vid\u00e9o :<\/p>\n<p><iframe loading=\"lazy\" title=\"Projection geante &quot; Arbres &amp; Nature&quot; sur l&#039;\u00e9glise Saint Pierre de Gourdon 12 &amp; 13 mai 2018\" width=\"760\" height=\"428\" src=\"https:\/\/www.youtube.com\/embed\/8yOGk6TIfAo?feature=oembed\" frameborder=\"0\" allow=\"accelerometer; autoplay; clipboard-write; encrypted-media; gyroscope; picture-in-picture; web-share\" referrerpolicy=\"strict-origin-when-cross-origin\" allowfullscreen><\/iframe><\/p>\n<p>De 2011 \u00e0 octobre 2022, j&rsquo;ai expos\u00e9 mes photos au 4 rue de la Libert\u00e9 \u00e0 Terrasson dans la ville ancienne et j&rsquo;ai pu voir l&rsquo;\u00e9volution, la r\u00e9novation, les \u00e9choppes se cr\u00e9er avec des artisans d&rsquo;art.<\/p>\n<p>Dans le local que j&rsquo;ai utilis\u00e9 jusqu&rsquo;en octobre 2022, avec accord oral du propri\u00e9taire&#8230; j&rsquo;aurai rencontr\u00e9 pas mal de belles personnes dont certaines ont achet\u00e9 mes oeuvres, mes tirages \u00ab\u00a0Fine&rsquo;Art\u00a0\u00bb que j&rsquo;imprime moi-m\u00eame, mes cr\u00e9ations de lampes avec mes photos sur les abat-jours&#8230;\u00a0 que vous pouvez acheter \u00e0 mon appart&rsquo;galerie (provisoire car je dois en partir&#8230;) au dessus du RDC mais aussi sur ma boutique en ligne <a href=\"http:\/\/arborethic.com\" target=\"_blank\" rel=\"noopener\">http:\/\/arborethic.com \u00a0<\/a><\/p>\n<p><a href=\"http:\/\/vezere.org\/wp-content\/uploads\/2023\/01\/P_20210610_112609.jpg\"><img decoding=\"async\" loading=\"lazy\" class=\"aligncenter wp-image-11549\" src=\"http:\/\/vezere.org\/wp-content\/uploads\/2023\/01\/P_20210610_112609-768x1024.jpg\" alt=\"\" width=\"455\" height=\"606\" \/><\/a><\/p>\n<p><a href=\"http:\/\/vezere.org\/wp-content\/uploads\/2023\/01\/P_20210625_162143.jpg\"><img decoding=\"async\" loading=\"lazy\" class=\"aligncenter size-large wp-image-11551\" src=\"http:\/\/vezere.org\/wp-content\/uploads\/2023\/01\/P_20210625_162143-768x1024.jpg\" alt=\"\" width=\"768\" height=\"1024\" \/><\/a><\/p>\n<p>Vu de l&rsquo;int\u00e9rieur&#8230;<\/p>\n<p><a href=\"http:\/\/vezere.org\/wp-content\/uploads\/2023\/01\/IMG_20221020_124559.jpg\"><img decoding=\"async\" loading=\"lazy\" class=\"aligncenter size-large wp-image-11553\" src=\"http:\/\/vezere.org\/wp-content\/uploads\/2023\/01\/IMG_20221020_124559-1024x473.jpg\" alt=\"\" width=\"960\" height=\"443\" \/><\/a><\/p>\n<p>En 2018, avec accord oral du propri\u00e9taire, et avec un ami artiste Julien, nous avions d\u00e9blay\u00e9 un cluseau (abris sous roche), il y en a une quinzaine dans la ville ancienne de Terrasson.<\/p>\n<p><a href=\"http:\/\/vezere.org\/wp-content\/uploads\/2023\/01\/cluseau_001bis.jpg\"><img decoding=\"async\" loading=\"lazy\" class=\"aligncenter size-large wp-image-11555\" src=\"http:\/\/vezere.org\/wp-content\/uploads\/2023\/01\/cluseau_001bis-341x1024.jpg\" alt=\"\" width=\"341\" height=\"1024\" \/><\/a><\/p>\n<p>Maintenant ce local est vid\u00e9, afin d&rsquo;y accueillir des travaux&#8230;et l&rsquo;avenir dira qui y viendra&#8230;<a href=\"http:\/\/vezere.org\/wp-content\/uploads\/2023\/01\/PANO_20221115_123325.jpg\"><img decoding=\"async\" loading=\"lazy\" class=\"aligncenter size-large wp-image-11554\" src=\"http:\/\/vezere.org\/wp-content\/uploads\/2023\/01\/PANO_20221115_123325-1024x387.jpg\" alt=\"\" width=\"960\" height=\"363\" \/><\/a><\/p>\n<p><strong>De 2019 \u00e0 2023, j&rsquo;ai auto-\u00e9dit\u00e9 en petite quantit\u00e9 des calendriers et agendas dont ceux pour l&rsquo;entreprise \u00ab\u00a0Les Compagnons R\u00e9unis\u00a0\u00bb. Je leur ai aussi r\u00e9alis\u00e9 leur site internet, d\u00e9pliants&#8230;<\/strong><\/p>\n<p><strong>J&rsquo;avais aussi r\u00e9alis\u00e9 pour Duravel Nature (Lot) et maintenant en hommage \u00e0 monsieur Henry Radet, des panneaux botaniques et forestiers, un calendrier, un guide des champignons, et un quizz des arbres !<\/strong><\/p>\n\n<p><strong>En 2021, avec la mairie de Terrasson-Lavilledieu et leur soutien, nous avons imprim\u00e9 sur maille drapeau avec l&rsquo;entreprise vosgienne Up&rsquo;Textile une quarantaine de photos des arbres du P\u00e9rigord et de la V\u00e9z\u00e8re dont voici quelques images des impressions.\u00a0 Cette exposition \u00e9tait rest\u00e9e sur les remparts de juillet 2021 \u00e0 janvier 2022. Elle est disponible \u00e0 qui souhaiterait la louer.<\/strong><\/p>\n\n<p><a href=\"http:\/\/vezere.org\/wp-content\/uploads\/2021\/11\/agenda-202281.jpg\"><img decoding=\"async\" loading=\"lazy\" class=\" wp-image-10630 aligncenter\" src=\"http:\/\/vezere.org\/wp-content\/uploads\/2021\/11\/agenda-202281.jpg\" alt=\"\" width=\"509\" height=\"737\" \/><\/a><\/p>\n<figure id=\"attachment_10655\" aria-describedby=\"caption-attachment-10655\" style=\"width: 317px\" class=\"wp-caption aligncenter\"><a href=\"http:\/\/vezere.org\/wp-content\/uploads\/2021\/11\/portrait-de-Jerome-Hutinc-D\u00e9clic-D\u00e9colle.jpg\"><img decoding=\"async\" loading=\"lazy\" class=\"wp-image-10655\" src=\"http:\/\/vezere.org\/wp-content\/uploads\/2021\/11\/portrait-de-Jerome-Hutinc-D\u00e9clic-D\u00e9colle-682x1024.jpg\" alt=\"\" width=\"317\" height=\"476\" \/><\/a><figcaption id=\"caption-attachment-10655\" class=\"wp-caption-text\">photo de J\u00e9r\u00f4me Hutin r\u00e9alis\u00e9e en 2021 par \u00ab\u00a0D\u00e9clic et D\u00e9colle\u00a0\u00bb<\/figcaption><\/figure>\n<p>Au moment o\u00f9 j&rsquo;\u00e9cris ces derni\u00e8res lignes (31 janvier 2023), je dois trouver un autre lieu de vie, de cr\u00e9ation, un atelier expo. Apr\u00e8s toutes ces ann\u00e9es entour\u00e9 de murs en pierre, j&rsquo;ai absolument besoin d&rsquo;\u00eatre entour\u00e9 des arbres, de la for\u00eat, des animaux&#8230; Cela et urgent car d&rsquo;ici Mars, c&rsquo;est le printemps et la tr\u00eave hivernale&#8230; Alors vous qui me lisez&#8230;c&rsquo;est un peu un message dans une bouteille \u00e0 la mer&#8230; trouver un lieu dans le bassin versant de la V\u00e9z\u00e8re ! Je n&rsquo;ai pas les moyens d&rsquo;acheter et et sans garantie en locatif&#8230;par contre j&rsquo;ai mon art, mes photos, mon matos d&rsquo;impression et de d\u00e9veloppement&#8230;. Alors si vous avez des id\u00e9es&#8230;.? contactez moi vite\u00a0 svp !<\/p>\n<p>J&rsquo;ai aussi mes photos et mes lampes \u00e0 vendre <a href=\"http:\/\/jeromehutin-photographe.fr\" target=\"_blank\" rel=\"noopener\">https:\/\/jeromehutin-photographe.fr<\/a> et mes expositions \u00e0 louer !<\/p>\n\n<p><strong>Pour que la graine germe&#8230;<\/strong><\/p>\n<p><strong>Prenons soin de la terre\u00a0!<\/strong><\/p>\n<p>Ensemble faisons que cette graine devienne un arbre splendide.<\/p>\n<p>Merci\u00a0!<\/p>\n","protected":false},"excerpt":{"rendered":"<p>J\u00e9r\u00f4me Hutin , j&rsquo;avais 5 ou 6 ans !! le plus bel enfant du monde !!!!! J\u00e9r\u00f4me Hutin est photographe depuis 1986. N\u00e9 dans les Vosges le 17 septembre 1967, de parents artisans d\u2019art, il vit en P\u00e9rigord depuis 1979. En 1971, toute la&#8230;<\/p>\n","protected":false},"author":1,"featured_media":0,"parent":0,"menu_order":0,"comment_status":"closed","ping_status":"closed","template":"","meta":{"_mi_skip_tracking":false,"_monsterinsights_sitenote_active":false,"_monsterinsights_sitenote_note":"","_monsterinsights_sitenote_category":0},"_links":{"self":[{"href":"https:\/\/arbresvenerables.arborethic.com\/blog\/index.php\/wp-json\/wp\/v2\/pages\/89"}],"collection":[{"href":"https:\/\/arbresvenerables.arborethic.com\/blog\/index.php\/wp-json\/wp\/v2\/pages"}],"about":[{"href":"https:\/\/arbresvenerables.arborethic.com\/blog\/index.php\/wp-json\/wp\/v2\/types\/page"}],"author":[{"embeddable":true,"href":"https:\/\/arbresvenerables.arborethic.com\/blog\/index.php\/wp-json\/wp\/v2\/users\/1"}],"replies":[{"embeddable":true,"href":"https:\/\/arbresvenerables.arborethic.com\/blog\/index.php\/wp-json\/wp\/v2\/comments?post=89"}],"version-history":[{"count":3,"href":"https:\/\/arbresvenerables.arborethic.com\/blog\/index.php\/wp-json\/wp\/v2\/pages\/89\/revisions"}],"predecessor-version":[{"id":5301,"href":"https:\/\/arbresvenerables.arborethic.com\/blog\/index.php\/wp-json\/wp\/v2\/pages\/89\/revisions\/5301"}],"wp:attachment":[{"href":"https:\/\/arbresvenerables.arborethic.com\/blog\/index.php\/wp-json\/wp\/v2\/media?parent=89"}],"curies":[{"name":"wp","href":"https:\/\/api.w.org\/{rel}","templated":true}]}}