{"id":2503,"date":"2017-09-03T18:16:36","date_gmt":"2017-09-03T17:16:36","guid":{"rendered":"http:\/\/arbresvenerables.arborethic.com\/blog\/index.php\/gallerie-photos-arbres-du-monde\/gallery21\/gallery22\/"},"modified":"2017-09-03T18:38:34","modified_gmt":"2017-09-03T17:38:34","slug":"gallery22","status":"publish","type":"page","link":"https:\/\/arbresvenerables.arborethic.com\/blog\/index.php\/gallerie-photos-arbres-du-monde\/gallery21\/gallery22\/","title":{"rendered":"Bretagne &#8211; Finist\u00e8re"},"content":{"rendered":"<p><strong>Depuis d\u00e9but Ao\u00fbt 2017 \u00e0 Plougastel-Daoulas (Finist\u00e8re)<\/strong>, afin de m\u2019occuper d\u2019un vieux toutou adorable, qui a malheureusement pour lui, une <strong>pyodermite<\/strong> (si des naturopathes savent comment le soigner ce serait super !)<\/p>\n<p>Je suis aussi <strong>\u00e0 la recherche de beaux arbres historiques et de beaux paysages<\/strong> et pourquoi pas de belles rencontres humaines et autres, celles et ceux qui aiment la nature et qui souhaiteraient me la faire d\u00e9couvrir, N&rsquo;HESITEZ PAS.<\/p>\n<p>je ne connais que si peu de personne ici\u2026alors n\u2019h\u00e9sitez \u00e0 me contacter (06 19 77 28 08). Je pense mettre en place des projection d\u00e9bat dans un des caf\u00e9s traditionnels de la commune\u2026voir ailleurs aussi. THEME :<strong> \u00ab\u00a0les arbres v\u00e9n\u00e9rables de la plan\u00e8te et vos propres tr\u00e9sors vivants \u00e0 pr\u00e9server\u00a0\u00bb.<\/strong><\/p>\n<p>A bient\u00f4t de vos nouvelles ! m\u00eame pour une rando\u2026des festivals de musiques (trad !).<\/p>\n<p>AH OUI !!! je souhaite photographier la <strong>FRAISE BLANCHE<\/strong> ! Avis aux fraisiculteurs bretons qui en ont ! C\u2019est URGENT !!!<\/p>\n<p>Quelques premi\u00e8res photos d\u2019ici et de pas trop loin, en Bretagne.<\/p>\n<p>Ah je n\u2019oublie pas <strong>le petit sourire breton<\/strong> que j\u2019ai photographi\u00e9 dans une rue de Quimper en Avril 2017 ! Voyez par vous m\u00eame, un clin d\u2019oeil de Dame Nature pour vous donner un beau sourire sur votre visage !<\/p>\n<p><a href=\"http:\/\/arbresvenerables.arborethic.com\/blog\/wp-content\/uploads\/2017\/08\/insecte_sur_myosotis_web.jpg\"><img decoding=\"async\" loading=\"lazy\" class=\"aligncenter wp-image-2423 size-large\" src=\"http:\/\/arbresvenerables.arborethic.com\/blog\/wp-content\/uploads\/2017\/08\/insecte_sur_myosotis_web-1024x322.jpg\" alt=\"\" width=\"1024\" height=\"322\" srcset=\"https:\/\/arbresvenerables.arborethic.com\/blog\/wp-content\/uploads\/2017\/08\/insecte_sur_myosotis_web-1024x322.jpg 1024w, https:\/\/arbresvenerables.arborethic.com\/blog\/wp-content\/uploads\/2017\/08\/insecte_sur_myosotis_web-300x94.jpg 300w, https:\/\/arbresvenerables.arborethic.com\/blog\/wp-content\/uploads\/2017\/08\/insecte_sur_myosotis_web-768x241.jpg 768w, https:\/\/arbresvenerables.arborethic.com\/blog\/wp-content\/uploads\/2017\/08\/insecte_sur_myosotis_web.jpg 1200w\" sizes=\"(max-width: 1024px) 100vw, 1024px\" \/><\/a><\/p>\n<p>&nbsp;<\/p>\n        <link type=\"text\/css\" rel=\"stylesheet\" href=\"https:\/\/arbresvenerables.arborethic.com\/blog\/wp-content\/plugins\/simple-photo-gallery\/classes\/gallery-templates\/css\/wppg-photo-gallery-template-3.css?ver=1.8.1\" \/>\r\n        <div id=\"wppg-gallery-template-3\">\r\n\t<div class=\"wpsg-t3-item\">\r\n            <a class=\"wppg_popup\" title=\"chevaux_plage_st_tremeur_plougastel_HUT_1374web\" href=\"https:\/\/arbresvenerables.arborethic.com\/blog\/index.php\/wppg_photo_details\/?gallery_id=22&image_id=2495\">\r\n                <img alt=\"chevaux_plage_st_tremeur_plougastel_hut_1374web\" src=\"https:\/\/arbresvenerables.arborethic.com\/blog\/wp-content\/uploads\/simple_photo_gallery\/22\/chevaux_plage_st_tremeur_plougastel_HUT_1374web.jpg\">\r\n            <\/a>\r\n\t<\/div><!-- end of .wpsg-t3-item -->\r\n    \t<div class=\"wpsg-t3-item\">\r\n            <a class=\"wppg_popup\" title=\"hetre_beauvoir_plougaste_HUT_0390web\" href=\"https:\/\/arbresvenerables.arborethic.com\/blog\/index.php\/wppg_photo_details\/?gallery_id=22&image_id=2496\">\r\n                <img alt=\"hetre_beauvoir_plougaste_hut_0390web\" src=\"https:\/\/arbresvenerables.arborethic.com\/blog\/wp-content\/uploads\/simple_photo_gallery\/22\/hetre_beauvoir_plougaste_HUT_0390web.jpg\">\r\n            <\/a>\r\n\t<\/div><!-- end of .wpsg-t3-item -->\r\n    \t<div class=\"wpsg-t3-item\">\r\n            <a class=\"wppg_popup\" title=\"lac_drennec_reflet_HUT_0782web\" href=\"https:\/\/arbresvenerables.arborethic.com\/blog\/index.php\/wppg_photo_details\/?gallery_id=22&image_id=2497\">\r\n                <img alt=\"lac_drennec_reflet_hut_0782web\" src=\"https:\/\/arbresvenerables.arborethic.com\/blog\/wp-content\/uploads\/simple_photo_gallery\/22\/lac_drennec_reflet_HUT_0782web.jpg\">\r\n            <\/a>\r\n\t<\/div><!-- end of .wpsg-t3-item -->\r\n    \t<div class=\"wpsg-t3-item\">\r\n            <a class=\"wppg_popup\" title=\"lever_soleil_Tinduff_Plougastel_001web\" href=\"https:\/\/arbresvenerables.arborethic.com\/blog\/index.php\/wppg_photo_details\/?gallery_id=22&image_id=2498\">\r\n                <img alt=\"lever_soleil_tinduff_plougastel_001web\" src=\"https:\/\/arbresvenerables.arborethic.com\/blog\/wp-content\/uploads\/simple_photo_gallery\/22\/lever_soleil_Tinduff_Plougastel_001web.jpg\">\r\n            <\/a>\r\n\t<\/div><!-- end of .wpsg-t3-item -->\r\n    \t<div class=\"wpsg-t3-item\">\r\n            <a class=\"wppg_popup\" title=\"Panorama_lever_soleil_Tinduff_Plougastel_002web\" href=\"https:\/\/arbresvenerables.arborethic.com\/blog\/index.php\/wppg_photo_details\/?gallery_id=22&image_id=2499\">\r\n                <img alt=\"panorama_lever_soleil_tinduff_plougastel_002web\" src=\"https:\/\/arbresvenerables.arborethic.com\/blog\/wp-content\/uploads\/simple_photo_gallery\/22\/Panorama_lever_soleil_Tinduff_Plougastel_002web.jpg\">\r\n            <\/a>\r\n\t<\/div><!-- end of .wpsg-t3-item -->\r\n    \t<div class=\"wpsg-t3-item\">\r\n            <a class=\"wppg_popup\" title=\"Panorama_lever_soleil_Tinduff_Plougastel_web\" href=\"https:\/\/arbresvenerables.arborethic.com\/blog\/index.php\/wppg_photo_details\/?gallery_id=22&image_id=2500\">\r\n                <img alt=\"panorama_lever_soleil_tinduff_plougastel_web\" src=\"https:\/\/arbresvenerables.arborethic.com\/blog\/wp-content\/uploads\/simple_photo_gallery\/22\/Panorama_lever_soleil_Tinduff_Plougastel_web.jpg\">\r\n            <\/a>\r\n\t<\/div><!-- end of .wpsg-t3-item -->\r\n    \t<div class=\"wpsg-t3-item\">\r\n            <a class=\"wppg_popup\" title=\"Pin_Monterey_Plougastel_HUT_1478web\" href=\"https:\/\/arbresvenerables.arborethic.com\/blog\/index.php\/wppg_photo_details\/?gallery_id=22&image_id=2501\">\r\n                <img alt=\"pin_monterey_plougastel_hut_1478web\" src=\"https:\/\/arbresvenerables.arborethic.com\/blog\/wp-content\/uploads\/simple_photo_gallery\/22\/Pin_Monterey_Plougastel_HUT_1478web.jpg\">\r\n            <\/a>\r\n\t<\/div><!-- end of .wpsg-t3-item -->\r\n    \t<div class=\"wpsg-t3-item\">\r\n            <a class=\"wppg_popup\" title=\"Raoul_Buck_HUT_1620web\" href=\"https:\/\/arbresvenerables.arborethic.com\/blog\/index.php\/wppg_photo_details\/?gallery_id=22&image_id=2502\">\r\n                <img alt=\"raoul_buck_hut_1620web\" src=\"https:\/\/arbresvenerables.arborethic.com\/blog\/wp-content\/uploads\/simple_photo_gallery\/22\/Raoul_Buck_HUT_1620web.jpg\">\r\n            <\/a>\r\n\t<\/div><!-- end of .wpsg-t3-item -->\r\n    \t<div class=\"wpsg-t3-item\">\r\n            <a class=\"wppg_popup\" title=\"Penvins_HUT_0693web\" href=\"https:\/\/arbresvenerables.arborethic.com\/blog\/index.php\/wppg_photo_details\/?gallery_id=22&image_id=2507\">\r\n                <img alt=\"penvins_hut_0693web-2-2\" src=\"https:\/\/arbresvenerables.arborethic.com\/blog\/wp-content\/uploads\/simple_photo_gallery\/22\/Penvins_HUT_0693web.jpg\">\r\n            <\/a>\r\n\t<\/div><!-- end of .wpsg-t3-item -->\r\n    \t<div class=\"wpsg-t3-item\">\r\n            <a class=\"wppg_popup\" title=\"Tascon_voiture_bleue_web\" href=\"https:\/\/arbresvenerables.arborethic.com\/blog\/index.php\/wppg_photo_details\/?gallery_id=22&image_id=2508\">\r\n                <img alt=\"tascon_voiture_bleue_web-2\" src=\"https:\/\/arbresvenerables.arborethic.com\/blog\/wp-content\/uploads\/simple_photo_gallery\/22\/Tascon_voiture_bleue_web.jpg\">\r\n            <\/a>\r\n\t<\/div><!-- end of .wpsg-t3-item -->\r\n    \t<div class=\"wpsg-t3-item\">\r\n            <a class=\"wppg_popup\" title=\"Penmarch_Finistere_001web\" href=\"https:\/\/arbresvenerables.arborethic.com\/blog\/index.php\/wppg_photo_details\/?gallery_id=22&image_id=2509\">\r\n                <img alt=\"penmarch_finistere_001web-2-2\" src=\"https:\/\/arbresvenerables.arborethic.com\/blog\/wp-content\/uploads\/simple_photo_gallery\/22\/Penmarch_Finistere_001web.jpg\">\r\n            <\/a>\r\n\t<\/div><!-- end of .wpsg-t3-item -->\r\n    \t<div class=\"wpsg-t3-item\">\r\n            <a class=\"wppg_popup\" title=\"Le_passage_St_Armel_HUT_0517web\" href=\"https:\/\/arbresvenerables.arborethic.com\/blog\/index.php\/wppg_photo_details\/?gallery_id=22&image_id=2510\">\r\n                <img alt=\"le_passage_st_armel_hut_0517web-3-2\" src=\"https:\/\/arbresvenerables.arborethic.com\/blog\/wp-content\/uploads\/simple_photo_gallery\/22\/Le_passage_St_Armel_HUT_0517web.jpg\">\r\n            <\/a>\r\n\t<\/div><!-- end of .wpsg-t3-item -->\r\n    \t<div class=\"wpsg-t3-item\">\r\n            <a class=\"wppg_popup\" title=\"HUT_0218_lever_coucher_soleil_pleine_lune_Penvins_WEB\" href=\"https:\/\/arbresvenerables.arborethic.com\/blog\/index.php\/wppg_photo_details\/?gallery_id=22&image_id=2511\">\r\n                <img alt=\"hut_0218_lever_coucher_soleil_pleine_lune_penvins_web-2-2\" src=\"https:\/\/arbresvenerables.arborethic.com\/blog\/wp-content\/uploads\/simple_photo_gallery\/22\/HUT_0218_lever_coucher_soleil_pleine_lune_Penvins_WEB.jpg\">\r\n            <\/a>\r\n\t<\/div><!-- end of .wpsg-t3-item -->\r\n    \t<div class=\"wpsg-t3-item\">\r\n            <a class=\"wppg_popup\" title=\"Huelgoat_002web\" href=\"https:\/\/arbresvenerables.arborethic.com\/blog\/index.php\/wppg_photo_details\/?gallery_id=22&image_id=2512\">\r\n                <img alt=\"huelgoat_002web-2\" src=\"https:\/\/arbresvenerables.arborethic.com\/blog\/wp-content\/uploads\/simple_photo_gallery\/22\/Huelgoat_002web.jpg\">\r\n            <\/a>\r\n\t<\/div><!-- end of .wpsg-t3-item -->\r\n    \t<div class=\"wpsg-t3-item\">\r\n            <a class=\"wppg_popup\" title=\"fontaine_blanche_pougalstel2web\" href=\"https:\/\/arbresvenerables.arborethic.com\/blog\/index.php\/wppg_photo_details\/?gallery_id=22&image_id=2513\">\r\n                <img alt=\"fontaine_blanche_pougalstel2web-2\" src=\"https:\/\/arbresvenerables.arborethic.com\/blog\/wp-content\/uploads\/simple_photo_gallery\/22\/fontaine_blanche_pougalstel2web.jpg\">\r\n            <\/a>\r\n\t<\/div><!-- end of .wpsg-t3-item -->\r\n    \t<div class=\"wpsg-t3-item\">\r\n            <a class=\"wppg_popup\" title=\"Douarnenez_HUT_0236 - HUT_0242WEB\" href=\"https:\/\/arbresvenerables.arborethic.com\/blog\/index.php\/wppg_photo_details\/?gallery_id=22&image_id=2514\">\r\n                <img alt=\"douarnenez_hut_0236-hut_0242web-2\" src=\"https:\/\/arbresvenerables.arborethic.com\/blog\/wp-content\/uploads\/simple_photo_gallery\/22\/Douarnenez_HUT_0236-HUT_0242WEB.jpg\">\r\n            <\/a>\r\n\t<\/div><!-- end of .wpsg-t3-item -->\r\n    \t<div class=\"wpsg-t3-item\">\r\n            <a class=\"wppg_popup\" title=\"Damgan_002web\" href=\"https:\/\/arbresvenerables.arborethic.com\/blog\/index.php\/wppg_photo_details\/?gallery_id=22&image_id=2515\">\r\n                <img alt=\"damgan_002web-2-2\" src=\"https:\/\/arbresvenerables.arborethic.com\/blog\/wp-content\/uploads\/simple_photo_gallery\/22\/Damgan_002web.jpg\">\r\n            <\/a>\r\n\t<\/div><!-- end of .wpsg-t3-item -->\r\n    \t<div class=\"wpsg-t3-item\">\r\n            <a class=\"wppg_popup\" title=\"Cypres_Benodet_HUT_0333 - HUT_0338web\" href=\"https:\/\/arbresvenerables.arborethic.com\/blog\/index.php\/wppg_photo_details\/?gallery_id=22&image_id=2516\">\r\n                <img alt=\"cypres_benodet_hut_0333-hut_0338web-2-2\" src=\"https:\/\/arbresvenerables.arborethic.com\/blog\/wp-content\/uploads\/simple_photo_gallery\/22\/Cypres_Benodet_HUT_0333-HUT_0338web.jpg\">\r\n            <\/a>\r\n\t<\/div><!-- end of .wpsg-t3-item -->\r\n    \t<div class=\"wpsg-t3-item\">\r\n            <a class=\"wppg_popup\" title=\"coucher_soleil_Ste_Marine_web\" href=\"https:\/\/arbresvenerables.arborethic.com\/blog\/index.php\/wppg_photo_details\/?gallery_id=22&image_id=2517\">\r\n                <img alt=\"coucher_soleil_ste_marine_web-2\" src=\"https:\/\/arbresvenerables.arborethic.com\/blog\/wp-content\/uploads\/simple_photo_gallery\/22\/coucher_soleil_Ste_Marine_web.jpg\">\r\n            <\/a>\r\n\t<\/div><!-- end of .wpsg-t3-item -->\r\n    \t<div class=\"wpsg-t3-item\">\r\n            <a class=\"wppg_popup\" title=\"Conleau_002web\" href=\"https:\/\/arbresvenerables.arborethic.com\/blog\/index.php\/wppg_photo_details\/?gallery_id=22&image_id=2518\">\r\n                <img alt=\"conleau_002web-2-2\" src=\"https:\/\/arbresvenerables.arborethic.com\/blog\/wp-content\/uploads\/simple_photo_gallery\/22\/Conleau_002web.jpg\">\r\n            <\/a>\r\n\t<\/div><!-- end of .wpsg-t3-item -->\r\n    \t<div class=\"wpsg-t3-item\">\r\n            <a class=\"wppg_popup\" title=\"Combrit_Goree_HUT_0190web\" href=\"https:\/\/arbresvenerables.arborethic.com\/blog\/index.php\/wppg_photo_details\/?gallery_id=22&image_id=2519\">\r\n                <img alt=\"combrit_goree_hut_0190web-2\" src=\"https:\/\/arbresvenerables.arborethic.com\/blog\/wp-content\/uploads\/simple_photo_gallery\/22\/Combrit_Goree_HUT_0190web.jpg\">\r\n            <\/a>\r\n\t<\/div><!-- end of .wpsg-t3-item -->\r\n    \t<div class=\"wpsg-t3-item\">\r\n            <a class=\"wppg_popup\" title=\"Benodet_cypres_panoramique_002web\" href=\"https:\/\/arbresvenerables.arborethic.com\/blog\/index.php\/wppg_photo_details\/?gallery_id=22&image_id=2520\">\r\n                <img alt=\"benodet_cypres_panoramique_002web-2\" src=\"https:\/\/arbresvenerables.arborethic.com\/blog\/wp-content\/uploads\/simple_photo_gallery\/22\/Benodet_cypres_panoramique_002web.jpg\">\r\n            <\/a>\r\n\t<\/div><!-- end of .wpsg-t3-item -->\r\n    \t<div class=\"wpsg-t3-item\">\r\n            <a class=\"wppg_popup\" title=\"Beg_Meil_Finist\u00e8re_web\" href=\"https:\/\/arbresvenerables.arborethic.com\/blog\/index.php\/wppg_photo_details\/?gallery_id=22&image_id=2521\">\r\n                <img alt=\"beg_meil_finistere_web-2-2\" src=\"https:\/\/arbresvenerables.arborethic.com\/blog\/wp-content\/uploads\/simple_photo_gallery\/22\/Beg_Meil_Finist\u00e8re_web.jpg\">\r\n            <\/a>\r\n\t<\/div><!-- end of .wpsg-t3-item -->\r\n    \t<div class=\"wpsg-t3-item\">\r\n            <a class=\"wppg_popup\" title=\"Calvaire_Plougonven_scenographie_HUT_0239web\" href=\"https:\/\/arbresvenerables.arborethic.com\/blog\/index.php\/wppg_photo_details\/?gallery_id=22&image_id=2522\">\r\n                <img alt=\"calvaire_plougonven_scenographie_hut_0239web-2\" src=\"https:\/\/arbresvenerables.arborethic.com\/blog\/wp-content\/uploads\/simple_photo_gallery\/22\/Calvaire_Plougonven_scenographie_HUT_0239web.jpg\">\r\n            <\/a>\r\n\t<\/div><!-- end of .wpsg-t3-item -->\r\n    \t<div class=\"wpsg-t3-item\">\r\n            <a class=\"wppg_popup\" title=\"calvaire_plougonven_scenographie_HUT_0238_A4web\" href=\"https:\/\/arbresvenerables.arborethic.com\/blog\/index.php\/wppg_photo_details\/?gallery_id=22&image_id=2523\">\r\n                <img alt=\"calvaire_plougonven_scenographie_hut_0238_a4web-2\" src=\"https:\/\/arbresvenerables.arborethic.com\/blog\/wp-content\/uploads\/simple_photo_gallery\/22\/calvaire_plougonven_scenographie_HUT_0238_A4web.jpg\">\r\n            <\/a>\r\n\t<\/div><!-- end of .wpsg-t3-item -->\r\n    \t<div class=\"wpsg-t3-item\">\r\n            <a class=\"wppg_popup\" title=\"Calvaire_Plougonven_Scenographie_HUT_0114web\" href=\"https:\/\/arbresvenerables.arborethic.com\/blog\/index.php\/wppg_photo_details\/?gallery_id=22&image_id=2524\">\r\n                <img alt=\"calvaire_plougonven_scenographie_hut_0114web-2\" src=\"https:\/\/arbresvenerables.arborethic.com\/blog\/wp-content\/uploads\/simple_photo_gallery\/22\/Calvaire_Plougonven_Scenographie_HUT_0114web.jpg\">\r\n            <\/a>\r\n\t<\/div><!-- end of .wpsg-t3-item -->\r\n    \t<div class=\"wpsg-t3-item\">\r\n            <a class=\"wppg_popup\" title=\"Calvaire_Plougonven_scenographie_HUT_0095web\" href=\"https:\/\/arbresvenerables.arborethic.com\/blog\/index.php\/wppg_photo_details\/?gallery_id=22&image_id=2525\">\r\n                <img alt=\"calvaire_plougonven_scenographie_hut_0095web-2\" src=\"https:\/\/arbresvenerables.arborethic.com\/blog\/wp-content\/uploads\/simple_photo_gallery\/22\/Calvaire_Plougonven_scenographie_HUT_0095web.jpg\">\r\n            <\/a>\r\n\t<\/div><!-- end of .wpsg-t3-item -->\r\n    \t<div class=\"wpsg-t3-item\">\r\n            <a class=\"wppg_popup\" title=\"Calvaire_Plougonven_scenographie_HUT_0085web\" href=\"https:\/\/arbresvenerables.arborethic.com\/blog\/index.php\/wppg_photo_details\/?gallery_id=22&image_id=2526\">\r\n                <img alt=\"calvaire_plougonven_scenographie_hut_0085web-2\" src=\"https:\/\/arbresvenerables.arborethic.com\/blog\/wp-content\/uploads\/simple_photo_gallery\/22\/Calvaire_Plougonven_scenographie_HUT_0085web.jpg\">\r\n            <\/a>\r\n\t<\/div><!-- end of .wpsg-t3-item -->\r\n    \t<div class=\"wpsg-t3-item\">\r\n            <a class=\"wppg_popup\" title=\"calvaire_plougonven_HUT_0177_A4web\" href=\"https:\/\/arbresvenerables.arborethic.com\/blog\/index.php\/wppg_photo_details\/?gallery_id=22&image_id=2527\">\r\n                <img alt=\"calvaire_plougonven_hut_0177_a4web-2\" src=\"https:\/\/arbresvenerables.arborethic.com\/blog\/wp-content\/uploads\/simple_photo_gallery\/22\/calvaire_plougonven_HUT_0177_A4web.jpg\">\r\n            <\/a>\r\n\t<\/div><!-- end of .wpsg-t3-item -->\r\n    \t<div class=\"wpsg-t3-item\">\r\n            <a class=\"wppg_popup\" title=\"calvaire_plougonven_HUT_0080_A4web\" href=\"https:\/\/arbresvenerables.arborethic.com\/blog\/index.php\/wppg_photo_details\/?gallery_id=22&image_id=2528\">\r\n                <img alt=\"calvaire_plougonven_hut_0080_a4web-2\" src=\"https:\/\/arbresvenerables.arborethic.com\/blog\/wp-content\/uploads\/simple_photo_gallery\/22\/calvaire_plougonven_HUT_0080_A4web.jpg\">\r\n            <\/a>\r\n\t<\/div><!-- end of .wpsg-t3-item -->\r\n            <div class=\"clear\"><\/div>\r\n                \r\n        <\/div> <!--end wppg-gallery-display div --> \r\n       \r\n     \r\n<!-- Masonry stuff -->\r\n<script type=\"text\/javascript\" src=\"https:\/\/arbresvenerables.arborethic.com\/blog\/wp-content\/plugins\/simple-photo-gallery\/js\/masonry.pkgd.min.js?ver=1.8.1\"><\/script><script type=\"text\/javascript\">\r\nwindow.onload = function(){ \r\nvar container = document.querySelector('#wppg-gallery-template-3');\r\nvar msnry = new Masonry( container, {\r\n  \/\/ options\r\n  columnWidth: '.wpsg-t3-item',\r\n  itemSelector: '.wpsg-t3-item'\r\n});\r\n}\r\n<\/script>\r\n<!-- End Masonry stuff -->\r\n\r\n\r\n\n","protected":false},"excerpt":{"rendered":"<p>Depuis d\u00e9but Ao\u00fbt 2017 \u00e0 Plougastel-Daoulas (Finist\u00e8re), afin de m\u2019occuper d\u2019un vieux toutou adorable, qui a malheureusement pour lui, une pyodermite (si des naturopathes savent comment le soigner ce serait super !) Je suis aussi \u00e0 la recherche de beaux arbres historiques et de&#8230;<\/p>\n","protected":false},"author":1,"featured_media":0,"parent":2392,"menu_order":0,"comment_status":"closed","ping_status":"closed","template":"","meta":{"_mi_skip_tracking":false,"_monsterinsights_sitenote_active":false,"_monsterinsights_sitenote_note":"","_monsterinsights_sitenote_category":0},"_links":{"self":[{"href":"https:\/\/arbresvenerables.arborethic.com\/blog\/index.php\/wp-json\/wp\/v2\/pages\/2503"}],"collection":[{"href":"https:\/\/arbresvenerables.arborethic.com\/blog\/index.php\/wp-json\/wp\/v2\/pages"}],"about":[{"href":"https:\/\/arbresvenerables.arborethic.com\/blog\/index.php\/wp-json\/wp\/v2\/types\/page"}],"author":[{"embeddable":true,"href":"https:\/\/arbresvenerables.arborethic.com\/blog\/index.php\/wp-json\/wp\/v2\/users\/1"}],"replies":[{"embeddable":true,"href":"https:\/\/arbresvenerables.arborethic.com\/blog\/index.php\/wp-json\/wp\/v2\/comments?post=2503"}],"version-history":[{"count":2,"href":"https:\/\/arbresvenerables.arborethic.com\/blog\/index.php\/wp-json\/wp\/v2\/pages\/2503\/revisions"}],"predecessor-version":[{"id":2506,"href":"https:\/\/arbresvenerables.arborethic.com\/blog\/index.php\/wp-json\/wp\/v2\/pages\/2503\/revisions\/2506"}],"up":[{"embeddable":true,"href":"https:\/\/arbresvenerables.arborethic.com\/blog\/index.php\/wp-json\/wp\/v2\/pages\/2392"}],"wp:attachment":[{"href":"https:\/\/arbresvenerables.arborethic.com\/blog\/index.php\/wp-json\/wp\/v2\/media?parent=2503"}],"curies":[{"name":"wp","href":"https:\/\/api.w.org\/{rel}","templated":true}]}}