{"id":2392,"date":"2017-07-08T15:21:37","date_gmt":"2017-07-08T14:21:37","guid":{"rendered":"http:\/\/arbresvenerables.arborethic.com\/blog\/index.php\/gallerie-photos-arbres-du-monde\/gallery21\/"},"modified":"2017-07-08T15:21:37","modified_gmt":"2017-07-08T14:21:37","slug":"gallery21","status":"publish","type":"page","link":"https:\/\/arbresvenerables.arborethic.com\/blog\/index.php\/gallerie-photos-arbres-du-monde\/gallery21\/","title":{"rendered":"F\u00eate du printemps \u00e0 Locmin\u00e9, 11 mars 2017 : MANA FINA"},"content":{"rendered":"        <link type=\"text\/css\" rel=\"stylesheet\" href=\"https:\/\/arbresvenerables.arborethic.com\/blog\/wp-content\/plugins\/simple-photo-gallery\/classes\/gallery-templates\/css\/wppg-photo-gallery-template-3.css?ver=1.8.1\" \/>\r\n        <div id=\"wppg-gallery-template-3\">\r\n\t<div class=\"wpsg-t3-item\">\r\n            <a class=\"wppg_popup\" title=\"ManaFina\" href=\"https:\/\/arbresvenerables.arborethic.com\/blog\/index.php\/wppg_photo_details\/?gallery_id=21&image_id=2344\">\r\n                <img alt=\"hut_0042-2\" src=\"https:\/\/arbresvenerables.arborethic.com\/blog\/wp-content\/uploads\/simple_photo_gallery\/21\/HUT_0042.jpg\">\r\n            <\/a>\r\n\t<\/div><!-- end of .wpsg-t3-item -->\r\n    \t<div class=\"wpsg-t3-item\">\r\n            <a class=\"wppg_popup\" title=\"HUT_0044\" href=\"https:\/\/arbresvenerables.arborethic.com\/blog\/index.php\/wppg_photo_details\/?gallery_id=21&image_id=2345\">\r\n                <img alt=\"hut_0044-2\" src=\"https:\/\/arbresvenerables.arborethic.com\/blog\/wp-content\/uploads\/simple_photo_gallery\/21\/HUT_0044.jpg\">\r\n            <\/a>\r\n\t<\/div><!-- end of .wpsg-t3-item -->\r\n    \t<div class=\"wpsg-t3-item\">\r\n            <a class=\"wppg_popup\" title=\"HUT_0046\" href=\"https:\/\/arbresvenerables.arborethic.com\/blog\/index.php\/wppg_photo_details\/?gallery_id=21&image_id=2346\">\r\n                <img alt=\"hut_0046\" src=\"https:\/\/arbresvenerables.arborethic.com\/blog\/wp-content\/uploads\/simple_photo_gallery\/21\/HUT_0046.jpg\">\r\n            <\/a>\r\n\t<\/div><!-- end of .wpsg-t3-item -->\r\n    \t<div class=\"wpsg-t3-item\">\r\n            <a class=\"wppg_popup\" title=\"HUT_0048\" href=\"https:\/\/arbresvenerables.arborethic.com\/blog\/index.php\/wppg_photo_details\/?gallery_id=21&image_id=2347\">\r\n                <img alt=\"hut_0048\" src=\"https:\/\/arbresvenerables.arborethic.com\/blog\/wp-content\/uploads\/simple_photo_gallery\/21\/HUT_0048.jpg\">\r\n            <\/a>\r\n\t<\/div><!-- end of .wpsg-t3-item -->\r\n    \t<div class=\"wpsg-t3-item\">\r\n            <a class=\"wppg_popup\" title=\"HUT_0050\" href=\"https:\/\/arbresvenerables.arborethic.com\/blog\/index.php\/wppg_photo_details\/?gallery_id=21&image_id=2348\">\r\n                <img alt=\"hut_0050\" src=\"https:\/\/arbresvenerables.arborethic.com\/blog\/wp-content\/uploads\/simple_photo_gallery\/21\/HUT_0050.jpg\">\r\n            <\/a>\r\n\t<\/div><!-- end of .wpsg-t3-item -->\r\n    \t<div class=\"wpsg-t3-item\">\r\n            <a class=\"wppg_popup\" title=\"HUT_0051\" href=\"https:\/\/arbresvenerables.arborethic.com\/blog\/index.php\/wppg_photo_details\/?gallery_id=21&image_id=2349\">\r\n                <img alt=\"hut_0051\" src=\"https:\/\/arbresvenerables.arborethic.com\/blog\/wp-content\/uploads\/simple_photo_gallery\/21\/HUT_0051.jpg\">\r\n            <\/a>\r\n\t<\/div><!-- end of .wpsg-t3-item -->\r\n    \t<div class=\"wpsg-t3-item\">\r\n            <a class=\"wppg_popup\" title=\"HUT_0055\" href=\"https:\/\/arbresvenerables.arborethic.com\/blog\/index.php\/wppg_photo_details\/?gallery_id=21&image_id=2350\">\r\n                <img alt=\"hut_0055\" src=\"https:\/\/arbresvenerables.arborethic.com\/blog\/wp-content\/uploads\/simple_photo_gallery\/21\/HUT_0055.jpg\">\r\n            <\/a>\r\n\t<\/div><!-- end of .wpsg-t3-item -->\r\n    \t<div class=\"wpsg-t3-item\">\r\n            <a class=\"wppg_popup\" title=\"HUT_0056\" href=\"https:\/\/arbresvenerables.arborethic.com\/blog\/index.php\/wppg_photo_details\/?gallery_id=21&image_id=2351\">\r\n                <img alt=\"hut_0056-2\" src=\"https:\/\/arbresvenerables.arborethic.com\/blog\/wp-content\/uploads\/simple_photo_gallery\/21\/HUT_0056.jpg\">\r\n            <\/a>\r\n\t<\/div><!-- end of .wpsg-t3-item -->\r\n    \t<div class=\"wpsg-t3-item\">\r\n            <a class=\"wppg_popup\" title=\"HUT_0060\" href=\"https:\/\/arbresvenerables.arborethic.com\/blog\/index.php\/wppg_photo_details\/?gallery_id=21&image_id=2352\">\r\n                <img alt=\"hut_0060\" src=\"https:\/\/arbresvenerables.arborethic.com\/blog\/wp-content\/uploads\/simple_photo_gallery\/21\/HUT_0060.jpg\">\r\n            <\/a>\r\n\t<\/div><!-- end of .wpsg-t3-item -->\r\n    \t<div class=\"wpsg-t3-item\">\r\n            <a class=\"wppg_popup\" title=\"HUT_0066\" href=\"https:\/\/arbresvenerables.arborethic.com\/blog\/index.php\/wppg_photo_details\/?gallery_id=21&image_id=2353\">\r\n                <img alt=\"hut_0066\" src=\"https:\/\/arbresvenerables.arborethic.com\/blog\/wp-content\/uploads\/simple_photo_gallery\/21\/HUT_0066.jpg\">\r\n            <\/a>\r\n\t<\/div><!-- end of .wpsg-t3-item -->\r\n    \t<div class=\"wpsg-t3-item\">\r\n            <a class=\"wppg_popup\" title=\"HUT_0070\" href=\"https:\/\/arbresvenerables.arborethic.com\/blog\/index.php\/wppg_photo_details\/?gallery_id=21&image_id=2354\">\r\n                <img alt=\"hut_0070-2\" src=\"https:\/\/arbresvenerables.arborethic.com\/blog\/wp-content\/uploads\/simple_photo_gallery\/21\/HUT_0070.jpg\">\r\n            <\/a>\r\n\t<\/div><!-- end of .wpsg-t3-item -->\r\n    \t<div class=\"wpsg-t3-item\">\r\n            <a class=\"wppg_popup\" title=\"HUT_0074\" href=\"https:\/\/arbresvenerables.arborethic.com\/blog\/index.php\/wppg_photo_details\/?gallery_id=21&image_id=2355\">\r\n                <img alt=\"hut_0074\" src=\"https:\/\/arbresvenerables.arborethic.com\/blog\/wp-content\/uploads\/simple_photo_gallery\/21\/HUT_0074.jpg\">\r\n            <\/a>\r\n\t<\/div><!-- end of .wpsg-t3-item -->\r\n    \t<div class=\"wpsg-t3-item\">\r\n            <a class=\"wppg_popup\" title=\"HUT_0079\" href=\"https:\/\/arbresvenerables.arborethic.com\/blog\/index.php\/wppg_photo_details\/?gallery_id=21&image_id=2356\">\r\n                <img alt=\"hut_0079\" src=\"https:\/\/arbresvenerables.arborethic.com\/blog\/wp-content\/uploads\/simple_photo_gallery\/21\/HUT_0079.jpg\">\r\n            <\/a>\r\n\t<\/div><!-- end of .wpsg-t3-item -->\r\n    \t<div class=\"wpsg-t3-item\">\r\n            <a class=\"wppg_popup\" title=\"HUT_0083\" href=\"https:\/\/arbresvenerables.arborethic.com\/blog\/index.php\/wppg_photo_details\/?gallery_id=21&image_id=2357\">\r\n                <img alt=\"hut_0083\" src=\"https:\/\/arbresvenerables.arborethic.com\/blog\/wp-content\/uploads\/simple_photo_gallery\/21\/HUT_0083.jpg\">\r\n            <\/a>\r\n\t<\/div><!-- end of .wpsg-t3-item -->\r\n    \t<div class=\"wpsg-t3-item\">\r\n            <a class=\"wppg_popup\" title=\"HUT_0087\" href=\"https:\/\/arbresvenerables.arborethic.com\/blog\/index.php\/wppg_photo_details\/?gallery_id=21&image_id=2358\">\r\n                <img alt=\"hut_0087\" src=\"https:\/\/arbresvenerables.arborethic.com\/blog\/wp-content\/uploads\/simple_photo_gallery\/21\/HUT_0087.jpg\">\r\n            <\/a>\r\n\t<\/div><!-- end of .wpsg-t3-item -->\r\n    \t<div class=\"wpsg-t3-item\">\r\n            <a class=\"wppg_popup\" title=\"HUT_0090\" href=\"https:\/\/arbresvenerables.arborethic.com\/blog\/index.php\/wppg_photo_details\/?gallery_id=21&image_id=2359\">\r\n                <img alt=\"hut_0090\" src=\"https:\/\/arbresvenerables.arborethic.com\/blog\/wp-content\/uploads\/simple_photo_gallery\/21\/HUT_0090.jpg\">\r\n            <\/a>\r\n\t<\/div><!-- end of .wpsg-t3-item -->\r\n    \t<div class=\"wpsg-t3-item\">\r\n            <a class=\"wppg_popup\" title=\"HUT_0092\" href=\"https:\/\/arbresvenerables.arborethic.com\/blog\/index.php\/wppg_photo_details\/?gallery_id=21&image_id=2360\">\r\n                <img alt=\"hut_0092\" src=\"https:\/\/arbresvenerables.arborethic.com\/blog\/wp-content\/uploads\/simple_photo_gallery\/21\/HUT_0092.jpg\">\r\n            <\/a>\r\n\t<\/div><!-- end of .wpsg-t3-item -->\r\n    \t<div class=\"wpsg-t3-item\">\r\n            <a class=\"wppg_popup\" title=\"HUT_0101\" href=\"https:\/\/arbresvenerables.arborethic.com\/blog\/index.php\/wppg_photo_details\/?gallery_id=21&image_id=2361\">\r\n                <img alt=\"hut_0101\" src=\"https:\/\/arbresvenerables.arborethic.com\/blog\/wp-content\/uploads\/simple_photo_gallery\/21\/HUT_0101.jpg\">\r\n            <\/a>\r\n\t<\/div><!-- end of .wpsg-t3-item -->\r\n    \t<div class=\"wpsg-t3-item\">\r\n            <a class=\"wppg_popup\" title=\"HUT_0103\" href=\"https:\/\/arbresvenerables.arborethic.com\/blog\/index.php\/wppg_photo_details\/?gallery_id=21&image_id=2362\">\r\n                <img alt=\"hut_0103\" src=\"https:\/\/arbresvenerables.arborethic.com\/blog\/wp-content\/uploads\/simple_photo_gallery\/21\/HUT_0103.jpg\">\r\n            <\/a>\r\n\t<\/div><!-- end of .wpsg-t3-item -->\r\n    \t<div class=\"wpsg-t3-item\">\r\n            <a class=\"wppg_popup\" title=\"HUT_0105\" href=\"https:\/\/arbresvenerables.arborethic.com\/blog\/index.php\/wppg_photo_details\/?gallery_id=21&image_id=2363\">\r\n                <img alt=\"hut_0105\" src=\"https:\/\/arbresvenerables.arborethic.com\/blog\/wp-content\/uploads\/simple_photo_gallery\/21\/HUT_0105.jpg\">\r\n            <\/a>\r\n\t<\/div><!-- end of .wpsg-t3-item -->\r\n    \t<div class=\"wpsg-t3-item\">\r\n            <a class=\"wppg_popup\" title=\"HUT_0109\" href=\"https:\/\/arbresvenerables.arborethic.com\/blog\/index.php\/wppg_photo_details\/?gallery_id=21&image_id=2364\">\r\n                <img alt=\"hut_0109\" src=\"https:\/\/arbresvenerables.arborethic.com\/blog\/wp-content\/uploads\/simple_photo_gallery\/21\/HUT_0109.jpg\">\r\n            <\/a>\r\n\t<\/div><!-- end of .wpsg-t3-item -->\r\n    \t<div class=\"wpsg-t3-item\">\r\n            <a class=\"wppg_popup\" title=\"HUT_0111\" href=\"https:\/\/arbresvenerables.arborethic.com\/blog\/index.php\/wppg_photo_details\/?gallery_id=21&image_id=2365\">\r\n                <img alt=\"hut_0111\" src=\"https:\/\/arbresvenerables.arborethic.com\/blog\/wp-content\/uploads\/simple_photo_gallery\/21\/HUT_0111.jpg\">\r\n            <\/a>\r\n\t<\/div><!-- end of .wpsg-t3-item -->\r\n    \t<div class=\"wpsg-t3-item\">\r\n            <a class=\"wppg_popup\" title=\"HUT_0112\" href=\"https:\/\/arbresvenerables.arborethic.com\/blog\/index.php\/wppg_photo_details\/?gallery_id=21&image_id=2366\">\r\n                <img alt=\"hut_0112\" src=\"https:\/\/arbresvenerables.arborethic.com\/blog\/wp-content\/uploads\/simple_photo_gallery\/21\/HUT_0112.jpg\">\r\n            <\/a>\r\n\t<\/div><!-- end of .wpsg-t3-item -->\r\n    \t<div class=\"wpsg-t3-item\">\r\n            <a class=\"wppg_popup\" title=\"HUT_0118\" href=\"https:\/\/arbresvenerables.arborethic.com\/blog\/index.php\/wppg_photo_details\/?gallery_id=21&image_id=2367\">\r\n                <img alt=\"hut_0118\" src=\"https:\/\/arbresvenerables.arborethic.com\/blog\/wp-content\/uploads\/simple_photo_gallery\/21\/HUT_0118.jpg\">\r\n            <\/a>\r\n\t<\/div><!-- end of .wpsg-t3-item -->\r\n    \t<div class=\"wpsg-t3-item\">\r\n            <a class=\"wppg_popup\" title=\"HUT_0121\" href=\"https:\/\/arbresvenerables.arborethic.com\/blog\/index.php\/wppg_photo_details\/?gallery_id=21&image_id=2368\">\r\n                <img alt=\"hut_0121\" src=\"https:\/\/arbresvenerables.arborethic.com\/blog\/wp-content\/uploads\/simple_photo_gallery\/21\/HUT_0121.jpg\">\r\n            <\/a>\r\n\t<\/div><!-- end of .wpsg-t3-item -->\r\n    \t<div class=\"wpsg-t3-item\">\r\n            <a class=\"wppg_popup\" title=\"HUT_0131\" href=\"https:\/\/arbresvenerables.arborethic.com\/blog\/index.php\/wppg_photo_details\/?gallery_id=21&image_id=2369\">\r\n                <img alt=\"hut_0131\" src=\"https:\/\/arbresvenerables.arborethic.com\/blog\/wp-content\/uploads\/simple_photo_gallery\/21\/HUT_0131.jpg\">\r\n            <\/a>\r\n\t<\/div><!-- end of .wpsg-t3-item -->\r\n    \t<div class=\"wpsg-t3-item\">\r\n            <a class=\"wppg_popup\" title=\"HUT_0133\" href=\"https:\/\/arbresvenerables.arborethic.com\/blog\/index.php\/wppg_photo_details\/?gallery_id=21&image_id=2370\">\r\n                <img alt=\"hut_0133\" src=\"https:\/\/arbresvenerables.arborethic.com\/blog\/wp-content\/uploads\/simple_photo_gallery\/21\/HUT_0133.jpg\">\r\n            <\/a>\r\n\t<\/div><!-- end of .wpsg-t3-item -->\r\n    \t<div class=\"wpsg-t3-item\">\r\n            <a class=\"wppg_popup\" title=\"HUT_0135\" href=\"https:\/\/arbresvenerables.arborethic.com\/blog\/index.php\/wppg_photo_details\/?gallery_id=21&image_id=2371\">\r\n                <img alt=\"hut_0135\" src=\"https:\/\/arbresvenerables.arborethic.com\/blog\/wp-content\/uploads\/simple_photo_gallery\/21\/HUT_0135.jpg\">\r\n            <\/a>\r\n\t<\/div><!-- end of .wpsg-t3-item -->\r\n    \t<div class=\"wpsg-t3-item\">\r\n            <a class=\"wppg_popup\" title=\"HUT_0136\" href=\"https:\/\/arbresvenerables.arborethic.com\/blog\/index.php\/wppg_photo_details\/?gallery_id=21&image_id=2372\">\r\n                <img alt=\"hut_0136\" src=\"https:\/\/arbresvenerables.arborethic.com\/blog\/wp-content\/uploads\/simple_photo_gallery\/21\/HUT_0136.jpg\">\r\n            <\/a>\r\n\t<\/div><!-- end of .wpsg-t3-item -->\r\n    \t<div class=\"wpsg-t3-item\">\r\n            <a class=\"wppg_popup\" title=\"HUT_0137\" href=\"https:\/\/arbresvenerables.arborethic.com\/blog\/index.php\/wppg_photo_details\/?gallery_id=21&image_id=2373\">\r\n                <img alt=\"hut_0137\" src=\"https:\/\/arbresvenerables.arborethic.com\/blog\/wp-content\/uploads\/simple_photo_gallery\/21\/HUT_0137.jpg\">\r\n            <\/a>\r\n\t<\/div><!-- end of .wpsg-t3-item -->\r\n    \t<div class=\"wpsg-t3-item\">\r\n            <a class=\"wppg_popup\" title=\"HUT_0140\" href=\"https:\/\/arbresvenerables.arborethic.com\/blog\/index.php\/wppg_photo_details\/?gallery_id=21&image_id=2374\">\r\n                <img alt=\"hut_0140\" src=\"https:\/\/arbresvenerables.arborethic.com\/blog\/wp-content\/uploads\/simple_photo_gallery\/21\/HUT_0140.jpg\">\r\n            <\/a>\r\n\t<\/div><!-- end of .wpsg-t3-item -->\r\n    \t<div class=\"wpsg-t3-item\">\r\n            <a class=\"wppg_popup\" title=\"HUT_0141\" href=\"https:\/\/arbresvenerables.arborethic.com\/blog\/index.php\/wppg_photo_details\/?gallery_id=21&image_id=2375\">\r\n                <img alt=\"hut_0141\" src=\"https:\/\/arbresvenerables.arborethic.com\/blog\/wp-content\/uploads\/simple_photo_gallery\/21\/HUT_0141.jpg\">\r\n            <\/a>\r\n\t<\/div><!-- end of .wpsg-t3-item -->\r\n    \t<div class=\"wpsg-t3-item\">\r\n            <a class=\"wppg_popup\" title=\"HUT_0143\" href=\"https:\/\/arbresvenerables.arborethic.com\/blog\/index.php\/wppg_photo_details\/?gallery_id=21&image_id=2376\">\r\n                <img alt=\"hut_0143\" src=\"https:\/\/arbresvenerables.arborethic.com\/blog\/wp-content\/uploads\/simple_photo_gallery\/21\/HUT_0143.jpg\">\r\n            <\/a>\r\n\t<\/div><!-- end of .wpsg-t3-item -->\r\n    \t<div class=\"wpsg-t3-item\">\r\n            <a class=\"wppg_popup\" title=\"HUT_0146\" href=\"https:\/\/arbresvenerables.arborethic.com\/blog\/index.php\/wppg_photo_details\/?gallery_id=21&image_id=2377\">\r\n                <img alt=\"hut_0146\" src=\"https:\/\/arbresvenerables.arborethic.com\/blog\/wp-content\/uploads\/simple_photo_gallery\/21\/HUT_0146.jpg\">\r\n            <\/a>\r\n\t<\/div><!-- end of .wpsg-t3-item -->\r\n    \t<div class=\"wpsg-t3-item\">\r\n            <a class=\"wppg_popup\" title=\"HUT_0148\" href=\"https:\/\/arbresvenerables.arborethic.com\/blog\/index.php\/wppg_photo_details\/?gallery_id=21&image_id=2378\">\r\n                <img alt=\"hut_0148\" src=\"https:\/\/arbresvenerables.arborethic.com\/blog\/wp-content\/uploads\/simple_photo_gallery\/21\/HUT_0148.jpg\">\r\n            <\/a>\r\n\t<\/div><!-- end of .wpsg-t3-item -->\r\n    \t<div class=\"wpsg-t3-item\">\r\n            <a class=\"wppg_popup\" title=\"HUT_0149bis\" href=\"https:\/\/arbresvenerables.arborethic.com\/blog\/index.php\/wppg_photo_details\/?gallery_id=21&image_id=2379\">\r\n                <img alt=\"hut_0149bis\" src=\"https:\/\/arbresvenerables.arborethic.com\/blog\/wp-content\/uploads\/simple_photo_gallery\/21\/HUT_0149-e1499676475352.jpg\">\r\n            <\/a>\r\n\t<\/div><!-- end of .wpsg-t3-item -->\r\n    \t<div class=\"wpsg-t3-item\">\r\n            <a class=\"wppg_popup\" title=\"HUT_0152\" href=\"https:\/\/arbresvenerables.arborethic.com\/blog\/index.php\/wppg_photo_details\/?gallery_id=21&image_id=2380\">\r\n                <img alt=\"hut_0152\" src=\"https:\/\/arbresvenerables.arborethic.com\/blog\/wp-content\/uploads\/simple_photo_gallery\/21\/HUT_0152.jpg\">\r\n            <\/a>\r\n\t<\/div><!-- end of .wpsg-t3-item -->\r\n    \t<div class=\"wpsg-t3-item\">\r\n            <a class=\"wppg_popup\" title=\"HUT_0154\" href=\"https:\/\/arbresvenerables.arborethic.com\/blog\/index.php\/wppg_photo_details\/?gallery_id=21&image_id=2381\">\r\n                <img alt=\"hut_0154\" src=\"https:\/\/arbresvenerables.arborethic.com\/blog\/wp-content\/uploads\/simple_photo_gallery\/21\/HUT_0154.jpg\">\r\n            <\/a>\r\n\t<\/div><!-- end of .wpsg-t3-item -->\r\n    \t<div class=\"wpsg-t3-item\">\r\n            <a class=\"wppg_popup\" title=\"HUT_0157\" href=\"https:\/\/arbresvenerables.arborethic.com\/blog\/index.php\/wppg_photo_details\/?gallery_id=21&image_id=2382\">\r\n                <img alt=\"hut_0157\" src=\"https:\/\/arbresvenerables.arborethic.com\/blog\/wp-content\/uploads\/simple_photo_gallery\/21\/HUT_0157.jpg\">\r\n            <\/a>\r\n\t<\/div><!-- end of .wpsg-t3-item -->\r\n    \t<div class=\"wpsg-t3-item\">\r\n            <a class=\"wppg_popup\" title=\"HUT_0159\" href=\"https:\/\/arbresvenerables.arborethic.com\/blog\/index.php\/wppg_photo_details\/?gallery_id=21&image_id=2383\">\r\n                <img alt=\"hut_0159\" src=\"https:\/\/arbresvenerables.arborethic.com\/blog\/wp-content\/uploads\/simple_photo_gallery\/21\/HUT_0159.jpg\">\r\n            <\/a>\r\n\t<\/div><!-- end of .wpsg-t3-item -->\r\n    \t<div class=\"wpsg-t3-item\">\r\n            <a class=\"wppg_popup\" title=\"HUT_0162\" href=\"https:\/\/arbresvenerables.arborethic.com\/blog\/index.php\/wppg_photo_details\/?gallery_id=21&image_id=2384\">\r\n                <img alt=\"hut_0162\" src=\"https:\/\/arbresvenerables.arborethic.com\/blog\/wp-content\/uploads\/simple_photo_gallery\/21\/HUT_0162.jpg\">\r\n            <\/a>\r\n\t<\/div><!-- end of .wpsg-t3-item -->\r\n    \t<div class=\"wpsg-t3-item\">\r\n            <a class=\"wppg_popup\" title=\"HUT_0168\" href=\"https:\/\/arbresvenerables.arborethic.com\/blog\/index.php\/wppg_photo_details\/?gallery_id=21&image_id=2385\">\r\n                <img alt=\"hut_0168\" src=\"https:\/\/arbresvenerables.arborethic.com\/blog\/wp-content\/uploads\/simple_photo_gallery\/21\/HUT_0168.jpg\">\r\n            <\/a>\r\n\t<\/div><!-- end of .wpsg-t3-item -->\r\n    \t<div class=\"wpsg-t3-item\">\r\n            <a class=\"wppg_popup\" title=\"HUT_0169\" href=\"https:\/\/arbresvenerables.arborethic.com\/blog\/index.php\/wppg_photo_details\/?gallery_id=21&image_id=2386\">\r\n                <img alt=\"hut_0169\" src=\"https:\/\/arbresvenerables.arborethic.com\/blog\/wp-content\/uploads\/simple_photo_gallery\/21\/HUT_0169.jpg\">\r\n            <\/a>\r\n\t<\/div><!-- end of .wpsg-t3-item -->\r\n    \t<div class=\"wpsg-t3-item\">\r\n            <a class=\"wppg_popup\" title=\"HUT_0193\" href=\"https:\/\/arbresvenerables.arborethic.com\/blog\/index.php\/wppg_photo_details\/?gallery_id=21&image_id=2387\">\r\n                <img alt=\"hut_0193\" src=\"https:\/\/arbresvenerables.arborethic.com\/blog\/wp-content\/uploads\/simple_photo_gallery\/21\/HUT_0193.jpg\">\r\n            <\/a>\r\n\t<\/div><!-- end of .wpsg-t3-item -->\r\n    \t<div class=\"wpsg-t3-item\">\r\n            <a class=\"wppg_popup\" title=\"HUT_0194\" href=\"https:\/\/arbresvenerables.arborethic.com\/blog\/index.php\/wppg_photo_details\/?gallery_id=21&image_id=2388\">\r\n                <img alt=\"hut_0194\" src=\"https:\/\/arbresvenerables.arborethic.com\/blog\/wp-content\/uploads\/simple_photo_gallery\/21\/HUT_0194.jpg\">\r\n            <\/a>\r\n\t<\/div><!-- end of .wpsg-t3-item -->\r\n    \t<div class=\"wpsg-t3-item\">\r\n            <a class=\"wppg_popup\" title=\"HUT_0197\" href=\"https:\/\/arbresvenerables.arborethic.com\/blog\/index.php\/wppg_photo_details\/?gallery_id=21&image_id=2389\">\r\n                <img alt=\"hut_0197\" src=\"https:\/\/arbresvenerables.arborethic.com\/blog\/wp-content\/uploads\/simple_photo_gallery\/21\/HUT_0197.jpg\">\r\n            <\/a>\r\n\t<\/div><!-- end of .wpsg-t3-item -->\r\n    \t<div class=\"wpsg-t3-item\">\r\n            <a class=\"wppg_popup\" title=\"HUT_0199\" href=\"https:\/\/arbresvenerables.arborethic.com\/blog\/index.php\/wppg_photo_details\/?gallery_id=21&image_id=2390\">\r\n                <img alt=\"hut_0199\" src=\"https:\/\/arbresvenerables.arborethic.com\/blog\/wp-content\/uploads\/simple_photo_gallery\/21\/HUT_0199.jpg\">\r\n            <\/a>\r\n\t<\/div><!-- end of .wpsg-t3-item -->\r\n    \t<div class=\"wpsg-t3-item\">\r\n            <a class=\"wppg_popup\" title=\"MANA FINA\" href=\"https:\/\/arbresvenerables.arborethic.com\/blog\/index.php\/wppg_photo_details\/?gallery_id=21&image_id=2391\">\r\n                <img alt=\"MANA FINA\" src=\"https:\/\/arbresvenerables.arborethic.com\/blog\/wp-content\/uploads\/simple_photo_gallery\/21\/HUT_0210.jpg\">\r\n            <\/a>\r\n\t<\/div><!-- end of .wpsg-t3-item -->\r\n            <div class=\"clear\"><\/div>\r\n                \r\n        <\/div> <!--end wppg-gallery-display div --> \r\n       \r\n     \r\n<!-- Masonry stuff -->\r\n<script type=\"text\/javascript\" src=\"https:\/\/arbresvenerables.arborethic.com\/blog\/wp-content\/plugins\/simple-photo-gallery\/js\/masonry.pkgd.min.js?ver=1.8.1\"><\/script><script type=\"text\/javascript\">\r\nwindow.onload = function(){ \r\nvar container = document.querySelector('#wppg-gallery-template-3');\r\nvar msnry = new Masonry( container, {\r\n  \/\/ options\r\n  columnWidth: '.wpsg-t3-item',\r\n  itemSelector: '.wpsg-t3-item'\r\n});\r\n}\r\n<\/script>\r\n<!-- End Masonry stuff -->\r\n\r\n\r\n\n","protected":false},"excerpt":{"rendered":"","protected":false},"author":1,"featured_media":0,"parent":263,"menu_order":0,"comment_status":"closed","ping_status":"closed","template":"","meta":{"_mi_skip_tracking":false,"_monsterinsights_sitenote_active":false,"_monsterinsights_sitenote_note":"","_monsterinsights_sitenote_category":0},"_links":{"self":[{"href":"https:\/\/arbresvenerables.arborethic.com\/blog\/index.php\/wp-json\/wp\/v2\/pages\/2392"}],"collection":[{"href":"https:\/\/arbresvenerables.arborethic.com\/blog\/index.php\/wp-json\/wp\/v2\/pages"}],"about":[{"href":"https:\/\/arbresvenerables.arborethic.com\/blog\/index.php\/wp-json\/wp\/v2\/types\/page"}],"author":[{"embeddable":true,"href":"https:\/\/arbresvenerables.arborethic.com\/blog\/index.php\/wp-json\/wp\/v2\/users\/1"}],"replies":[{"embeddable":true,"href":"https:\/\/arbresvenerables.arborethic.com\/blog\/index.php\/wp-json\/wp\/v2\/comments?post=2392"}],"version-history":[{"count":0,"href":"https:\/\/arbresvenerables.arborethic.com\/blog\/index.php\/wp-json\/wp\/v2\/pages\/2392\/revisions"}],"up":[{"embeddable":true,"href":"https:\/\/arbresvenerables.arborethic.com\/blog\/index.php\/wp-json\/wp\/v2\/pages\/263"}],"wp:attachment":[{"href":"https:\/\/arbresvenerables.arborethic.com\/blog\/index.php\/wp-json\/wp\/v2\/media?parent=2392"}],"curies":[{"name":"wp","href":"https:\/\/api.w.org\/{rel}","templated":true}]}}