{"id":230,"date":"2016-12-14T00:47:06","date_gmt":"2016-12-13T23:47:06","guid":{"rendered":"http:\/\/arbresvenerables.arborethic.com\/blog\/?page_id=230"},"modified":"2016-12-14T00:48:35","modified_gmt":"2016-12-13T23:48:35","slug":"arbre-art-environnement","status":"publish","type":"page","link":"https:\/\/arbresvenerables.arborethic.com\/blog\/index.php\/arbre-art-environnement\/","title":{"rendered":"Arbre, Art, Environnement"},"content":{"rendered":"<h2><strong>Le projet\u00a0: une Fondation de l\u2019Arbre, de l\u2019Art et de l\u2019Environnement, en France<\/strong><\/h2>\n<p>Apr\u00e8s 20 ann\u00e9es pass\u00e9es \u00e0 voyager autour du monde, \u00e0 ouvrir l\u2019\u0153il et \u00e0 photographier arbres, paysages, sc\u00e8nes de le nature, \u00e0 aiguiser mon regard et ma r\u00e9flexion sur notre environnement et sur l\u2019humanit\u00e9 et son devenir\u00a0; \u00e0 observer comment on prot\u00e8ge les arbres au Japon, en Chine, en Inde, aux Etats-Unis, en Allemagne, et comment, en France, les arbres recens\u00e9s par les associations locales, d\u00e9partementales, qu\u2019ils soient remarquables, v\u00e9n\u00e9rables, historiques, ne sont, h\u00e9las, ni prot\u00e9g\u00e9s ni respect\u00e9s, je souhaite cr\u00e9er une <strong>Fondation de l\u2019Arbre, de l\u2019Art et de l\u2019Environnement<\/strong> qui plantera les graines du futur avec l\u2019aide des \u00ab\u00a0Ami(e)s des arbres\u00a0\u00bb\u00a0; deviendront \u00ab\u00a0Ami(e)s des Arbres\u00a0\u00bb, toutes personnes souhaitant s\u2019impliquer et aider \u00e0 planter des graines d\u2019arbres.<\/p>\n<p>O\u00f9 h\u00e9berger la <strong>Fondation de l\u2019Arbre, de l\u2019Art et de l\u2019Environnement<\/strong>\u00a0?<br \/>\nComme mes racines sont en majeure partie p\u00e9rigourdines, j\u2019ai pens\u00e9 au P\u00e9rigord, au titre de la \u00ab <strong>mise en valeur du patrimoine naturel et culturel de l\u2019Aquitaine<\/strong> \u00bb<strong>. <\/strong><\/p>\n<p>De plus les sites de la <strong>Vall\u00e9e de la V\u00e9z\u00e8re<\/strong> sont inscrits au <strong>Patrimoine Mondial de l\u2019UNESCO<\/strong>, nous pourrions ainsi faire le lien entre l\u2019Appel des Arbres V\u00e9n\u00e9rables et la V\u00e9z\u00e8re. Des expositions p\u00e9dagogiques y seraient cr\u00e9\u00e9es et des plantations d\u2019arbres r\u00e9alis\u00e9es avec les \u00e9coles, les municipalit\u00e9s, etc.<\/p>\n<p>Si vous avez d\u2019autres id\u00e9es ou propositions, j\u2019aimerais, si vous le souhaitez, \u00e9videmment,\u00a0 que vous m\u2019en fassiez part.<br \/>\n<strong>Les objectifs de la fondation\u00a0:<\/strong><\/p>\n<ul>\n<li>Racheter des arbres historiques, v\u00e9n\u00e9rables et des terrains qui pourraient \u00eatre en danger, en P\u00e9rigord comme dans toute la France.<\/li>\n<li>Aboutir au classement des Arbres V\u00e9n\u00e9rables en tant que <strong>Patrimoines Naturels Mondiaux et Monuments Naturels et Culturels Nationaux.<\/strong><\/li>\n<li>Mettre en place des plantations d\u2019arbres avec les \u00e9coles, les municipalit\u00e9s, les entreprises sur le domaine public comme dans les jardins priv\u00e9s,<\/li>\n<li>Faire prendre conscience aux gens et planteurs que ces jeunes arbres seront aussi des \u00ab\u00a0puits de carbone\u00a0\u00bb comme le sont d\u00e9j\u00e0 depuis des si\u00e8cles, les arbres V\u00e9n\u00e9rables et for\u00eats du monde et donc des acteurs de la lutte contre le r\u00e9chauffement climatique.<\/li>\n<li>Aider les propri\u00e9taires \u00e0 prot\u00e9ger leurs arbres avec une \u00e9quipe d\u2019avocats et juristes.<\/li>\n<li>Organiser des festivit\u00e9s pour cr\u00e9er une sensibilit\u00e9 environnementale.<\/li>\n<li>Soutenir les artistes travaillant sur le th\u00e8me de l\u2019environnement en leur achetant des \u0153uvres (s\u00e9lection sur dossier). En contre partie, ces artistes participeront \u00e0 la vie p\u00e9renne de cette fondation. Ils pourront aussi devenir des parrains et marraines pour la fondation.<\/li>\n<li>Faire participer activement \u00e0 la vie de la fondation et \u00e0 ses projets les employ\u00e9(e)s des entreprises ou\/et des collectivit\u00e9s-m\u00e9c\u00e8nes de la fondation. Les employ\u00e9s et leur entreprise deviendront \u00ab\u00a0les Amis des Arbres\u00a0\u00bb.<\/li>\n<li>Accepter toute personne le souhaitant et sans discrimination, comme membre de cette fondation.<\/li>\n<\/ul>\n<p><strong>Mes projets en cours et \u00e0 venir<\/strong><\/p>\n<p>Redynamiser l&rsquo;association Mathusalem Dordogne et l\u2019accompagner dans son renouveau. Lui trouver un (nouveau) lieu de vie, o\u00f9 des arbres pourront \u00eatre plant\u00e9s avec le soutien des \u00e9coles, des municipalit\u00e9s. Cr\u00e9er et r\u00e9aliser son site internet, \u00e9tape incontournable \u00e0 son d\u00e9veloppement. L\u2019association aura aussi besoin d\u2019un \u00e9quipement informatique, d\u2019une adresse \u00e9lectronique d\u00e9di\u00e9e, d\u2019un t\u00e9l\u00e9phone et une boite postale dans une maison des associations. A moins qu\u2019une personne priv\u00e9e ou collectivit\u00e9 ne lui l\u00e8gue un terrain et une maison \u00e0 restaurer pour h\u00e9berger l\u2019association et ses activit\u00e9s. Dans ce cas, des chantiers \u00e9coles pourraient \u00eatre entrepris pour la restauration de cette maison et la plantation d\u2019arbres. Des programmes p\u00e9dagogiques pourront alors y \u00eatre \u00e9labor\u00e9s et mis en place.<\/p>\n<ul>\n<li>A partir du recensement des arbres historiques de la libert\u00e9 effectu\u00e9 par Mathusalem Dordogne en 1989\u00a0:<\/li>\n<li>Chercher ce que sont devenus tous ces arbres ? Lesquels ont r\u00e9sist\u00e9 aux temp\u00eates de 1999 et 2009\u00a0?<\/li>\n<li>Convaincre le Conseil D\u00e9partemental et les municipalit\u00e9s d\u00e9j\u00e0 partisans de promouvoir le patrimoine exceptionnel de notre r\u00e9gion, d\u2019\u0153uvrer \u00e0 la protection active de tous les arbres historiques et leurs descendants.<\/li>\n<li>Cr\u00e9er, 20 ans apr\u00e8s, un beau livre des 200 plus anciens arbres du P\u00e9rigord, en collaboration avec les \u00e9crivains locaux, dessinateurs, peintres, illustrateurs et vid\u00e9astes du P\u00e9rigord et le soutien des municipalit\u00e9s, collectivit\u00e9s et professionnels du bois et de la for\u00eat. Des interviews-portraits des propri\u00e9taires des arbres pourraient m\u00eame \u00eatre int\u00e9gr\u00e9s au livre.<\/li>\n<\/ul>\n<p><strong>Tous les projets exprim\u00e9s participent \u00e0\u00a0: <\/strong><br \/>\n<u>1 : Une pr\u00e9occupation patrimoniale <\/u><br \/>\nLes arbres v\u00e9n\u00e9rables sont des monuments v\u00e9g\u00e9taux et historiques, l\u2019association Mathusalem Dordogne a fait un remarquable travail de recensement, il y a 20 ans d\u00e9j\u00e0\u00a0! Il est temps, aujourd\u2019hui et pour l\u2019avenir de se pr\u00e9occuper d\u2019eux, en tant que patrimoine touristique et \u00e9conomique r\u00e9gional et mondial.<br \/>\n<u>2 : Une pr\u00e9occupation \u00e9conomique <\/u><br \/>\nPuisque la Dordogne souhaite faire progresser le tourisme jusqu\u2019\u00e0 1 milliards d\u2019\u20ac au d\u00e9but la prochaine d\u00e9cennie. La croissance doit passer par la valorisation de nouveaux produits. Les arbres v\u00e9n\u00e9rables en font naturellement partie.<br \/>\n<u>3 : Une pr\u00e9occupation internationale <\/u><br \/>\nPuisque la Dordogne souhaite accro\u00eetre la notori\u00e9t\u00e9 et la visibilit\u00e9 du P\u00e9rigord et celle de l\u2019Aquitaine \u00a0dans le monde, \u00e0 travers l\u2019itin\u00e9rance intercontinentale, une exposition \u00ab\u00a0Arbres du P\u00e9rigord, T\u00e9moins vivants du pass\u00e9\u00a0\u00bb pourrait venir compl\u00e9ter l\u2019exposition d\u00e9j\u00e0 existante \u00ab\u00a0Arbres v\u00e9n\u00e9rables\u00a0\u00bb. Nous pourrions cr\u00e9er une exposition \u00ab\u00a0portraits de P\u00e9rigourdins, portraits d\u2019Arbres P\u00e9rigourdins\u00a0\u00bb.<br \/>\n<u>4 : Une pr\u00e9occupation \u00e9ducative<\/u><br \/>\nLes monuments v\u00e9g\u00e9taux que sont les arbres v\u00e9n\u00e9rables, tr\u00e9sors vivants, ne nous appartiennent pas, ils font partie de notre patrimoine et \u00e0 plus grande \u00e9chelle du patrimoine de l\u2019humanit\u00e9. A ce titre, il faut les faire partager au plus grand nombre. Car la vulgarisation de la pr\u00e9histoire et de l\u2019histoire des arbres, du bois, \u2026 , c\u2019est l\u2019enseignement des origines de l\u2019humanit\u00e9 et de son d\u00e9veloppement, des d\u00e9buts de la connaissance, les arbres en ont \u00e9t\u00e9 les acteurs \u00e0 plus d\u2019un titre, sans arbres pas d\u2019humanit\u00e9.<br \/>\n<u>5 : Une pr\u00e9occupation partenariale<\/u><br \/>\nAfin de cr\u00e9er et faire vivre ces projets ambitieux, je dois imp\u00e9rativement nouer un partenariat avec la r\u00e9gion et le d\u00e9partement. Ensemble, nous pouvons faire na\u00eetre une coop\u00e9ration bas\u00e9e sur la convergence de nos int\u00e9r\u00eats.<\/p>\n","protected":false},"excerpt":{"rendered":"<p>Le projet\u00a0: une Fondation de l\u2019Arbre, de l\u2019Art et de l\u2019Environnement, en France Apr\u00e8s 20 ann\u00e9es pass\u00e9es \u00e0 voyager autour du monde, \u00e0 ouvrir l\u2019\u0153il et \u00e0 photographier arbres, paysages, sc\u00e8nes de le nature, \u00e0 aiguiser mon regard et ma r\u00e9flexion sur notre environnement&#8230;<\/p>\n","protected":false},"author":1,"featured_media":0,"parent":0,"menu_order":0,"comment_status":"closed","ping_status":"closed","template":"","meta":{"_mi_skip_tracking":false,"_monsterinsights_sitenote_active":false,"_monsterinsights_sitenote_note":"","_monsterinsights_sitenote_category":0},"_links":{"self":[{"href":"https:\/\/arbresvenerables.arborethic.com\/blog\/index.php\/wp-json\/wp\/v2\/pages\/230"}],"collection":[{"href":"https:\/\/arbresvenerables.arborethic.com\/blog\/index.php\/wp-json\/wp\/v2\/pages"}],"about":[{"href":"https:\/\/arbresvenerables.arborethic.com\/blog\/index.php\/wp-json\/wp\/v2\/types\/page"}],"author":[{"embeddable":true,"href":"https:\/\/arbresvenerables.arborethic.com\/blog\/index.php\/wp-json\/wp\/v2\/users\/1"}],"replies":[{"embeddable":true,"href":"https:\/\/arbresvenerables.arborethic.com\/blog\/index.php\/wp-json\/wp\/v2\/comments?post=230"}],"version-history":[{"count":2,"href":"https:\/\/arbresvenerables.arborethic.com\/blog\/index.php\/wp-json\/wp\/v2\/pages\/230\/revisions"}],"predecessor-version":[{"id":234,"href":"https:\/\/arbresvenerables.arborethic.com\/blog\/index.php\/wp-json\/wp\/v2\/pages\/230\/revisions\/234"}],"wp:attachment":[{"href":"https:\/\/arbresvenerables.arborethic.com\/blog\/index.php\/wp-json\/wp\/v2\/media?parent=230"}],"curies":[{"name":"wp","href":"https:\/\/api.w.org\/{rel}","templated":true}]}}