{"id":1176,"date":"2016-12-24T16:40:49","date_gmt":"2016-12-24T15:40:49","guid":{"rendered":"http:\/\/arbresvenerables.arborethic.com\/blog\/?page_id=1176"},"modified":"2016-12-24T16:40:49","modified_gmt":"2016-12-24T15:40:49","slug":"le-mexique","status":"publish","type":"page","link":"https:\/\/arbresvenerables.arborethic.com\/blog\/index.php\/carnet-de-voyages\/le-mexique\/","title":{"rendered":"le Mexique"},"content":{"rendered":"<p class=\"Style74\" align=\"center\"><u><strong>\u00a0Le Cypr\u00e8s de Tule, Mexique<\/strong><\/u><\/p>\n<p class=\"Style74\" align=\"center\"><a href=\"http:\/\/arbresvenerables.arborethic.com\/blog\/wp-content\/uploads\/2016\/12\/WEB-Mexique-Arbre-de-Tule.jpg\"><img decoding=\"async\" loading=\"lazy\" class=\"aligncenter size-full wp-image-1178\" src=\"http:\/\/arbresvenerables.arborethic.com\/blog\/wp-content\/uploads\/2016\/12\/WEB-Mexique-Arbre-de-Tule.jpg\" alt=\"\" width=\"400\" height=\"255\" srcset=\"https:\/\/arbresvenerables.arborethic.com\/blog\/wp-content\/uploads\/2016\/12\/WEB-Mexique-Arbre-de-Tule.jpg 400w, https:\/\/arbresvenerables.arborethic.com\/blog\/wp-content\/uploads\/2016\/12\/WEB-Mexique-Arbre-de-Tule-300x191.jpg 300w\" sizes=\"(max-width: 400px) 100vw, 400px\" \/><\/a><\/p>\n<p class=\"Style74\">Pour ce qui est du Mexique et du plus large arbres au monde, l&rsquo;<u><strong>Arbre de Tule<\/strong><\/u>, j&rsquo;avais au pr\u00e9alable pris un contact avec des amis de Pancho, propri\u00e9taire du Reptiland de Martel, dans le Lot, qui habitent \u00e0 Oaxaca, non loin de Tule. Je suis donc all\u00e9 chez eux pour quelques jours, le temps de r\u00e9aliser ma prise de vue. Alicia et Jojelio sont devenus mes amis. Je fus leur h\u00f4te et ils ont tout organis\u00e9 pour que je puisse r\u00e9aliser une splendide photo, comme celle de r\u00e9unir les enfants de la petite \u00e9cole de Tule sous cet immense <strong>Cypr\u00e8s<\/strong> (<em><strong>Taxodium mucronatum<\/strong><\/em>). Ce ne fut pas si \u00e9vident car d&rsquo;une part il fallait parler espagnol, ce qui n&rsquo;est pas mon cas, mais c&rsquo;\u00e9tait surtout d&rsquo;obtenir l&rsquo;autorisation pour r\u00e9unir les enfants. Mais tout c&rsquo;est bien d\u00e9roul\u00e9.<\/p>\n<p class=\"Style74\" align=\"center\"><a href=\"http:\/\/arbresvenerables.arborethic.com\/blog\/wp-content\/uploads\/2016\/12\/cit-bois4x3_Page_1.jpg\"><img decoding=\"async\" loading=\"lazy\" class=\"aligncenter size-full wp-image-1185\" src=\"http:\/\/arbresvenerables.arborethic.com\/blog\/wp-content\/uploads\/2016\/12\/cit-bois4x3_Page_1.jpg\" alt=\"\" width=\"225\" height=\"300\" \/><\/a><\/p>\n<p class=\"Style74\">Les enfants sont arriv\u00e9s un beau matin, \u00e0 la file indienne. J&rsquo;\u00e9tais si heureux.<\/p>\n<p class=\"Style74\"><strong>\u00ab\u00a0Les enfants ont l&rsquo;avenir de la Plan\u00e8te dans leur coeur et dans leurs mains\u00a0\u00bb<\/strong><\/p>\n<p class=\"Style74\">Je suis revenu plusieurs fois sous cet arbre, tout en observant l&rsquo;\u00e9tat de sant\u00e9 de ces autres cong\u00e9n\u00e8res, sans doute ses descendants. Ils sont en train de dess\u00e9cher.<\/p>\n<p class=\"Style74\">Alicia, Jojelio et leurs enfants m&rsquo;ont montr\u00e9 Oaxaca, les temples Zapoth\u00e8ques comme le Mont Alban. Quelle merveilleuse construction que d&rsquo;avoir transport\u00e9 d&rsquo;immenses pierres venues de si loin, pour la v\u00e9n\u00e9ration de leurs dieux.<\/p>\n<p class=\"Style74\" align=\"center\"><a href=\"http:\/\/arbresvenerables.arborethic.com\/blog\/wp-content\/uploads\/2016\/12\/WEB-Mexique-tronc-Arbre-de-.jpg\"><img decoding=\"async\" loading=\"lazy\" class=\"size-full wp-image-1184 alignleft\" src=\"http:\/\/arbresvenerables.arborethic.com\/blog\/wp-content\/uploads\/2016\/12\/WEB-Mexique-tronc-Arbre-de-.jpg\" alt=\"\" width=\"185\" height=\"281\" \/><\/a><a href=\"http:\/\/arbresvenerables.arborethic.com\/blog\/wp-content\/uploads\/2016\/12\/WEB-Mexique-Arbre-de-Tule-t.jpg\"><img decoding=\"async\" loading=\"lazy\" class=\"size-full wp-image-1180 alignright\" src=\"http:\/\/arbresvenerables.arborethic.com\/blog\/wp-content\/uploads\/2016\/12\/WEB-Mexique-Arbre-de-Tule-t.jpg\" alt=\"\" width=\"458\" height=\"280\" srcset=\"https:\/\/arbresvenerables.arborethic.com\/blog\/wp-content\/uploads\/2016\/12\/WEB-Mexique-Arbre-de-Tule-t.jpg 458w, https:\/\/arbresvenerables.arborethic.com\/blog\/wp-content\/uploads\/2016\/12\/WEB-Mexique-Arbre-de-Tule-t-300x183.jpg 300w\" sizes=\"(max-width: 458px) 100vw, 458px\" \/><\/a><\/p>\n<p class=\"Style74\">Malgr\u00e9 l&rsquo;important nombre de touristes et badauds qui viennent voir cet arbre, tout les jours, certains ne font que passer sans avoir un profond respect pour cet arbre, d&rsquo;autres vont l&rsquo;observer, le sentir. D&rsquo;ailleurs les enfants du village de retour de l&rsquo;\u00e9cole, viennent expliquer en toutes les langues, la l\u00e9gende du Cypr\u00e8s de Tule. Munis de petits miroirs, il vont \u00e9clairer les parties sombres du tronc, en dirigeant les rayons du soleil, afin de montrer \u00e0 ces touristes certaines formes animales. Voyez-vous la t\u00eate de lion et l&rsquo;\u00e9l\u00e9phant?<\/p>\n<p class=\"Style74\" style=\"text-align: center;\"><u><strong>\u00ab Arbol del Tule \u00bb<\/strong><\/u><\/p>\n<p class=\"Style74\" style=\"text-align: center;\">L\u2019arbre l\u00e9gende du Mexique, le plus large de la Plan\u00e8te.<\/p>\n<p class=\"Style74\"><a href=\"http:\/\/arbresvenerables.arborethic.com\/blog\/wp-content\/uploads\/2016\/12\/WEB-Mexique-Arbol-del-Tule.jpg\"><img decoding=\"async\" loading=\"lazy\" class=\"aligncenter size-full wp-image-1177\" src=\"http:\/\/arbresvenerables.arborethic.com\/blog\/wp-content\/uploads\/2016\/12\/WEB-Mexique-Arbol-del-Tule.jpg\" alt=\"\" width=\"400\" height=\"265\" srcset=\"https:\/\/arbresvenerables.arborethic.com\/blog\/wp-content\/uploads\/2016\/12\/WEB-Mexique-Arbol-del-Tule.jpg 400w, https:\/\/arbresvenerables.arborethic.com\/blog\/wp-content\/uploads\/2016\/12\/WEB-Mexique-Arbol-del-Tule-300x199.jpg 300w\" sizes=\"(max-width: 400px) 100vw, 400px\" \/><\/a><\/p>\n<p class=\"Style74\">L&rsquo;<strong>Arbre g\u00e9ant de Tule (Santa Maria del Tule &#8211; Oaxaca &#8211; Mexique)<\/strong>, n&rsquo;est pas le plus \u00e9troit des arbres vivants, mais l&rsquo;un des plus imposants du monde. Seuls les Baobabs d&rsquo;Afrique ont de rares sp\u00e9cimens, rivalisant avec le Cypr\u00e8s de Tule.<\/p>\n<p class=\"Style74\">\u00a0\u00bb <strong>Le G\u00e9ant de Tule<\/strong> \u00a0\u00bb fait partie des <strong>Cypr\u00e8s de Montezuma (<em>Taxodium mucronatum<\/em>)<\/strong>, un proche cousin des cypr\u00e8s chauves si commun dans les mar\u00e9cages et terrains humides du Sud-Est des Etats-Unis.<\/p>\n<p class=\"Style74\">Il est indig\u00e8ne du Mexique et d&rsquo;ailleurs diff\u00e9rents sp\u00e9cimens g\u00e9ants ont \u00e9t\u00e9 recens\u00e9s. En fait, il est l&rsquo;arbre national du Mexique, et est surnomm\u00e9 \u00ab <u><strong>Ahuehuete<\/strong><\/u> \u00bb.<\/p>\n<p class=\"Style74\">Le plus large, quoique n&rsquo;\u00e9tant pas le plus haut, c&rsquo;est bien le Cypr\u00e8s de Tule!<\/p>\n<p class=\"Style74\">Cet arbre fut examin\u00e9 et investit par les conquistadores espagnols en 1586 et \u00e0 cette \u00e9poque, il f\u00fbt d\u00e9j\u00e0 exceptionnel; puis il f\u00fbt foudroy\u00e9 quelques cent ans auparavant. Les Indiens habitant pr\u00e8s de lui se rem\u00e9morent que cette immense frondaison pouvait ombrager plus d&rsquo;un milliers de personnes. La foudre se fracassa en plein dans son coeur, laissant un grand trou et d\u00e9truisit 3 pi\u00e8ces ma\u00eetresses de son tronc fragment\u00e9.<\/p>\n<p class=\"Style74\">L&rsquo;arbre a surv\u00e9cu \u00e0 cette catastrophe et continua \u00e0 prosp\u00e9rer au travers tous ces si\u00e8cles; la cavit\u00e9 fut prot\u00e9g\u00e9e et la grande frondaison restaur\u00e9e.<\/p>\n<p class=\"Style74\">Diff\u00e9rentes mesures ont \u00e9t\u00e9 prises autour du tronc depuis des si\u00e8cles. Son tronc cannel\u00e9, sinueux, rend complexe sa mesure. Les derni\u00e8res r\u00e9alis\u00e9es indiquent un diam\u00e8tre de 12 m, soit plus de 40 m de circonf\u00e9rence \u00e0 hauteur de poitrine! A 9 m de haut, le tronc se divise en de multiples et gigantesques branches, brandissant une immense frondaison de 45 m de diam\u00e8tre. Cette vaste couronne n&rsquo;est pas tr\u00e8s haute, culminant \u00e0 43 m de hauteur.<\/p>\n<p class=\"Style74\">Mais quel \u00e2ge \u00e0 l&rsquo;Arbre de Tule? A son pied, il est indiqu\u00e9 2000 ans\u2026 Mais diff\u00e9rentes recherches scientifiques lui attribueraient beaucoup plus.<\/p>\n<p class=\"Style74\">De toutes les mani\u00e8res, il reste, quoiqu&rsquo;il en soit dit, un des plus anciens arbres vivant sur la plan\u00e8te et restant debout, orn\u00e9 de sa magnifique ramure.<\/p>\n<p class=\"Style74\" align=\"center\"><span style=\"color: #99cc00;\"><u><strong>La l\u00e9gende de l\u2019Arbre de Tule, \u00e0 Oaxaca :<\/strong><\/u><\/span><\/p>\n<p class=\"Style74\" align=\"center\"><span style=\"color: #99cc00;\"><em>Tr\u00e8s longtemps auparavant, quand les humains commenc\u00e8rent \u00e0 \u00eatre s\u00e9dentaires, une petite place \u00e9tait encore inhabit\u00e9e par les humains. Ce fut un endroit charmant avec beaucoup d\u2019animaux et diff\u00e9rents climats.<\/em><\/span><\/p>\n<p class=\"Style74\" align=\"center\"><span style=\"color: #99cc00;\"><em>\u00ab Je continue mon histoire \u00bb.<\/em><\/span><\/p>\n<p class=\"Style74\" align=\"center\"><span style=\"color: #99cc00;\"><em>Il y avait un arbre fabuleux et gigantesque et sous ses racines coulait une rivi\u00e8re souterraine, laquelle apportait toute la nourriture \u00e0 l\u2019arbre, pour son beau feuillage. Ce qui lui permit de devenir le plus beau de la ville.<\/em><\/span><\/p>\n<p class=\"Style74\" align=\"center\"><span style=\"color: #99cc00;\"><em>Sous sa fra\u00eeche ramure, les animaux se plaisaient d\u2019y rester et parler entre eux pacifiquement; car en ces temps recul\u00e9s, les animaux vivaient ensemble et parlait le m\u00eame langage.<\/em><\/span><\/p>\n<p class=\"Style74\" align=\"center\"><span style=\"color: #99cc00;\"><em>Mais un jour, ils se lamentaient, surtout le lion, le daim, le crocodile, le serpent, l&rsquo;\u00e9l\u00e9phant et la tortue, de la m\u00e9chancet\u00e9 des Hommes et racontaient qu\u2019ils souffraient \u00e0 cause d\u2019eux.<\/em><\/span><\/p>\n<p class=\"Style74\" align=\"center\"><span style=\"color: #99cc00;\"><em>Alors tous les animaux d\u00e9cid\u00e8rent de parler avec \u201cPitao\u201d, le dieu protecteur des animaux, lequel vivait dans une grotte.<\/em><\/span><\/p>\n<p class=\"Style74\" align=\"center\"><span style=\"color: #99cc00;\"><em>Il \u00e9couta attentivement tous leurs probl\u00e8mes. Il r\u00e9fl\u00e9chi longuement et s\u2019exclama: <\/em><\/span><\/p>\n<p class=\"Style74\" align=\"center\"><span style=\"color: #99cc00;\"><em>\u201cc\u2019est un probl\u00e8me fondamental. Le gagnant de cette infinie cha\u00eene alimentaire est le plus fort; et dans ce cas, les humains, avec leur \u201cintelligence\u201d peuvent vous capturer et vous tuer. De plus, vous ne savez pas comment d\u00e9fendre la libert\u00e9 que vous a offert Dame Nature.\u201d<\/em><\/span><\/p>\n<p class=\"Style74\" align=\"center\"><span style=\"color: #99cc00;\"><em>\u201cMais, Ma\u00eetre, nous n\u2019avons pas leurs armes pour nous d\u00e9fendre,\u201d s\u2019exclament les animaux.<br \/>\n\u201cN\u2019oubliez surtout pas que vous avez vos corps et l\u2019environnement comme armes! Maintenant rentrez chez vous car il est tard et retenez encore ces conseils:<\/em><\/span><\/p>\n<p class=\"Style74\" align=\"center\"><span style=\"color: #99cc00;\"><em>Utilisez votre propre force pour vous d\u00e9fendre; votre instinct vous guidera. Soyez agiles, intelligents et attentifs \u00e0 tous les dangers.\u201d<br \/>\nAvec les paroles de leur dieu, les animaux march\u00e8rent en file indienne vers la sortie de la grotte o\u00f9 vivait leur dieu \u201cPitao\u201d. Inquiets, ils sortirent en silence, sous le clair de lune, avec un silence immuable. Ils fl\u00e2naient pr\u00e8s le l\u2019arbre, quand soudain, beaucoup de chasseurs jaillirent de toutes les directions.<\/em><\/span><\/p>\n<p class=\"Style74\" align=\"center\"><span style=\"color: #99cc00;\"><em>Les animaux, effray\u00e9s, essay\u00e8rent de fuir en galopant partout.<\/em><\/span><\/p>\n<p class=\"Style74\" align=\"center\"><span style=\"color: #99cc00;\"><em>Le vieil arbre observait ce d\u00e9sastre et pensa \u00e0 cet effroyable carnage. Il d\u00e9cida d\u2019agir.<\/em><\/span><\/p>\n<p class=\"Style74\" align=\"center\"><span style=\"color: #99cc00;\"><em>Il interpella les animaux et leur parla:<\/em><\/span><\/p>\n<p class=\"Style74\" align=\"center\"><span style=\"color: #99cc00;\"><em>\u201cD\u00e9p\u00eachez-vous! Vous devez vous cacher dans mes branches.\u201d<\/em><\/span><\/p>\n<p class=\"Style74\" align=\"center\"><span style=\"color: #99cc00;\"><em>Tous les animaux grimpaient de toutes parts dans la ramure de l\u2019arbre et les chasseurs ne purent les retrouver. Ces derniers \u00e9taient d\u00e9sappoint\u00e9s.<\/em><\/span><\/p>\n<p class=\"Style74\" align=\"center\"><span style=\"color: #99cc00;\"><em>Soudain, les animaux furent emprisonn\u00e9s dans l\u2019arbre. Ils ne pouvaient ni bouger, ni sortir.<\/em><\/span><\/p>\n<p class=\"Style74\" align=\"center\"><span style=\"color: #99cc00;\"><em>Cette action \u00e9tait d\u00fb au dieu \u201cXoco\u201d, protecteur de la chasse. En col\u00e8re, il emprisonna les animaux dans le tronc de l\u2019arbre. Ils devinrent des offrandes, car avec la vie des animaux, l\u2019arbre \u00e9tait rassasi\u00e9 \u00e0 vie et pourrait vivre encore des si\u00e8cles. Les t\u00eates des animaux \u00e9taient grav\u00e9es sur le tronc pour l&rsquo;\u00e9ternit\u00e9.<\/em><\/span><\/p>\n<p class=\"Style74\" align=\"center\"><span style=\"color: #99cc00;\"><em>Le dieu \u201cPitao\u201d pris piti\u00e9 d\u2019eux et d\u00e9cida de parler avec le dieu \u201cXoco\u201c.<\/em><\/span><\/p>\n<p class=\"Style74\" align=\"center\"><span style=\"color: #99cc00;\"><em>Ce dieu refusa de rendre les animaux car l\u2019arbre avait pris ses offrandes et rempli de sa col\u00e8re, il voulait punir le dieu \u201cPitao\u201c, car l\u2019arbre \u00e9tait de sa responsabilit\u00e9.<\/em><\/span><\/p>\n<p class=\"Style74\" align=\"center\"><span style=\"color: #99cc00;\"><em>\u201c Depuis que vous v\u00e9n\u00e9rez les animaux, je dois les tuer \u201c, dit \u201cXoco\u201c.<\/em><\/span><\/p>\n<p class=\"Style74\" align=\"center\"><span style=\"color: #99cc00;\"><em>Soudain, il dirigea son doigt et tira plein de petites aiguilles, et vol\u00e8rent \u00e0 toutes allures dans toute la ville, pour s\u2019enfoncer dans le cou des animaux et les tuaient imm\u00e9diatement.<\/em><\/span><\/p>\n<p class=\"Style74\" align=\"center\"><span style=\"color: #99cc00;\"><em>Le dieu \u201cPitao\u201c fut si furieux qu\u2019il augmenta la temp\u00e9rature du soleil, aussi forte que toutes les \u00e9sp\u00e8ces floristiques dess\u00e9ch\u00e8rent car inutiles apr\u00e8s la disparition des animaux.<\/em><\/span><\/p>\n<p class=\"Style74\" align=\"center\"><span style=\"color: #99cc00;\"><em>Effray\u00e9, le dieu \u201c Xoco \u201c vit comment la Terre dess\u00e9ch\u00e9e se craquelait de toute part, et il dit:<\/em><\/span><\/p>\n<p class=\"Style74\" align=\"center\"><span style=\"color: #99cc00;\"><em>\u201cArr\u00eatez tout cela! Et je vous donnerais un cadeau pour votre arbre, mais arr\u00eatez la s\u00e9cheresse car elle s&rsquo;\u00e9tend dans tout mon royaume!\u201d<\/em><\/span><\/p>\n<p class=\"Style74\" align=\"center\"><span style=\"color: #99cc00;\"><em>Le dieu \u201cPitao\u201d stoppa les forts rayonnements solaires et s\u2019exclama:<\/em><\/span><\/p>\n<p class=\"Style74\" align=\"center\"><span style=\"color: #99cc00;\"><em>\u201cDonnez-moi tous les animaux que les Hommes auront besoin et vous et moi seront heureux.\u201d<\/em><\/span><\/p>\n<p class=\"Style74\" align=\"center\"><span style=\"color: #99cc00;\"><em>De cette demande, \u201cXoco\u201d fit ressortir du tronc les chiens, les vaches, les moutons, le b\u00e9tail, les chevaux, les volailles. Mais un probl\u00e8me se posa; le climat n&rsquo;\u00e9tait pas bon pour eux, et les dieux \u00e9taient d\u2019accord pour un climat de steppe \u00e0 ce pays.<\/em><\/span><\/p>\n<p class=\"Style74\" align=\"center\"><span style=\"color: #99cc00;\"><em>Et maintenant, non loin de cela, le peuple vit un superbe et lumineux arbre. Eh oui, c&rsquo;\u00e9tait notre arbre! Il surv\u00e9cu et merci \u00e0 la rivi\u00e8re souterraine. Le dieu \u201cXoco\u201d pensait que c&rsquo;\u00e9tait divin et dit: <\/em><\/span><\/p>\n<p class=\"Style74\" align=\"center\"><span style=\"color: #99cc00;\"><em>\u201cJe ne sais pas comment j\u2019ai pu h\u00e9siter pour donner un cadeau \u00e0 cet arbre, de notre magnifique jardin.\u201d<\/em><\/span><\/p>\n<p class=\"Style74\" align=\"center\"><span style=\"color: #99cc00;\"><em>Gr\u00e2ce \u00e0 ses mots, et par magie, le vieil arbre fut entour\u00e9 de gens. Oui, ce don \u00e9tait en fait la protection humaine. Maintenant et pour l&rsquo;\u00e9ternit\u00e9, les gens le prot\u00e9gerons.<\/em><\/span><\/p>\n<p class=\"Style74\" align=\"center\"><span style=\"color: #99cc00;\"><em>Les dieux contempl\u00e8rent tout cela et prononc\u00e8rent ces mots c\u00e9lestes \u00e0 l\u2019arbre :<\/em><\/span><\/p>\n<p class=\"Style74\" align=\"center\"><span style=\"color: #99cc00;\"><em>\u201c Tu seras appel\u00e9 l\u2019Arbre de Tule. Cela signifie:<\/em><\/span><\/p>\n<p class=\"Style74\" align=\"center\"><span style=\"color: #99cc00;\"><em>\u00a0\u00a0\u00a0\u00a0\u00a0\u00a0\u00a0\u00a0\u00a0\u00a0\u00a0 <strong>Tu (Tu)<\/strong><\/em><\/span><\/p>\n<p class=\"Style74\" align=\"center\"><span style=\"color: #99cc00;\"><strong><em>\u00a0\u00a0\u00a0\u00a0\u00a0\u00a0\u00a0\u00a0\u00a0\u00a0\u00a0 Uniras (Uniras)<\/em><\/strong><\/span><\/p>\n<p class=\"Style74\" align=\"center\"><span style=\"color: #99cc00;\"><strong><em>\u00a0\u00a0\u00a0\u00a0\u00a0\u00a0\u00a0\u00a0\u00a0\u00a0\u00a0 Les (Los)<\/em><\/strong><\/span><\/p>\n<p class=\"Style74\" align=\"center\"><span style=\"color: #99cc00;\"><strong><em>\u00a0\u00a0\u00a0\u00a0\u00a0\u00a0\u00a0\u00a0\u00a0\u00a0\u00a0 Ennemis.\u201d (Enemigos)<\/em><\/strong><\/span><\/p>\n<p class=\"Style74\" align=\"center\"><span style=\"color: #99cc00;\"><em>Et les hommes \u00e9cout\u00e8rent les paroles des dieux et appr\u00e9ci\u00e8rent l\u2019arbre avec plus d\u2019amour: \u201cL\u2019Arbre de Tule, tu es notre Ami.\u201d<\/em><\/span><\/p>\n<p class=\"Style74\" style=\"text-align: center;\"><u><strong>Auteur: Ximena Diaz-Cid<\/strong><\/u><\/p>\n<p class=\"Style74\"><a href=\"http:\/\/arbresvenerables.arborethic.com\/blog\/wp-content\/uploads\/2016\/12\/WEB-Mexique-Arbre-de-Tule-f.jpg\"><img decoding=\"async\" loading=\"lazy\" class=\"size-full wp-image-1179 alignleft\" src=\"http:\/\/arbresvenerables.arborethic.com\/blog\/wp-content\/uploads\/2016\/12\/WEB-Mexique-Arbre-de-Tule-f.jpg\" alt=\"\" width=\"168\" height=\"250\" \/><\/a><\/p>\n<p class=\"Style74\">Malheureusement, depuis 1940, l\u2019espace vital de l\u2019arbre a consid\u00e9rablement chang\u00e9. Le manque d&rsquo;eau souterraine et l\u2019urbanisation, mais aussi d\u2019autres facteurs ont s\u00e9rieusement compromis le futur de ces arbres monumentaux. De ce fait, l\u2019organisation \u00ab <u><strong>Mi Amigo el Arbol<\/strong><\/u> \u00bb a \u00e9t\u00e9 mis en place en 1994.<a href=\"http:\/\/arbresvenerables.arborethic.com\/blog\/wp-content\/uploads\/2016\/12\/WEB-Mexique-Arbre-Tule-2.jpg\"><img decoding=\"async\" loading=\"lazy\" class=\"size-full wp-image-1181 alignright\" src=\"http:\/\/arbresvenerables.arborethic.com\/blog\/wp-content\/uploads\/2016\/12\/WEB-Mexique-Arbre-Tule-2.jpg\" alt=\"\" width=\"150\" height=\"250\" \/><\/a><\/p>\n<p class=\"Style74\">Le bilan phytosanitaire montre que l\u2019Arbre de Tule peut supporter un nombre important de plantes, d\u2019animaux incluant de s\u00e9v\u00e8res pathog\u00e8nes qui vivent en lui.<\/p>\n<p class=\"Style74\">Par contre, ce diagnostic montre que le changement radical de l&rsquo;environnement, particuli\u00e8rement la r\u00e9duction de la nappe phr\u00e9atique et de l\u2019habitat naturel qui l\u2019entoure pourrait menacer son existence. Comme vous pouvez le voir, il existe d&rsquo;autres arbres de m\u00eame esp\u00e8ce dans le village et leur \u00e9tat sanitaire est d\u00e9plorable, sans doute d\u00fb au manque d&rsquo;eau, et seul l&rsquo;immense <strong>Arbol del Tule<\/strong> est restaur\u00e9 et prot\u00e9g\u00e9.<\/p>\n<p class=\"Style74\">Donc, le moment pour prot\u00e9ger cet arbre est maintenant. Si aucune action n&rsquo;est men\u00e9e, cela pourra engendrer le d\u00e9clin de ce magnifique cypr\u00e8s voir sa mort. Il est \u00e0 lui seul un indicateur de r\u00e9gulation pour les terres qui l\u2019entourent.<\/p>\n<p class=\"Style74\"><a href=\"http:\/\/arbresvenerables.arborethic.com\/blog\/wp-content\/uploads\/2016\/12\/WEB-Mexique-Arbre-Tule-3.jpg\"><img decoding=\"async\" loading=\"lazy\" class=\"size-full wp-image-1182 alignleft\" src=\"http:\/\/arbresvenerables.arborethic.com\/blog\/wp-content\/uploads\/2016\/12\/WEB-Mexique-Arbre-Tule-3.jpg\" alt=\"\" width=\"167\" height=\"250\" \/><\/a>Sa perte sera la honte de ces g\u00e9n\u00e9rations d\u2019Oaxacans, pour ne pas avoir agit \u00e0 temps pour r\u00e9soudre ce probl\u00e8me.<\/p>\n<p class=\"Style74\">\n<p class=\"Style74\"><a href=\"http:\/\/arbresvenerables.arborethic.com\/blog\/wp-content\/uploads\/2016\/12\/WEB-Mexique-Arbre-Tule-4.jpg\"><img decoding=\"async\" loading=\"lazy\" class=\"size-full wp-image-1183 alignright\" src=\"http:\/\/arbresvenerables.arborethic.com\/blog\/wp-content\/uploads\/2016\/12\/WEB-Mexique-Arbre-Tule-4.jpg\" alt=\"\" width=\"180\" height=\"250\" \/><\/a><\/p>\n<p class=\"Style74\"><strong>Mi Amigo el Arbol<\/strong> a propos\u00e9 au gouvernement de d\u00e9clarer cette zone \u201caire prot\u00e9g\u00e9e\u00a0\u00bb. Et pourquoi pas la classer en tant que Patrimoine Mondial de l&rsquo;UNESCO, \u00e9tant donn\u00e9 que ce cypr\u00e8s est unique? J&rsquo;en avais fait la demande au pr\u00e8s de l&rsquo;UNESCO, et j&rsquo;avais re\u00e7u un courrier de la Mission Permanente du Mexique \u00e0 l&rsquo;UNESCO, comme quoi le Gouvernement mexicain avait inscrit l&rsquo;Arbre de Tule sur la liste du Patrimoine Mondial. Alors Qu&rsquo;en est-il?<\/p>\n<p class=\"Style74\">\n<p class=\"Style74\">\n<p class=\"Style306\" align=\"center\">\n","protected":false},"excerpt":{"rendered":"<p>\u00a0Le Cypr\u00e8s de Tule, Mexique Pour ce qui est du Mexique et du plus large arbres au monde, l&rsquo;Arbre de Tule, j&rsquo;avais au pr\u00e9alable pris un contact avec des amis de Pancho, propri\u00e9taire du Reptiland de Martel, dans le Lot, qui habitent \u00e0 Oaxaca,&#8230;<\/p>\n","protected":false},"author":1,"featured_media":0,"parent":1024,"menu_order":0,"comment_status":"closed","ping_status":"closed","template":"","meta":{"_mi_skip_tracking":false,"_monsterinsights_sitenote_active":false,"_monsterinsights_sitenote_note":"","_monsterinsights_sitenote_category":0},"_links":{"self":[{"href":"https:\/\/arbresvenerables.arborethic.com\/blog\/index.php\/wp-json\/wp\/v2\/pages\/1176"}],"collection":[{"href":"https:\/\/arbresvenerables.arborethic.com\/blog\/index.php\/wp-json\/wp\/v2\/pages"}],"about":[{"href":"https:\/\/arbresvenerables.arborethic.com\/blog\/index.php\/wp-json\/wp\/v2\/types\/page"}],"author":[{"embeddable":true,"href":"https:\/\/arbresvenerables.arborethic.com\/blog\/index.php\/wp-json\/wp\/v2\/users\/1"}],"replies":[{"embeddable":true,"href":"https:\/\/arbresvenerables.arborethic.com\/blog\/index.php\/wp-json\/wp\/v2\/comments?post=1176"}],"version-history":[{"count":1,"href":"https:\/\/arbresvenerables.arborethic.com\/blog\/index.php\/wp-json\/wp\/v2\/pages\/1176\/revisions"}],"predecessor-version":[{"id":1186,"href":"https:\/\/arbresvenerables.arborethic.com\/blog\/index.php\/wp-json\/wp\/v2\/pages\/1176\/revisions\/1186"}],"up":[{"embeddable":true,"href":"https:\/\/arbresvenerables.arborethic.com\/blog\/index.php\/wp-json\/wp\/v2\/pages\/1024"}],"wp:attachment":[{"href":"https:\/\/arbresvenerables.arborethic.com\/blog\/index.php\/wp-json\/wp\/v2\/media?parent=1176"}],"curies":[{"name":"wp","href":"https:\/\/api.w.org\/{rel}","templated":true}]}}