{"id":109,"date":"2016-12-13T14:56:16","date_gmt":"2016-12-13T13:56:16","guid":{"rendered":"http:\/\/arbresvenerables.arborethic.com\/blog\/?page_id=109"},"modified":"2016-12-13T14:56:16","modified_gmt":"2016-12-13T13:56:16","slug":"les-arbres-choisis","status":"publish","type":"page","link":"https:\/\/arbresvenerables.arborethic.com\/blog\/index.php\/appel-des-arbres-venerables\/les-arbres-choisis\/","title":{"rendered":"Les arbres choisis"},"content":{"rendered":"<h3 class=\"Style343 Style191\" align=\"center\">Liste des Arbres S\u00e9lectionn\u00e9s<\/h3>\n<table border=\"1\" width=\"514\" align=\"center\">\n<tbody>\n<tr>\n<td class=\"Style163 Style159\" colspan=\"2\">\n<p class=\"Style10\"><b>Europe:<\/b><\/p>\n<\/td>\n<\/tr>\n<tr>\n<td class=\"Style163 Style159\" width=\"150\">\n<p class=\"Style10\" align=\"center\"><img decoding=\"async\" loading=\"lazy\" src=\"http:\/\/arbresvenerables.arborethic.com\/ArbresVenerables\/APPEL\/images\/L6_1.jpg\" width=\"150\" height=\"191\" border=\"0\" \/><\/p>\n<\/td>\n<td class=\"Style163 Style159\" width=\"348\">\n<p class=\"Style10\"><b>L&rsquo;Olivier de Roquebrune Cap Martin, France. <\/b>Le plus vieux de son esp\u00e8ce : env. 2000 ans.<\/p>\n<\/td>\n<\/tr>\n<tr>\n<td class=\"Style163 Style159\">\n<p class=\"Style10\" align=\"center\"><img decoding=\"async\" loading=\"lazy\" src=\"http:\/\/arbresvenerables.arborethic.com\/ArbresVenerables\/APPEL\/images\/L12_2.jpg\" width=\"150\" height=\"99\" border=\"0\" \/><\/p>\n<\/td>\n<td class=\"Style163 Style159\">\n<p class=\"Style10\"><b>Le Ch\u00e2taignier des Cent Chevaux (<i>Castanea sativa<\/i>), Sicile.+ 50 m. de circonf\u00e9rence.<\/b><\/p>\n<\/td>\n<\/tr>\n<tr>\n<td class=\"Style163 Style159\">\n<p class=\"Style10\" align=\"center\">pas de photos pour le moment<\/p>\n<\/td>\n<td class=\"Style163 Style159\">\n<p class=\"Style10\"><b>L&rsquo;if de Crowhurst, Ecosse, Royaume Unis, lequel aurait plus de 3000 ans.<\/b><\/p>\n<\/td>\n<\/tr>\n<tr>\n<td class=\"Style163 Style159\" colspan=\"2\">\n<p class=\"Style10\"><b>Am\u00e9rique du Nord:<\/b><\/p>\n<\/td>\n<\/tr>\n<tr>\n<td class=\"Style163 Style159\">\n<p class=\"Style10\" align=\"center\"><img decoding=\"async\" loading=\"lazy\" src=\"http:\/\/arbresvenerables.arborethic.com\/ArbresVenerables\/APPEL\/images\/thuja_plicata_MearesIsland_BC_Canada.jpg\" width=\"150\" height=\"228\" border=\"0\" \/><\/p>\n<\/td>\n<td class=\"Style163 Style159\">\n<p class=\"Style10\"><b>L\u2019ile de Meares Island, Clayoquot Sound, Col.Brit. Canada. <\/b>Le berceau des for\u00eats pluviales.<\/p>\n<\/td>\n<\/tr>\n<tr>\n<td class=\"Style163 Style159\">\n<p class=\"Style10\" align=\"center\"><img decoding=\"async\" loading=\"lazy\" src=\"http:\/\/arbresvenerables.arborethic.com\/ArbresVenerables\/APPEL\/images\/L29_1bis.jpg\" width=\"150\" height=\"230\" border=\"0\" \/><\/p>\n<\/td>\n<td class=\"Style163 Style159\">\n<p class=\"Style10\"><b>Le <i>Thuja plicata<\/i> de Cheewhat Lake, Col.Brit, Canada. <\/b>18 m. de tour.<\/p>\n<\/td>\n<\/tr>\n<tr>\n<td class=\"Style163 Style159\">\n<p class=\"Style10\" align=\"center\"><img decoding=\"async\" loading=\"lazy\" src=\"http:\/\/arbresvenerables.arborethic.com\/ArbresVenerables\/APPEL\/images\/L25_1_A4.jpg\" width=\"150\" height=\"117\" border=\"0\" \/><\/p>\n<\/td>\n<td class=\"Style163 Style159\">\n<p class=\"Style10\"><b>Le Ch\u00eane \u00ab\u00a0Dobby Seven Sisters\u00a0\u00bb (<i>Quercus virginiana<\/i>), \u00e0 Mainsville, Louisiane.<\/b><\/p>\n<\/td>\n<\/tr>\n<tr>\n<td class=\"Style163 Style159\">\n<p class=\"Style10\" align=\"center\"><img decoding=\"async\" loading=\"lazy\" src=\"http:\/\/arbresvenerables.arborethic.com\/ArbresVenerables\/APPEL\/images\/L43_1.jpg\" width=\"150\" height=\"192\" border=\"0\" \/><\/p>\n<\/td>\n<td class=\"Style163 Style159\">\n<p class=\"Style10\"><b>Le Sequoia G\u00e9ant (<i>Sequoiadendron giganteum<\/i>) General Grant, Californie<\/b><\/p>\n<\/td>\n<\/tr>\n<tr>\n<td class=\"Style163 Style159\">\n<p class=\"Style10\" align=\"center\"><img decoding=\"async\" loading=\"lazy\" src=\"http:\/\/arbresvenerables.arborethic.com\/ArbresVenerables\/APPEL\/images\/sequoia_DNT_USA.jpg\" width=\"150\" height=\"228\" border=\"0\" \/><\/p>\n<\/td>\n<td class=\"Style163 Style159\">\n<p class=\"Style10\"><b>Le <i>Sequoia sempervirens<\/i> \u00ab Del Norte Titan \u00bb, Californie. <\/b>Le plus large de son esp\u00e8ce : 21 m. de tour et 97 m. de haut.<\/p>\n<\/td>\n<\/tr>\n<tr>\n<td class=\"Style163 Style159\">\n<p class=\"Style10\" align=\"center\"><img decoding=\"async\" loading=\"lazy\" src=\"http:\/\/arbresvenerables.arborethic.com\/ArbresVenerables\/APPEL\/images\/BRISTLECONE_1.jpg\" width=\"150\" height=\"188\" border=\"0\" \/><\/p>\n<\/td>\n<td class=\"Style163 Style159\">\n<p class=\"Style10\"><b>Les Pins Bristlecone (<i>Pinus longaeva<\/i>) de Bishop, \u00e2g\u00e9s de 5000 ans, Californie.<\/b><\/p>\n<\/td>\n<\/tr>\n<tr>\n<td class=\"Style163 Style159\" colspan=\"2\">\n<p class=\"Style10\"><b>Am\u00e9rique Centrale:<\/b><\/p>\n<\/td>\n<\/tr>\n<tr>\n<td class=\"Style163 Style159\">\n<p class=\"Style10\" align=\"center\"><img decoding=\"async\" loading=\"lazy\" src=\"http:\/\/arbresvenerables.arborethic.com\/ArbresVenerables\/APPEL\/images\/L47_2.jpg\" width=\"150\" height=\"189\" border=\"0\" \/><\/p>\n<\/td>\n<td class=\"Style163 Style159\">\n<p class=\"Style10\"><b>Le Cypr\u00e8s de Tule (<i>Taxodium mucronatum<\/i>), de 58 m de circonf\u00e9rence, \u00e0 Oaxaca, Mexique.<\/b><\/p>\n<\/td>\n<\/tr>\n<tr>\n<td class=\"Style163 Style159\" colspan=\"2\">\n<p class=\"Style10\"><b>Am\u00e9rique du Sud:<\/b><\/p>\n<\/td>\n<\/tr>\n<tr>\n<td class=\"Style163 Style159\">\n<p class=\"Style10\" align=\"center\"><img decoding=\"async\" loading=\"lazy\" src=\"http:\/\/arbresvenerables.arborethic.com\/ArbresVenerables\/APPEL\/images\/araucaria_conguillo_chili.jpg\" width=\"150\" height=\"151\" border=\"0\" \/><\/p>\n<\/td>\n<td class=\"Style163 Style159\">\n<p class=\"Style10\"><b><i>Araucaria araucana<\/i> de Conguillo National Park, pr\u00e8s de Villarica \u2013 Chili.<\/b><\/p>\n<\/td>\n<\/tr>\n<tr>\n<td class=\"Style163 Style159\" colspan=\"2\">\n<p class=\"Style10\"><b>Afrique:<\/b><\/p>\n<\/td>\n<\/tr>\n<tr>\n<td class=\"Style163 Style159\">\n<p class=\"Style10\" align=\"center\"><img decoding=\"async\" loading=\"lazy\" src=\"http:\/\/arbresvenerables.arborethic.com\/ArbresVenerables\/APPEL\/images\/L99_2C.jpg\" width=\"150\" height=\"117\" border=\"0\" \/><\/p>\n<\/td>\n<td class=\"Style163 Style159\">\n<p class=\"Style10\"><b>Le Baobab de Diass (<i>Adansonia digitata<\/i>), S\u00e9n\u00e9gal.<\/b><\/p>\n<\/td>\n<\/tr>\n<tr>\n<td class=\"Style163 Style159\">\n<p class=\"Style10\" align=\"center\"><img decoding=\"async\" loading=\"lazy\" src=\"http:\/\/arbresvenerables.arborethic.com\/ArbresVenerables\/APPEL\/images\/Baobab_contrejour_Madagascar.jpg\" width=\"150\" height=\"109\" border=\"0\" \/><\/p>\n<\/td>\n<td class=\"Style163 Style159\">\n<p class=\"Style10\"><b>L\u2019All\u00e9e des Baobabs (<i>Adansonia grandidieri<\/i>) de Morondava, Madagascar.<\/b><\/p>\n<\/td>\n<\/tr>\n<tr>\n<td class=\"Style163 Style159\">\n<p class=\"Style10\" align=\"center\"><img decoding=\"async\" loading=\"lazy\" src=\"http:\/\/arbresvenerables.arborethic.com\/ArbresVenerables\/APPEL\/images\/L141_1.jpg\" width=\"150\" height=\"117\" border=\"0\" \/><\/p>\n<\/td>\n<td class=\"Style163 Style159\">\n<p class=\"Style10\"><b>Le Baobab de Sagole (<i>Adansonia digitata<\/i>), Afrique du Sud. <\/b>Le plus gros Baobab du monde : 38 m.de tour.<\/p>\n<\/td>\n<\/tr>\n<tr>\n<td class=\"Style163 Style159\" colspan=\"2\">\n<p class=\"Style10\"><b>Asie:<\/b><\/p>\n<\/td>\n<\/tr>\n<tr>\n<td class=\"Style163 Style159\">\n<p class=\"Style10\" align=\"center\"><img decoding=\"async\" loading=\"lazy\" src=\"http:\/\/arbresvenerables.arborethic.com\/ArbresVenerables\/APPEL\/images\/L151_4.jpg\" width=\"150\" height=\"226\" border=\"0\" \/><\/p>\n<\/td>\n<td class=\"Style163 Style159\">\n<p class=\"Style10\"><b>Le <i>Metasequoia glyptostroboides<\/i> de Shui Sa Pa, Hubei, en Chine.<\/b><\/p>\n<\/td>\n<\/tr>\n<tr>\n<td class=\"Style163 Style159\">\n<p class=\"Style10\" align=\"center\"><img decoding=\"async\" loading=\"lazy\" src=\"http:\/\/arbresvenerables.arborethic.com\/ArbresVenerables\/APPEL\/images\/L152_2.jpg\" width=\"150\" height=\"226\" border=\"0\" \/><\/p>\n<\/td>\n<td class=\"Style163 Style159\">\n<p class=\"Style10\"><b>Le <i>Ginkgo biloba <\/i>de Dinglin Temple, Shandong, Chine.<\/b> Le plus vieux Ginkgo de Chine : 3500 ans.<\/p>\n<\/td>\n<\/tr>\n<tr>\n<td class=\"Style163 Style159\">\n<p class=\"Style10\" align=\"center\"><img decoding=\"async\" loading=\"lazy\" src=\"http:\/\/arbresvenerables.arborethic.com\/ArbresVenerables\/APPEL\/images\/L116_18.jpg\" width=\"150\" height=\"225\" border=\"0\" \/><\/p>\n<\/td>\n<td class=\"Style163 Style159\">\n<p class=\"Style10\"><b>Les <i>Cryptomeria japonica<\/i> de l&rsquo;Ile Yakushima, Japon.<\/b> (D\u00e9j\u00e0 au Patrimoine Mondial)<\/p>\n<\/td>\n<\/tr>\n<tr>\n<td class=\"Style163 Style159\">\n<p class=\"Style10\" align=\"center\"><img decoding=\"async\" loading=\"lazy\" src=\"http:\/\/arbresvenerables.arborethic.com\/ArbresVenerables\/APPEL\/images\/L117_6.jpg\" width=\"150\" height=\"226\" border=\"0\" \/><\/p>\n<\/td>\n<td class=\"Style163 Style159\">\n<p class=\"Style10\"><b>Le Camphrier de Kamouhachiman Jinjya, Japon. <\/b>Le plus gros de son esp\u00e8ce au Japon.<\/p>\n<\/td>\n<\/tr>\n<tr>\n<td class=\"Style163 Style159\">\n<p class=\"Style10\" align=\"center\"><img decoding=\"async\" loading=\"lazy\" src=\"http:\/\/arbresvenerables.arborethic.com\/ArbresVenerables\/APPEL\/images\/L83_1.jpg\" width=\"150\" height=\"152\" border=\"0\" \/><\/p>\n<\/td>\n<td class=\"Style163 Style159\">\n<p class=\"Style10\"><b>Le Banyan de Kingeri (<i>Ficus benghalensis<\/i>), Inde du Sud. <\/b>Env. 100 m. de frondaison.<\/p>\n<\/td>\n<\/tr>\n<tr>\n<td class=\"Style163 Style159\">\n<p class=\"Style10\" align=\"center\"><img decoding=\"async\" loading=\"lazy\" src=\"http:\/\/arbresvenerables.arborethic.com\/ArbresVenerables\/APPEL\/images\/ficus_calcutta_inde.jpg\" width=\"150\" height=\"152\" border=\"0\" \/><\/p>\n<\/td>\n<td class=\"Style163 Style159\">\n<p class=\"Style10\"><b>Le Banyan de Calcutta (<i>Ficus benghalensis<\/i>), Inde. <\/b>+ 100 m. de diam\u00e8tre de frondaison.<\/p>\n<\/td>\n<\/tr>\n<tr>\n<td class=\"Style163 Style159\" colspan=\"2\">\n<p class=\"Style10\"><b>Australie :<\/b><\/p>\n<\/td>\n<\/tr>\n<tr>\n<td class=\"Style163 Style159\">\n<p class=\"Style10\" align=\"center\"><img decoding=\"async\" loading=\"lazy\" src=\"http:\/\/arbresvenerables.arborethic.com\/ArbresVenerables\/APPEL\/images\/L58_1_A4.jpg\" width=\"150\" height=\"183\" border=\"0\" \/><\/p>\n<\/td>\n<td class=\"Style163 Style159\">\n<p class=\"Style10\"><b>Le Pin Huon (Lagarostrobos franklinii), \u00e2g\u00e9s de + dix mille ans, Tasmanie.<\/b><\/p>\n<\/td>\n<\/tr>\n<tr>\n<td class=\"Style163 Style159\">\n<p class=\"Style10\" align=\"center\"><img decoding=\"async\" loading=\"lazy\" src=\"http:\/\/arbresvenerables.arborethic.com\/ArbresVenerables\/APPEL\/images\/L53_2.jpg\" width=\"150\" height=\"225\" border=\"0\" \/><\/p>\n<\/td>\n<td class=\"Style163 Style159\">\n<p class=\"Style10\"><b>La for\u00eat pluviale (<i>Eucalyptus regnans<\/i>) de la Vall\u00e9e Styx, en Tasmanie (ravag\u00e9e par les h\u00e9litorches de Napalm).<\/b><\/p>\n<\/td>\n<\/tr>\n<tr>\n<td class=\"Style163 Style159\" colspan=\"2\">\n<p class=\"Style10\"><b>Nouvelle Z\u00e9lande:<\/b><\/p>\n<\/td>\n<\/tr>\n<tr>\n<td class=\"Style163 Style159\">\n<p class=\"Style10\" align=\"center\"><img decoding=\"async\" loading=\"lazy\" src=\"http:\/\/arbresvenerables.arborethic.com\/ArbresVenerables\/APPEL\/images\/kauri_nouvelle_zelande.jpg\" width=\"150\" height=\"189\" border=\"0\" \/><\/p>\n<\/td>\n<td class=\"Style163 Style159\">\n<p class=\"Style10\"><b>Le Kauri Tane Mahuta (<i>Agathis australis<\/i>) de Nouvelle Z\u00e9lande.<\/b><\/p>\n<\/td>\n<\/tr>\n<tr>\n<td class=\"Style163 Style159\" colspan=\"2\">\n<p class=\"Style10\"><b>Russie:<\/b><\/p>\n<\/td>\n<\/tr>\n<tr>\n<td class=\"Style163 Style159\" height=\"22\">\n<p align=\"center\">\n<\/td>\n<td class=\"Style163 Style159\" height=\"22\">\n<p class=\"Style10\"><b>For\u00eat Bor\u00e9ale&#8230;.besoin d&rsquo;aller y faire des photos&#8230;<\/b><\/p>\n<\/td>\n<\/tr>\n<tr>\n<td class=\"Style163 Style159\" height=\"22\"><span class=\"Style10\"><b>Sans oublier :<\/b><\/span><\/td>\n<td class=\"Style163 Style159\" height=\"22\">\n<p class=\"Style10\"><b>les Gen\u00e9vriers thurif\u00e8res du Maroc<\/b><\/p>\n<p class=\"Style10\"><b>Les C\u00e8dres du Liban<\/b><\/p>\n<p class=\"Style10\"><b>Cypr\u00e8s de Duprez \u00a0\u00a0<i>(Cupressus dupreziana A. Camus) <\/i>(Djanet) du Tassili N&rsquo;Azgueur &#8211; Alg\u00e9rie<\/b><\/p>\n<p class=\"Style10\"><b>Les C\u00e8dres du Mont Taurus, Turquie.<\/b><\/p>\n<\/td>\n<\/tr>\n<\/tbody>\n<\/table>\n<p>&nbsp;<\/p>\n","protected":false},"excerpt":{"rendered":"<p>Liste des Arbres S\u00e9lectionn\u00e9s Europe: L&rsquo;Olivier de Roquebrune Cap Martin, France. Le plus vieux de son esp\u00e8ce : env. 2000 ans. Le Ch\u00e2taignier des Cent Chevaux (Castanea sativa), Sicile.+ 50 m. de circonf\u00e9rence. pas de photos pour le moment L&rsquo;if de Crowhurst, Ecosse, Royaume&#8230;<\/p>\n","protected":false},"author":1,"featured_media":0,"parent":102,"menu_order":0,"comment_status":"closed","ping_status":"closed","template":"","meta":{"_mi_skip_tracking":false,"_monsterinsights_sitenote_active":false,"_monsterinsights_sitenote_note":"","_monsterinsights_sitenote_category":0},"_links":{"self":[{"href":"https:\/\/arbresvenerables.arborethic.com\/blog\/index.php\/wp-json\/wp\/v2\/pages\/109"}],"collection":[{"href":"https:\/\/arbresvenerables.arborethic.com\/blog\/index.php\/wp-json\/wp\/v2\/pages"}],"about":[{"href":"https:\/\/arbresvenerables.arborethic.com\/blog\/index.php\/wp-json\/wp\/v2\/types\/page"}],"author":[{"embeddable":true,"href":"https:\/\/arbresvenerables.arborethic.com\/blog\/index.php\/wp-json\/wp\/v2\/users\/1"}],"replies":[{"embeddable":true,"href":"https:\/\/arbresvenerables.arborethic.com\/blog\/index.php\/wp-json\/wp\/v2\/comments?post=109"}],"version-history":[{"count":1,"href":"https:\/\/arbresvenerables.arborethic.com\/blog\/index.php\/wp-json\/wp\/v2\/pages\/109\/revisions"}],"predecessor-version":[{"id":110,"href":"https:\/\/arbresvenerables.arborethic.com\/blog\/index.php\/wp-json\/wp\/v2\/pages\/109\/revisions\/110"}],"up":[{"embeddable":true,"href":"https:\/\/arbresvenerables.arborethic.com\/blog\/index.php\/wp-json\/wp\/v2\/pages\/102"}],"wp:attachment":[{"href":"https:\/\/arbresvenerables.arborethic.com\/blog\/index.php\/wp-json\/wp\/v2\/media?parent=109"}],"curies":[{"name":"wp","href":"https:\/\/api.w.org\/{rel}","templated":true}]}}