{"id":1008,"date":"2016-12-16T12:01:48","date_gmt":"2016-12-16T11:01:48","guid":{"rendered":"http:\/\/arbresvenerables.arborethic.com\/blog\/index.php\/gallerie-photos-arbres-du-monde\/gallery20\/"},"modified":"2016-12-16T12:19:26","modified_gmt":"2016-12-16T11:19:26","slug":"gallery20","status":"publish","type":"page","link":"https:\/\/arbresvenerables.arborethic.com\/blog\/index.php\/gallerie-photos-arbres-du-monde\/gallery20\/","title":{"rendered":"Expo p\u00e9dagogique \u00ab\u00a0Arbres v\u00e9n\u00e9rables\u00a0\u00bb"},"content":{"rendered":"<p><strong>Exposition p\u00e9dagogique \u00ab\u00a0cl\u00e9 en mains\u00a0\u00bb bilingue.<br \/>\n<\/strong><\/p>\n<p>Une belle exposition photographique, imprim\u00e9e sur maille drapeau, repr\u00e9sentant les plus anciens arbres de la plan\u00e8te, \u00e2g\u00e9s entre 1000 et 10500 ans\u00a0!<\/p>\n<p>Un beau support pour les m\u00e9diath\u00e8ques, les coll\u00e8ges, les lyc\u00e9es&#8230;.les arboretums&#8230;.<\/p>\n<p>Cette exposition est compos\u00e9e de <strong>11 toiles<\/strong> de 0,60 x 1,20 m<\/p>\n<p>+ une carte du monde de arbres v\u00e9n\u00e9rables en 1,68 x 1,50 m<\/p>\n<p>+ la Biographie de\u00a0 J\u00e9r\u00f4me Hutin en 1,20 x 1,20 m<\/p>\n<p>+ l\u2019Appel des arbres v\u00e9n\u00e9rables en 0,60 x 1,40 m<\/p>\n<p>&nbsp;<\/p>\n<p><strong>Bar\u00e8me\u00a0:<\/strong><\/p>\n<p>Location possible pour la semaine, le mois avec une projection et discussion avec les \u00e9l\u00e8ves.<\/p>\n<p>Contactez<a href=\"http:\/\/arbresvenerables.arborethic.com\/blog\/index.php\/contactez-moi\/\"> J\u00e9r\u00f4me Hutin<\/a><\/p>\n<p>&nbsp;<\/p>\n        <link type=\"text\/css\" rel=\"stylesheet\" href=\"https:\/\/arbresvenerables.arborethic.com\/blog\/wp-content\/plugins\/simple-photo-gallery\/classes\/gallery-templates\/css\/wppg-photo-gallery-template-3.css?ver=1.8.1\" \/>\r\n        <div id=\"wppg-gallery-template-3\">\r\n\t<div class=\"wpsg-t3-item\">\r\n            <a class=\"wppg_popup\" title=\"Baobab_Diass+Appel_100x200\" href=\"https:\/\/arbresvenerables.arborethic.com\/blog\/index.php\/wppg_photo_details\/?gallery_id=20&image_id=994\">\r\n                <img alt=\"baobab_diassappel_100x200\" src=\"https:\/\/arbresvenerables.arborethic.com\/blog\/wp-content\/uploads\/simple_photo_gallery\/20\/Baobab_DiassAppel_100x200.jpg\">\r\n            <\/a>\r\n\t<\/div><!-- end of .wpsg-t3-item -->\r\n    \t<div class=\"wpsg-t3-item\">\r\n            <a class=\"wppg_popup\" title=\"Biographie_ Jerome_Hutin_Fr_GB\" href=\"https:\/\/arbresvenerables.arborethic.com\/blog\/index.php\/wppg_photo_details\/?gallery_id=20&image_id=995\">\r\n                <img alt=\"biographie_-jerome_hutin_fr_gb\" src=\"https:\/\/arbresvenerables.arborethic.com\/blog\/wp-content\/uploads\/simple_photo_gallery\/20\/Biographie_-Jerome_Hutin_Fr_GB.jpg\">\r\n            <\/a>\r\n\t<\/div><!-- end of .wpsg-t3-item -->\r\n    \t<div class=\"wpsg-t3-item\">\r\n            <a class=\"wppg_popup\" title=\"cartes_Baobab_Sagole_100x200\" href=\"https:\/\/arbresvenerables.arborethic.com\/blog\/index.php\/wppg_photo_details\/?gallery_id=20&image_id=996\">\r\n                <img alt=\"cartes_baobab_sagole_100x200\" src=\"https:\/\/arbresvenerables.arborethic.com\/blog\/wp-content\/uploads\/simple_photo_gallery\/20\/cartes_Baobab_Sagole_100x200.jpg\">\r\n            <\/a>\r\n\t<\/div><!-- end of .wpsg-t3-item -->\r\n    \t<div class=\"wpsg-t3-item\">\r\n            <a class=\"wppg_popup\" title=\"cartes_Bristlecone_100x200\" href=\"https:\/\/arbresvenerables.arborethic.com\/blog\/index.php\/wppg_photo_details\/?gallery_id=20&image_id=997\">\r\n                <img alt=\"cartes_bristlecone_100x200\" src=\"https:\/\/arbresvenerables.arborethic.com\/blog\/wp-content\/uploads\/simple_photo_gallery\/20\/cartes_Bristlecone_100x200.jpg\">\r\n            <\/a>\r\n\t<\/div><!-- end of .wpsg-t3-item -->\r\n    \t<div class=\"wpsg-t3-item\">\r\n            <a class=\"wppg_popup\" title=\"cartes_camphrier_Kamou_100x200\" href=\"https:\/\/arbresvenerables.arborethic.com\/blog\/index.php\/wppg_photo_details\/?gallery_id=20&image_id=998\">\r\n                <img alt=\"cartes_camphrier_kamou_100x200\" src=\"https:\/\/arbresvenerables.arborethic.com\/blog\/wp-content\/uploads\/simple_photo_gallery\/20\/cartes_camphrier_Kamou_100x200.jpg\">\r\n            <\/a>\r\n\t<\/div><!-- end of .wpsg-t3-item -->\r\n    \t<div class=\"wpsg-t3-item\">\r\n            <a class=\"wppg_popup\" title=\"cartes_chene_Dobby_100x200\" href=\"https:\/\/arbresvenerables.arborethic.com\/blog\/index.php\/wppg_photo_details\/?gallery_id=20&image_id=999\">\r\n                <img alt=\"cartes_chene_dobby_100x200\" src=\"https:\/\/arbresvenerables.arborethic.com\/blog\/wp-content\/uploads\/simple_photo_gallery\/20\/cartes_chene_Dobby_100x200.jpg\">\r\n            <\/a>\r\n\t<\/div><!-- end of .wpsg-t3-item -->\r\n    \t<div class=\"wpsg-t3-item\">\r\n            <a class=\"wppg_popup\" title=\"cartes_coniferes_2_100x200\" href=\"https:\/\/arbresvenerables.arborethic.com\/blog\/index.php\/wppg_photo_details\/?gallery_id=20&image_id=1000\">\r\n                <img alt=\"cartes_coniferes_2_100x200\" src=\"https:\/\/arbresvenerables.arborethic.com\/blog\/wp-content\/uploads\/simple_photo_gallery\/20\/cartes_coniferes_2_100x200.jpg\">\r\n            <\/a>\r\n\t<\/div><!-- end of .wpsg-t3-item -->\r\n    \t<div class=\"wpsg-t3-item\">\r\n            <a class=\"wppg_popup\" title=\"cartes_cypres_Tule_100x200\" href=\"https:\/\/arbresvenerables.arborethic.com\/blog\/index.php\/wppg_photo_details\/?gallery_id=20&image_id=1001\">\r\n                <img alt=\"cartes_cypres_tule_100x200\" src=\"https:\/\/arbresvenerables.arborethic.com\/blog\/wp-content\/uploads\/simple_photo_gallery\/20\/cartes_cypres_Tule_100x200.jpg\">\r\n            <\/a>\r\n\t<\/div><!-- end of .wpsg-t3-item -->\r\n    \t<div class=\"wpsg-t3-item\">\r\n            <a class=\"wppg_popup\" title=\"cartes_Ginkgo_Dinglin_100x200\" href=\"https:\/\/arbresvenerables.arborethic.com\/blog\/index.php\/wppg_photo_details\/?gallery_id=20&image_id=1002\">\r\n                <img alt=\"cartes_ginkgo_dinglin_100x200\" src=\"https:\/\/arbresvenerables.arborethic.com\/blog\/wp-content\/uploads\/simple_photo_gallery\/20\/cartes_Ginkgo_Dinglin_100x200.jpg\">\r\n            <\/a>\r\n\t<\/div><!-- end of .wpsg-t3-item -->\r\n    \t<div class=\"wpsg-t3-item\">\r\n            <a class=\"wppg_popup\" title=\"cartes_olivier_roquebrune_100x200\" href=\"https:\/\/arbresvenerables.arborethic.com\/blog\/index.php\/wppg_photo_details\/?gallery_id=20&image_id=1003\">\r\n                <img alt=\"cartes_olivier_roquebrune_100x200\" src=\"https:\/\/arbresvenerables.arborethic.com\/blog\/wp-content\/uploads\/simple_photo_gallery\/20\/cartes_olivier_roquebrune_100x200.jpg\">\r\n            <\/a>\r\n\t<\/div><!-- end of .wpsg-t3-item -->\r\n    \t<div class=\"wpsg-t3-item\">\r\n            <a class=\"wppg_popup\" title=\"cartes_pin_huon_100x200\" href=\"https:\/\/arbresvenerables.arborethic.com\/blog\/index.php\/wppg_photo_details\/?gallery_id=20&image_id=1004\">\r\n                <img alt=\"cartes_pin_huon_100x200\" src=\"https:\/\/arbresvenerables.arborethic.com\/blog\/wp-content\/uploads\/simple_photo_gallery\/20\/cartes_pin_huon_100x200.jpg\">\r\n            <\/a>\r\n\t<\/div><!-- end of .wpsg-t3-item -->\r\n    \t<div class=\"wpsg-t3-item\">\r\n            <a class=\"wppg_popup\" title=\"cartes_Styx_Valley_Tasmanie_100x200\" href=\"https:\/\/arbresvenerables.arborethic.com\/blog\/index.php\/wppg_photo_details\/?gallery_id=20&image_id=1005\">\r\n                <img alt=\"cartes_styx_valley_tasmanie_100x200\" src=\"https:\/\/arbresvenerables.arborethic.com\/blog\/wp-content\/uploads\/simple_photo_gallery\/20\/cartes_Styx_Valley_Tasmanie_100x200.jpg\">\r\n            <\/a>\r\n\t<\/div><!-- end of .wpsg-t3-item -->\r\n    \t<div class=\"wpsg-t3-item\">\r\n            <a class=\"wppg_popup\" title=\"Les Arbres V\u00e9n\u00e9rables\" href=\"https:\/\/arbresvenerables.arborethic.com\/blog\/index.php\/wppg_photo_details\/?gallery_id=20&image_id=1006\">\r\n                <img alt=\"les-arbres-venerables-2\" src=\"https:\/\/arbresvenerables.arborethic.com\/blog\/wp-content\/uploads\/simple_photo_gallery\/20\/Monde_Arbres_venerables_80x100bis.jpg\">\r\n            <\/a>\r\n\t<\/div><!-- end of .wpsg-t3-item -->\r\n    \t<div class=\"wpsg-t3-item\">\r\n            <a class=\"wppg_popup\" title=\"PIN_HUON_001_A4\" href=\"https:\/\/arbresvenerables.arborethic.com\/blog\/index.php\/wppg_photo_details\/?gallery_id=20&image_id=1007\">\r\n                <img alt=\"pin_huon_001_a4\" src=\"https:\/\/arbresvenerables.arborethic.com\/blog\/wp-content\/uploads\/simple_photo_gallery\/20\/PIN_HUON_001_A4.jpg\">\r\n            <\/a>\r\n\t<\/div><!-- end of .wpsg-t3-item -->\r\n            <div class=\"clear\"><\/div>\r\n                \r\n        <\/div> <!--end wppg-gallery-display div --> \r\n       \r\n     \r\n<!-- Masonry stuff -->\r\n<script type=\"text\/javascript\" src=\"https:\/\/arbresvenerables.arborethic.com\/blog\/wp-content\/plugins\/simple-photo-gallery\/js\/masonry.pkgd.min.js?ver=1.8.1\"><\/script><script type=\"text\/javascript\">\r\nwindow.onload = function(){ \r\nvar container = document.querySelector('#wppg-gallery-template-3');\r\nvar msnry = new Masonry( container, {\r\n  \/\/ options\r\n  columnWidth: '.wpsg-t3-item',\r\n  itemSelector: '.wpsg-t3-item'\r\n});\r\n}\r\n<\/script>\r\n<!-- End Masonry stuff -->\r\n\r\n\r\n\n","protected":false},"excerpt":{"rendered":"<p>Exposition p\u00e9dagogique \u00ab\u00a0cl\u00e9 en mains\u00a0\u00bb bilingue. Une belle exposition photographique, imprim\u00e9e sur maille drapeau, repr\u00e9sentant les plus anciens arbres de la plan\u00e8te, \u00e2g\u00e9s entre 1000 et 10500 ans\u00a0! Un beau support pour les m\u00e9diath\u00e8ques, les coll\u00e8ges, les lyc\u00e9es&#8230;.les arboretums&#8230;. Cette exposition est compos\u00e9e de&#8230;<\/p>\n","protected":false},"author":1,"featured_media":0,"parent":263,"menu_order":0,"comment_status":"closed","ping_status":"closed","template":"","meta":{"_mi_skip_tracking":false,"_monsterinsights_sitenote_active":false,"_monsterinsights_sitenote_note":"","_monsterinsights_sitenote_category":0},"_links":{"self":[{"href":"https:\/\/arbresvenerables.arborethic.com\/blog\/index.php\/wp-json\/wp\/v2\/pages\/1008"}],"collection":[{"href":"https:\/\/arbresvenerables.arborethic.com\/blog\/index.php\/wp-json\/wp\/v2\/pages"}],"about":[{"href":"https:\/\/arbresvenerables.arborethic.com\/blog\/index.php\/wp-json\/wp\/v2\/types\/page"}],"author":[{"embeddable":true,"href":"https:\/\/arbresvenerables.arborethic.com\/blog\/index.php\/wp-json\/wp\/v2\/users\/1"}],"replies":[{"embeddable":true,"href":"https:\/\/arbresvenerables.arborethic.com\/blog\/index.php\/wp-json\/wp\/v2\/comments?post=1008"}],"version-history":[{"count":2,"href":"https:\/\/arbresvenerables.arborethic.com\/blog\/index.php\/wp-json\/wp\/v2\/pages\/1008\/revisions"}],"predecessor-version":[{"id":1011,"href":"https:\/\/arbresvenerables.arborethic.com\/blog\/index.php\/wp-json\/wp\/v2\/pages\/1008\/revisions\/1011"}],"up":[{"embeddable":true,"href":"https:\/\/arbresvenerables.arborethic.com\/blog\/index.php\/wp-json\/wp\/v2\/pages\/263"}],"wp:attachment":[{"href":"https:\/\/arbresvenerables.arborethic.com\/blog\/index.php\/wp-json\/wp\/v2\/media?parent=1008"}],"curies":[{"name":"wp","href":"https:\/\/api.w.org\/{rel}","templated":true}]}}